{"id":2235,"date":"2021-11-12T16:00:59","date_gmt":"2021-11-12T16:00:59","guid":{"rendered":"https:\/\/viktoria-naturally.com\/?page_id=2235"},"modified":"2024-07-16T14:29:21","modified_gmt":"2024-07-16T12:29:21","slug":"o-nama","status":"publish","type":"page","link":"https:\/\/viktoria-naturally.com\/en\/o-nama\/","title":{"rendered":"ABOUT US"},"content":{"rendered":"<div data-elementor-type=\"wp-page\" data-elementor-id=\"2235\" class=\"elementor elementor-2235\" data-elementor-post-type=\"page\">\n\t\t\t\t<div class=\"elementor-element elementor-element-7098afae e-flex e-con-boxed e-con e-parent\" data-id=\"7098afae\" data-element_type=\"container\" data-settings=\"{&quot;background_background&quot;:&quot;classic&quot;}\">\n\t\t\t\t\t<div class=\"e-con-inner\">\n\t\t\t\t<div class=\"elementor-element elementor-element-1694e1cf elementor-widget elementor-widget-spacer\" data-id=\"1694e1cf\" data-element_type=\"widget\" data-widget_type=\"spacer.default\">\n\t\t\t\t\t\t\t<div class=\"elementor-spacer\">\n\t\t\t<div class=\"elementor-spacer-inner\"><\/div>\n\t\t<\/div>\n\t\t\t\t\t\t<\/div>\n\t\t\t\t<div class=\"elementor-element elementor-element-3df4c5bc elementor-widget elementor-widget-heading\" data-id=\"3df4c5bc\" data-element_type=\"widget\" data-widget_type=\"heading.default\">\n\t\t\t\t\t<h1 class=\"elementor-heading-title elementor-size-default\">Who are we?<\/h1>\t\t\t\t<\/div>\n\t\t\t\t<div class=\"elementor-element elementor-element-2d76af0 elementor-widget elementor-widget-spacer\" data-id=\"2d76af0\" data-element_type=\"widget\" data-widget_type=\"spacer.default\">\n\t\t\t\t\t\t\t<div class=\"elementor-spacer\">\n\t\t\t<div class=\"elementor-spacer-inner\"><\/div>\n\t\t<\/div>\n\t\t\t\t\t\t<\/div>\n\t\t\t\t\t<\/div>\n\t\t\t\t<\/div>\n\t\t\t\t<section class=\"elementor-section elementor-top-section elementor-element elementor-element-37365f9 elementor-section-boxed elementor-section-height-default elementor-section-height-default\" data-id=\"37365f9\" data-element_type=\"section\" data-settings=\"{&quot;background_background&quot;:&quot;classic&quot;}\">\n\t\t\t\t\t\t\t<div class=\"elementor-background-overlay\"><\/div>\n\t\t\t\t\t\t\t<div class=\"elementor-container elementor-column-gap-default\">\n\t\t\t\t\t<div class=\"elementor-column elementor-col-100 elementor-top-column elementor-element elementor-element-3ed6d1c\" data-id=\"3ed6d1c\" data-element_type=\"column\">\n\t\t\t<div class=\"elementor-widget-wrap elementor-element-populated\">\n\t\t\t\t\t\t<section class=\"elementor-section elementor-inner-section elementor-element elementor-element-9c2197f elementor-section-full_width elementor-section-content-middle elementor-section-height-default elementor-section-height-default\" data-id=\"9c2197f\" data-element_type=\"section\">\n\t\t\t\t\t\t<div class=\"elementor-container elementor-column-gap-extended\">\n\t\t\t\t\t<div class=\"elementor-column elementor-col-50 elementor-inner-column elementor-element elementor-element-de8144a\" data-id=\"de8144a\" data-element_type=\"column\">\n\t\t\t<div class=\"elementor-widget-wrap elementor-element-populated\">\n\t\t\t\t\t\t<div class=\"elementor-element elementor-element-7a9e55f elementor-widget elementor-widget-image\" data-id=\"7a9e55f\" data-element_type=\"widget\" data-widget_type=\"image.default\">\n\t\t\t\t\t\t\t\t\t\t\t\t\t\t\t<img fetchpriority=\"high\" decoding=\"async\" width=\"900\" height=\"969\" src=\"https:\/\/viktoria-naturally.com\/wp-content\/uploads\/2021\/11\/poklon-paket-magarece-mlijeko-i-losion-2.jpg\" class=\"attachment-full size-full wp-image-3585\" alt=\"\" srcset=\"https:\/\/viktoria-naturally.com\/wp-content\/uploads\/2021\/11\/poklon-paket-magarece-mlijeko-i-losion-2.jpg 900w, https:\/\/viktoria-naturally.com\/wp-content\/uploads\/2021\/11\/poklon-paket-magarece-mlijeko-i-losion-2-279x300.jpg 279w, https:\/\/viktoria-naturally.com\/wp-content\/uploads\/2021\/11\/poklon-paket-magarece-mlijeko-i-losion-2-768x827.jpg 768w, https:\/\/viktoria-naturally.com\/wp-content\/uploads\/2021\/11\/poklon-paket-magarece-mlijeko-i-losion-2-11x12.jpg 11w, https:\/\/viktoria-naturally.com\/wp-content\/uploads\/2021\/11\/poklon-paket-magarece-mlijeko-i-losion-2-600x646.jpg 600w\" sizes=\"(max-width: 900px) 100vw, 900px\" \/>\t\t\t\t\t\t\t\t\t\t\t\t\t\t\t<\/div>\n\t\t\t\t\t<\/div>\n\t\t<\/div>\n\t\t\t\t<div class=\"elementor-column elementor-col-50 elementor-inner-column elementor-element elementor-element-1257d9f\" data-id=\"1257d9f\" data-element_type=\"column\">\n\t\t\t<div class=\"elementor-widget-wrap elementor-element-populated\">\n\t\t\t\t\t\t<div class=\"elementor-element elementor-element-8cfb0b4 elementor-widget elementor-widget-heading\" data-id=\"8cfb0b4\" data-element_type=\"widget\" data-widget_type=\"heading.default\">\n\t\t\t\t\t<h2 class=\"elementor-heading-title elementor-size-default\">How did we get started<\/h2>\t\t\t\t<\/div>\n\t\t\t\t<div class=\"elementor-element elementor-element-203db8d elementor-widget elementor-widget-text-editor\" data-id=\"203db8d\" data-element_type=\"widget\" data-widget_type=\"text-editor.default\">\n\t\t\t\t\t\t\t\t\t<p>Caught in the rhythm of modern life, at one point we realized that we needed to do something for\nourselves, something that would have a healing effect on us and help us cope with the hectic\neveryday life. So, we decided to plant IMMORTELLE on our family property in Raducic. Working\nin the field tired our bodies, but it certainly rested our souls and this dragged us more and more into\nnature.\nCicero said a long time ago, &quot;If we follow nature as our leader, we will never get lost&quot; and so,\nguided by this thought, we created the immortelle plantation, also planted an almond and iris\nplantation, equipped and registered a laboratory for cosmetics and headed to our small adventure.\nHaving lived for a long time between Dalmatia and Italy, we have taken the best of both cultures\nand we gained the education so that we can interact with nature in the right way. We were pleased to\nstudy the sectors of aromatherapy, natural cosmetics, cultivation and processing of medicinal plants\nin Croatia as well as in Italy and France.<\/p>\t\t\t\t\t\t\t\t<\/div>\n\t\t\t\t\t<\/div>\n\t\t<\/div>\n\t\t\t\t\t<\/div>\n\t\t<\/section>\n\t\t\t\t<section class=\"elementor-section elementor-inner-section elementor-element elementor-element-56add6e elementor-section-content-middle elementor-section-boxed elementor-section-height-default elementor-section-height-default\" data-id=\"56add6e\" data-element_type=\"section\">\n\t\t\t\t\t\t<div class=\"elementor-container elementor-column-gap-extended\">\n\t\t\t\t\t<div class=\"elementor-column elementor-col-50 elementor-inner-column elementor-element elementor-element-7dbd659\" data-id=\"7dbd659\" data-element_type=\"column\">\n\t\t\t<div class=\"elementor-widget-wrap elementor-element-populated\">\n\t\t\t\t\t\t<div class=\"elementor-element elementor-element-1c45762 elementor-widget elementor-widget-heading\" data-id=\"1c45762\" data-element_type=\"widget\" data-widget_type=\"heading.default\">\n\t\t\t\t\t<h2 class=\"elementor-heading-title elementor-size-default\">What do we offer?<\/h2>\t\t\t\t<\/div>\n\t\t\t\t<div class=\"elementor-element elementor-element-17a0646 elementor-widget elementor-widget-text-editor\" data-id=\"17a0646\" data-element_type=\"widget\" data-widget_type=\"text-editor.default\">\n\t\t\t\t\t\t\t\t\t<p>Today, we are proud to offer you a line of cosmetics that is completely natural, from the first leaf\nthatin spring turns green, to fragrant soap, medicinal balms and creams in your hands. Our organic\ngrown plantation is certified by BIOTECHNICON and the quality of our products is confirmed by\nall those who have had the opportunity to try them. Because of all this, when asked WHAT WE\nOFFER, we will answer that we offer SAFETY, because using our products you can be sure that\nyou have applied to your skin natural elements combined in the best possible combination; we offer\nEFFORT, because we did not choose an easy way of production, but the most healthy one; and\n\nmost importantly we offer LOVE because we carefully formulated each product primarily for our\nfamily and now we are happy to share it with you!<\/p>\t\t\t\t\t\t\t\t<\/div>\n\t\t\t\t\t<\/div>\n\t\t<\/div>\n\t\t\t\t<div class=\"elementor-column elementor-col-50 elementor-inner-column elementor-element elementor-element-424884e\" data-id=\"424884e\" data-element_type=\"column\">\n\t\t\t<div class=\"elementor-widget-wrap elementor-element-populated\">\n\t\t\t\t\t\t<div class=\"elementor-element elementor-element-21ae400 elementor-widget elementor-widget-image\" data-id=\"21ae400\" data-element_type=\"widget\" data-widget_type=\"image.default\">\n\t\t\t\t\t\t\t\t\t\t\t\t\t\t\t<img decoding=\"async\" width=\"940\" height=\"986\" src=\"https:\/\/viktoria-naturally.com\/wp-content\/uploads\/2024\/07\/VIK-Featured-SmiljeLice.jpg\" class=\"attachment-full size-full wp-image-7143\" alt=\"\" srcset=\"https:\/\/viktoria-naturally.com\/wp-content\/uploads\/2024\/07\/VIK-Featured-SmiljeLice.jpg 940w, https:\/\/viktoria-naturally.com\/wp-content\/uploads\/2024\/07\/VIK-Featured-SmiljeLice-286x300.jpg 286w, https:\/\/viktoria-naturally.com\/wp-content\/uploads\/2024\/07\/VIK-Featured-SmiljeLice-768x806.jpg 768w, https:\/\/viktoria-naturally.com\/wp-content\/uploads\/2024\/07\/VIK-Featured-SmiljeLice-11x12.jpg 11w, https:\/\/viktoria-naturally.com\/wp-content\/uploads\/2024\/07\/VIK-Featured-SmiljeLice-600x629.jpg 600w\" sizes=\"(max-width: 940px) 100vw, 940px\" \/>\t\t\t\t\t\t\t\t\t\t\t\t\t\t\t<\/div>\n\t\t\t\t\t<\/div>\n\t\t<\/div>\n\t\t\t\t\t<\/div>\n\t\t<\/section>\n\t\t\t\t<div class=\"elementor-element elementor-element-2783589 elementor-widget-divider--view-line elementor-widget elementor-widget-divider\" data-id=\"2783589\" data-element_type=\"widget\" data-widget_type=\"divider.default\">\n\t\t\t\t\t\t\t<div class=\"elementor-divider\">\n\t\t\t<span class=\"elementor-divider-separator\">\n\t\t\t\t\t\t<\/span>\n\t\t<\/div>\n\t\t\t\t\t\t<\/div>\n\t\t\t\t<div class=\"elementor-element elementor-element-627d2e8 elementor-widget elementor-widget-heading\" data-id=\"627d2e8\" data-element_type=\"widget\" data-widget_type=\"heading.default\">\n\t\t\t\t\t<h2 class=\"elementor-heading-title elementor-size-default\">Our goals<\/h2>\t\t\t\t<\/div>\n\t\t\t\t<div class=\"elementor-element elementor-element-1983d0b elementor-widget elementor-widget-text-editor\" data-id=\"1983d0b\" data-element_type=\"widget\" data-widget_type=\"text-editor.default\">\n\t\t\t\t\t\t\t\t\t<p>At the beginning of this story, our goal was to provide ourselves with a small &quot;escape&quot; into nature,\nproviding our family with completely natural and irresistibly fragrant skin care products. Now that\nthings have got serious, we want to prove that the Dalmatian country is not as stingy as it is often\nattributed to, and that if you treat it with special care, along with famous dalmatian stubbornness, it\ncan give you very valuable fruits!<\/p>\t\t\t\t\t\t\t\t<\/div>\n\t\t\t\t<div class=\"elementor-element elementor-element-08bc9a9 elementor-widget elementor-widget-heading\" data-id=\"08bc9a9\" data-element_type=\"widget\" data-widget_type=\"heading.default\">\n\t\t\t\t\t<h2 class=\"elementor-heading-title elementor-size-default\">Our vision of natural cosmetics<\/h2>\t\t\t\t<\/div>\n\t\t\t\t<div class=\"elementor-element elementor-element-0e3e067 elementor-widget elementor-widget-text-editor\" data-id=\"0e3e067\" data-element_type=\"widget\" data-widget_type=\"text-editor.default\">\n\t\t\t\t\t\t\t\t\t<p>From the very beginning, our idea was to create products from the soil, the plant - to the final product.\nWe have turned our love and desire into natural cosmetics for all skin types. Effective natural oils and active ingredients, carefully selected, of the highest quality, are the foundation of every product.\nOne of the basic ingredients, immortelle, is harvested on our plantation, distilled, and converted into high quality cosmetics in our laboratory equipped with the latest principles.\nWe use essential oil of immortelle to add value to our preparations. The immortelle perfume seems to be  always in contact with the earth itself, as if it reminds us continuously where it comes from and where we come from, and in how inhospitable terrain has grown.\nWe added the immortelle to our creams truly generously, both in the form of essential oil, as well as in the form of hydrolates and macerates. This luxurious essential oil and hydrolate, of Mediterranean origin, are the golden standard for skin that cares for moisture and nourishment.<\/p>\t\t\t\t\t\t\t\t<\/div>\n\t\t\t\t\t<\/div>\n\t\t<\/div>\n\t\t\t\t\t<\/div>\n\t\t<\/section>\n\t\t\t\t<\/div>","protected":false},"excerpt":{"rendered":"<p>Tko smo mi? Kako smo po\u010deli Uhva\u0107eni u ritmu suvremenog \u017eivota, u jednom trenutku smo shvatili da moramo uraditi ne\u0161to za sebe, ne\u0161to \u0161to \u0107e na nas djelovati ljekovito i pomo\u0107i nam da se lak\u0161e nosimo sa u\u017eurbanom svakodnevicom. Tako smo odlu\u010dili da na svom obiteljskom gospodarstvu u Radu\u010di\u0107u posadimo smilje. Rad na polju umarao [&hellip;]<\/p>\n","protected":false},"author":1,"featured_media":0,"parent":0,"menu_order":0,"comment_status":"closed","ping_status":"closed","template":"elementor_header_footer","meta":{"inline_featured_image":false,"footnotes":""},"class_list":["post-2235","page","type-page","status-publish","hentry"],"yoast_head":"<!-- This site is optimized with the Yoast SEO plugin v27.0 - https:\/\/yoast.com\/product\/yoast-seo-wordpress\/ -->\n<title>Viktoria &#8902; O nama<\/title>\n<meta name=\"description\" content=\"prirodna kozmetika\" \/>\n<meta name=\"robots\" content=\"index, follow, max-snippet:-1, max-image-preview:large, max-video-preview:-1\" \/>\n<link rel=\"canonical\" href=\"https:\/\/viktoria-naturally.com\/en\/o-nama\/\" \/>\n<meta property=\"og:locale\" content=\"en_US\" \/>\n<meta property=\"og:type\" content=\"article\" \/>\n<meta property=\"og:title\" content=\"Viktoria &#8902; O nama\" \/>\n<meta property=\"og:description\" content=\"prirodna kozmetika\" \/>\n<meta property=\"og:url\" content=\"https:\/\/viktoria-naturally.com\/en\/o-nama\/\" \/>\n<meta property=\"og:site_name\" content=\"Viktoria\" \/>\n<meta property=\"article:publisher\" content=\"https:\/\/www.facebook.com\/Viktoria-Naturally-106938890909388\/\" \/>\n<meta property=\"article:modified_time\" content=\"2024-07-16T12:29:21+00:00\" \/>\n<meta property=\"og:image\" content=\"https:\/\/viktoria-naturally.com\/wp-content\/uploads\/2021\/11\/poklon-paket-magarece-mlijeko-i-losion-2.jpg\" \/>\n<meta name=\"twitter:card\" content=\"summary_large_image\" \/>\n<meta name=\"twitter:label1\" content=\"Est. reading time\" \/>\n\t<meta name=\"twitter:data1\" content=\"4 minutes\" \/>\n<script type=\"application\/ld+json\" class=\"yoast-schema-graph\">{\"@context\":\"https:\/\/schema.org\",\"@graph\":[{\"@type\":\"WebPage\",\"@id\":\"https:\/\/viktoria-naturally.com\/o-nama\/\",\"url\":\"https:\/\/viktoria-naturally.com\/o-nama\/\",\"name\":\"Viktoria &#8902; O nama\",\"isPartOf\":{\"@id\":\"https:\/\/viktoria-naturally.com\/#website\"},\"primaryImageOfPage\":{\"@id\":\"https:\/\/viktoria-naturally.com\/o-nama\/#primaryimage\"},\"image\":{\"@id\":\"https:\/\/viktoria-naturally.com\/o-nama\/#primaryimage\"},\"thumbnailUrl\":\"https:\/\/viktoria-naturally.com\/wp-content\/uploads\/2021\/11\/poklon-paket-magarece-mlijeko-i-losion-2.jpg\",\"datePublished\":\"2021-11-12T16:00:59+00:00\",\"dateModified\":\"2024-07-16T12:29:21+00:00\",\"description\":\"prirodna kozmetika\",\"breadcrumb\":{\"@id\":\"https:\/\/viktoria-naturally.com\/o-nama\/#breadcrumb\"},\"inLanguage\":\"en-US\",\"potentialAction\":[{\"@type\":\"ReadAction\",\"target\":[\"https:\/\/viktoria-naturally.com\/o-nama\/\"]}]},{\"@type\":\"ImageObject\",\"inLanguage\":\"en-US\",\"@id\":\"https:\/\/viktoria-naturally.com\/o-nama\/#primaryimage\",\"url\":\"https:\/\/viktoria-naturally.com\/wp-content\/uploads\/2021\/11\/poklon-paket-magarece-mlijeko-i-losion-2.jpg\",\"contentUrl\":\"https:\/\/viktoria-naturally.com\/wp-content\/uploads\/2021\/11\/poklon-paket-magarece-mlijeko-i-losion-2.jpg\"},{\"@type\":\"BreadcrumbList\",\"@id\":\"https:\/\/viktoria-naturally.com\/o-nama\/#breadcrumb\",\"itemListElement\":[{\"@type\":\"ListItem\",\"position\":1,\"name\":\"Po\u010detna stranica\",\"item\":\"https:\/\/viktoria-naturally.com\/\"},{\"@type\":\"ListItem\",\"position\":2,\"name\":\"O nama\"}]},{\"@type\":\"WebSite\",\"@id\":\"https:\/\/viktoria-naturally.com\/#website\",\"url\":\"https:\/\/viktoria-naturally.com\/\",\"name\":\"Viktoria Naturally\",\"description\":\"prirodna kozmetika\",\"publisher\":{\"@id\":\"https:\/\/viktoria-naturally.com\/#organization\"},\"potentialAction\":[{\"@type\":\"SearchAction\",\"target\":{\"@type\":\"EntryPoint\",\"urlTemplate\":\"https:\/\/viktoria-naturally.com\/?s={search_term_string}\"},\"query-input\":{\"@type\":\"PropertyValueSpecification\",\"valueRequired\":true,\"valueName\":\"search_term_string\"}}],\"inLanguage\":\"en-US\"},{\"@type\":\"Organization\",\"@id\":\"https:\/\/viktoria-naturally.com\/#organization\",\"name\":\"Viktoria-naturally\",\"url\":\"https:\/\/viktoria-naturally.com\/\",\"logo\":{\"@type\":\"ImageObject\",\"inLanguage\":\"en-US\",\"@id\":\"https:\/\/viktoria-naturally.com\/#\/schema\/logo\/image\/\",\"url\":\"https:\/\/viktoria-naturally.com\/wp-content\/uploads\/2021\/11\/mali-logo-web.jpg\",\"contentUrl\":\"https:\/\/viktoria-naturally.com\/wp-content\/uploads\/2021\/11\/mali-logo-web.jpg\",\"width\":512,\"height\":512,\"caption\":\"Viktoria-naturally\"},\"image\":{\"@id\":\"https:\/\/viktoria-naturally.com\/#\/schema\/logo\/image\/\"},\"sameAs\":[\"https:\/\/www.facebook.com\/Viktoria-Naturally-106938890909388\/\",\"https:\/\/www.instagram.com\/viktoria_naturally\/\"]}]}<\/script>\n<!-- \/ Yoast SEO plugin. -->","yoast_head_json":{"title":"Viktoria &#8902; O nama","description":"natural cosmetics","robots":{"index":"index","follow":"follow","max-snippet":"max-snippet:-1","max-image-preview":"max-image-preview:large","max-video-preview":"max-video-preview:-1"},"canonical":"https:\/\/viktoria-naturally.com\/en\/o-nama\/","og_locale":"en_US","og_type":"article","og_title":"Viktoria &#8902; O nama","og_description":"prirodna kozmetika","og_url":"https:\/\/viktoria-naturally.com\/en\/o-nama\/","og_site_name":"Viktoria","article_publisher":"https:\/\/www.facebook.com\/Viktoria-Naturally-106938890909388\/","article_modified_time":"2024-07-16T12:29:21+00:00","og_image":[{"url":"https:\/\/viktoria-naturally.com\/wp-content\/uploads\/2021\/11\/poklon-paket-magarece-mlijeko-i-losion-2.jpg","type":"","width":"","height":""}],"twitter_card":"summary_large_image","twitter_misc":{"Est. reading time":"4 minutes"},"schema":{"@context":"https:\/\/schema.org","@graph":[{"@type":"WebPage","@id":"https:\/\/viktoria-naturally.com\/o-nama\/","url":"https:\/\/viktoria-naturally.com\/o-nama\/","name":"Viktoria &#8902; O nama","isPartOf":{"@id":"https:\/\/viktoria-naturally.com\/#website"},"primaryImageOfPage":{"@id":"https:\/\/viktoria-naturally.com\/o-nama\/#primaryimage"},"image":{"@id":"https:\/\/viktoria-naturally.com\/o-nama\/#primaryimage"},"thumbnailUrl":"https:\/\/viktoria-naturally.com\/wp-content\/uploads\/2021\/11\/poklon-paket-magarece-mlijeko-i-losion-2.jpg","datePublished":"2021-11-12T16:00:59+00:00","dateModified":"2024-07-16T12:29:21+00:00","description":"natural cosmetics","breadcrumb":{"@id":"https:\/\/viktoria-naturally.com\/o-nama\/#breadcrumb"},"inLanguage":"en-US","potentialAction":[{"@type":"ReadAction","target":["https:\/\/viktoria-naturally.com\/o-nama\/"]}]},{"@type":"ImageObject","inLanguage":"en-US","@id":"https:\/\/viktoria-naturally.com\/o-nama\/#primaryimage","url":"https:\/\/viktoria-naturally.com\/wp-content\/uploads\/2021\/11\/poklon-paket-magarece-mlijeko-i-losion-2.jpg","contentUrl":"https:\/\/viktoria-naturally.com\/wp-content\/uploads\/2021\/11\/poklon-paket-magarece-mlijeko-i-losion-2.jpg"},{"@type":"BreadcrumbList","@id":"https:\/\/viktoria-naturally.com\/o-nama\/#breadcrumb","itemListElement":[{"@type":"ListItem","position":1,"name":"Po\u010detna stranica","item":"https:\/\/viktoria-naturally.com\/"},{"@type":"ListItem","position":2,"name":"O nama"}]},{"@type":"WebSite","@id":"https:\/\/viktoria-naturally.com\/#website","url":"https:\/\/viktoria-naturally.com\/","name":"Viktoria Naturally","description":"natural cosmetics","publisher":{"@id":"https:\/\/viktoria-naturally.com\/#organization"},"potentialAction":[{"@type":"SearchAction","target":{"@type":"EntryPoint","urlTemplate":"https:\/\/viktoria-naturally.com\/?s={search_term_string}"},"query-input":{"@type":"PropertyValueSpecification","valueRequired":true,"valueName":"search_term_string"}}],"inLanguage":"en-US"},{"@type":"Organization","@id":"https:\/\/viktoria-naturally.com\/#organization","name":"Viktoria-naturally","url":"https:\/\/viktoria-naturally.com\/","logo":{"@type":"ImageObject","inLanguage":"en-US","@id":"https:\/\/viktoria-naturally.com\/#\/schema\/logo\/image\/","url":"https:\/\/viktoria-naturally.com\/wp-content\/uploads\/2021\/11\/mali-logo-web.jpg","contentUrl":"https:\/\/viktoria-naturally.com\/wp-content\/uploads\/2021\/11\/mali-logo-web.jpg","width":512,"height":512,"caption":"Viktoria-naturally"},"image":{"@id":"https:\/\/viktoria-naturally.com\/#\/schema\/logo\/image\/"},"sameAs":["https:\/\/www.facebook.com\/Viktoria-Naturally-106938890909388\/","https:\/\/www.instagram.com\/viktoria_naturally\/"]}]}},"_links":{"self":[{"href":"https:\/\/viktoria-naturally.com\/en\/wp-json\/wp\/v2\/pages\/2235","targetHints":{"allow":["GET"]}}],"collection":[{"href":"https:\/\/viktoria-naturally.com\/en\/wp-json\/wp\/v2\/pages"}],"about":[{"href":"https:\/\/viktoria-naturally.com\/en\/wp-json\/wp\/v2\/types\/page"}],"author":[{"embeddable":true,"href":"https:\/\/viktoria-naturally.com\/en\/wp-json\/wp\/v2\/users\/1"}],"replies":[{"embeddable":true,"href":"https:\/\/viktoria-naturally.com\/en\/wp-json\/wp\/v2\/comments?post=2235"}],"version-history":[{"count":9,"href":"https:\/\/viktoria-naturally.com\/en\/wp-json\/wp\/v2\/pages\/2235\/revisions"}],"predecessor-version":[{"id":7169,"href":"https:\/\/viktoria-naturally.com\/en\/wp-json\/wp\/v2\/pages\/2235\/revisions\/7169"}],"wp:attachment":[{"href":"https:\/\/viktoria-naturally.com\/en\/wp-json\/wp\/v2\/media?parent=2235"}],"curies":[{"name":"wp","href":"https:\/\/api.w.org\/{rel}","templated":true}]}}