{"id":408,"date":"2019-11-27T19:04:31","date_gmt":"2019-11-27T19:04:31","guid":{"rendered":"http:\/\/viktoria-naturally.com\/?page_id=408"},"modified":"2024-01-21T23:31:23","modified_gmt":"2024-01-21T22:31:23","slug":"njega-za-muskarce","status":"publish","type":"page","link":"https:\/\/viktoria-naturally.com\/en\/njega-za-muskarce\/","title":{"rendered":"MAN'S CARE"},"content":{"rendered":"<div data-elementor-type=\"wp-page\" data-elementor-id=\"408\" class=\"elementor elementor-408\" data-elementor-post-type=\"page\">\n\t\t\t\t\t\t<section class=\"elementor-section elementor-top-section elementor-element elementor-element-2745455 elementor-section-content-middle elementor-section-boxed elementor-section-height-default elementor-section-height-default\" data-id=\"2745455\" data-element_type=\"section\">\n\t\t\t\t\t\t<div class=\"elementor-container elementor-column-gap-no\">\n\t\t\t\t\t<div class=\"elementor-column elementor-col-100 elementor-top-column elementor-element elementor-element-aa81d17\" data-id=\"aa81d17\" data-element_type=\"column\">\n\t\t\t<div class=\"elementor-widget-wrap elementor-element-populated\">\n\t\t\t\t\t\t<div class=\"elementor-element elementor-element-477a879 elementor-widget elementor-widget-heading\" data-id=\"477a879\" data-element_type=\"widget\" data-widget_type=\"heading.default\">\n\t\t\t\t\t<h2 class=\"elementor-heading-title elementor-size-default\">care for men<\/h2>\t\t\t\t<\/div>\n\t\t\t\t\t<\/div>\n\t\t<\/div>\n\t\t\t\t\t<\/div>\n\t\t<\/section>\n\t\t\t\t<section class=\"elementor-section elementor-top-section elementor-element elementor-element-b3c377b elementor-section-boxed elementor-section-height-default elementor-section-height-default\" data-id=\"b3c377b\" data-element_type=\"section\">\n\t\t\t\t\t\t<div class=\"elementor-container elementor-column-gap-default\">\n\t\t\t\t\t<div class=\"elementor-column elementor-col-100 elementor-top-column elementor-element elementor-element-8dd7ae0\" data-id=\"8dd7ae0\" data-element_type=\"column\">\n\t\t\t<div class=\"elementor-widget-wrap elementor-element-populated\">\n\t\t\t\t\t\t<section class=\"elementor-section elementor-inner-section elementor-element elementor-element-2552563 elementor-section-content-bottom elementor-section-boxed elementor-section-height-default elementor-section-height-default\" data-id=\"2552563\" data-element_type=\"section\">\n\t\t\t\t\t\t<div class=\"elementor-container elementor-column-gap-default\">\n\t\t\t\t\t<div class=\"elementor-column elementor-col-50 elementor-inner-column elementor-element elementor-element-273fb91\" data-id=\"273fb91\" data-element_type=\"column\">\n\t\t\t<div class=\"elementor-widget-wrap elementor-element-populated\">\n\t\t\t\t\t\t<div class=\"elementor-element elementor-element-5e65968 elementor-widget elementor-widget-image\" data-id=\"5e65968\" data-element_type=\"widget\" data-widget_type=\"image.default\">\n\t\t\t\t\t\t\t\t\t\t\t\t<figure class=\"wp-caption\">\n\t\t\t\t\t\t\t\t\t\t<img fetchpriority=\"high\" decoding=\"async\" width=\"800\" height=\"800\" src=\"https:\/\/viktoria-naturally.com\/wp-content\/uploads\/2019\/11\/Immortelle-barba-balm-50ml.png\" class=\"attachment-large size-large wp-image-1583\" alt=\"\" srcset=\"https:\/\/viktoria-naturally.com\/wp-content\/uploads\/2019\/11\/Immortelle-barba-balm-50ml.png 863w, https:\/\/viktoria-naturally.com\/wp-content\/uploads\/2019\/11\/Immortelle-barba-balm-50ml-600x600.png 600w, https:\/\/viktoria-naturally.com\/wp-content\/uploads\/2019\/11\/Immortelle-barba-balm-50ml-100x100.png 100w, https:\/\/viktoria-naturally.com\/wp-content\/uploads\/2019\/11\/Immortelle-barba-balm-50ml-300x300.png 300w, https:\/\/viktoria-naturally.com\/wp-content\/uploads\/2019\/11\/Immortelle-barba-balm-50ml-150x150.png 150w, https:\/\/viktoria-naturally.com\/wp-content\/uploads\/2019\/11\/Immortelle-barba-balm-50ml-768x768.png 768w\" sizes=\"(max-width: 800px) 100vw, 800px\" \/>\t\t\t\t\t\t\t\t\t\t\t<figcaption class=\"widget-image-caption wp-caption-text\"><\/figcaption>\n\t\t\t\t\t\t\t\t\t\t<\/figure>\n\t\t\t\t\t\t\t\t\t<\/div>\n\t\t\t\t<div class=\"elementor-element elementor-element-64c908f elementor-widget elementor-widget-heading\" data-id=\"64c908f\" data-element_type=\"widget\" data-widget_type=\"heading.default\">\n\t\t\t\t\t<h2 class=\"elementor-heading-title elementor-size-default\">beard balm<\/h2>\t\t\t\t<\/div>\n\t\t\t\t<div class=\"elementor-element elementor-element-1bef2ad elementor-widget elementor-widget-text-editor\" data-id=\"1bef2ad\" data-element_type=\"widget\" data-widget_type=\"text-editor.default\">\n\t\t\t\t\t\t\t\t\t<p>Beard balm<\/p>\t\t\t\t\t\t\t\t<\/div>\n\t\t\t\t<div class=\"elementor-element elementor-element-d09d535 elementor-align-justify elementor-widget elementor-widget-button\" data-id=\"d09d535\" data-element_type=\"widget\" data-widget_type=\"button.default\">\n\t\t\t\t\t\t\t\t\t\t<a class=\"elementor-button elementor-button-link elementor-size-md\" href=\"https:\/\/viktoria-naturally.com\/en\/product\/barba-balm-50ml\/\">\n\t\t\t\t\t\t<span class=\"elementor-button-content-wrapper\">\n\t\t\t\t\t\t\t\t\t<span class=\"elementor-button-text\">Buy it<\/span>\n\t\t\t\t\t<\/span>\n\t\t\t\t\t<\/a>\n\t\t\t\t\t\t\t\t<\/div>\n\t\t\t\t\t<\/div>\n\t\t<\/div>\n\t\t\t\t<div class=\"elementor-column elementor-col-50 elementor-inner-column elementor-element elementor-element-60ab176\" data-id=\"60ab176\" data-element_type=\"column\">\n\t\t\t<div class=\"elementor-widget-wrap elementor-element-populated\">\n\t\t\t\t\t\t<div class=\"elementor-element elementor-element-49214a7 elementor-widget elementor-widget-image\" data-id=\"49214a7\" data-element_type=\"widget\" data-widget_type=\"image.default\">\n\t\t\t\t\t\t\t\t\t\t\t\t<figure class=\"wp-caption\">\n\t\t\t\t\t\t\t\t\t\t<img decoding=\"async\" width=\"768\" height=\"768\" src=\"https:\/\/viktoria-naturally.com\/wp-content\/uploads\/2019\/11\/Immortelle-barba-soap-50ml-768x768.png\" class=\"attachment-medium_large size-medium_large wp-image-1586\" alt=\"\" srcset=\"https:\/\/viktoria-naturally.com\/wp-content\/uploads\/2019\/11\/Immortelle-barba-soap-50ml-768x768.png 768w, https:\/\/viktoria-naturally.com\/wp-content\/uploads\/2019\/11\/Immortelle-barba-soap-50ml-600x600.png 600w, https:\/\/viktoria-naturally.com\/wp-content\/uploads\/2019\/11\/Immortelle-barba-soap-50ml-100x100.png 100w, https:\/\/viktoria-naturally.com\/wp-content\/uploads\/2019\/11\/Immortelle-barba-soap-50ml-300x300.png 300w, https:\/\/viktoria-naturally.com\/wp-content\/uploads\/2019\/11\/Immortelle-barba-soap-50ml-150x150.png 150w, https:\/\/viktoria-naturally.com\/wp-content\/uploads\/2019\/11\/Immortelle-barba-soap-50ml.png 863w\" sizes=\"(max-width: 768px) 100vw, 768px\" \/>\t\t\t\t\t\t\t\t\t\t\t<figcaption class=\"widget-image-caption wp-caption-text\"><\/figcaption>\n\t\t\t\t\t\t\t\t\t\t<\/figure>\n\t\t\t\t\t\t\t\t\t<\/div>\n\t\t\t\t<div class=\"elementor-element elementor-element-bffcfe6 elementor-widget elementor-widget-heading\" data-id=\"bffcfe6\" data-element_type=\"widget\" data-widget_type=\"heading.default\">\n\t\t\t\t\t<h2 class=\"elementor-heading-title elementor-size-default\">Barba soap<\/h2>\t\t\t\t<\/div>\n\t\t\t\t<div class=\"elementor-element elementor-element-49ba2d1 elementor-widget elementor-widget-text-editor\" data-id=\"49ba2d1\" data-element_type=\"widget\" data-widget_type=\"text-editor.default\">\n\t\t\t\t\t\t\t\t\t<p>Soap for shaving, cleansing and grooming beards.<\/p>\t\t\t\t\t\t\t\t<\/div>\n\t\t\t\t<div class=\"elementor-element elementor-element-8f3bf20 elementor-align-justify elementor-widget elementor-widget-button\" data-id=\"8f3bf20\" data-element_type=\"widget\" data-widget_type=\"button.default\">\n\t\t\t\t\t\t\t\t\t\t<a class=\"elementor-button elementor-button-link elementor-size-md\" href=\"https:\/\/viktoria-naturally.com\/en\/product\/barba-soap\/\">\n\t\t\t\t\t\t<span class=\"elementor-button-content-wrapper\">\n\t\t\t\t\t\t\t\t\t<span class=\"elementor-button-text\">Buy it<\/span>\n\t\t\t\t\t<\/span>\n\t\t\t\t\t<\/a>\n\t\t\t\t\t\t\t\t<\/div>\n\t\t\t\t\t<\/div>\n\t\t<\/div>\n\t\t\t\t\t<\/div>\n\t\t<\/section>\n\t\t\t\t\t<\/div>\n\t\t<\/div>\n\t\t\t\t\t<\/div>\n\t\t<\/section>\n\t\t\t\t<\/div>","protected":false},"excerpt":{"rendered":"<p>njega za mu\u0161karce barba balm melem za njegu brade Kupi Barba soap Sapun za brijanje, \u010di\u0161\u0107enje i njegu brade i ko\u017ee. Kupi<\/p>","protected":false},"author":1,"featured_media":0,"parent":0,"menu_order":0,"comment_status":"closed","ping_status":"closed","template":"elementor_header_footer","meta":{"inline_featured_image":false,"footnotes":""},"class_list":["post-408","page","type-page","status-publish","hentry"],"yoast_head":"<!-- This site is optimized with the Yoast SEO plugin v27.5 - https:\/\/yoast.com\/product\/yoast-seo-wordpress\/ -->\n<title>Viktoria &#8902; Njega za mu\u0161karce<\/title>\n<meta name=\"description\" content=\"Viktoria natural cosmetics - Njega za mu\u0161karce -Njega brade i lica. Dubinsko hranjenje i hidratiziranje sa \u010distim eteri\u010dnim uljima.\" \/>\n<meta name=\"robots\" content=\"index, follow, max-snippet:-1, max-image-preview:large, max-video-preview:-1\" \/>\n<link rel=\"canonical\" href=\"https:\/\/viktoria-naturally.com\/en\/njega-za-muskarce\/\" \/>\n<meta property=\"og:locale\" content=\"en_US\" \/>\n<meta property=\"og:type\" content=\"article\" \/>\n<meta property=\"og:title\" content=\"Viktoria &#8902; Njega za mu\u0161karce\" \/>\n<meta property=\"og:description\" content=\"Viktoria natural cosmetics - Njega za mu\u0161karce -Njega brade i lica. Dubinsko hranjenje i hidratiziranje sa \u010distim eteri\u010dnim uljima.\" \/>\n<meta property=\"og:url\" content=\"https:\/\/viktoria-naturally.com\/en\/njega-za-muskarce\/\" \/>\n<meta property=\"og:site_name\" content=\"Viktoria\" \/>\n<meta property=\"article:publisher\" content=\"https:\/\/www.facebook.com\/Viktoria-Naturally-106938890909388\/\" \/>\n<meta property=\"article:modified_time\" content=\"2024-01-21T22:31:23+00:00\" \/>\n<meta property=\"og:image\" content=\"https:\/\/viktoria-naturally.com\/wp-content\/uploads\/2019\/11\/Immortelle-barba-balm-50ml.png\" \/>\n<meta name=\"twitter:card\" content=\"summary_large_image\" \/>\n<meta name=\"twitter:label1\" content=\"Est. reading time\" \/>\n\t<meta name=\"twitter:data1\" content=\"1 minute\" \/>\n<script type=\"application\/ld+json\" class=\"yoast-schema-graph\">{\"@context\":\"https:\\\/\\\/schema.org\",\"@graph\":[{\"@type\":\"WebPage\",\"@id\":\"https:\\\/\\\/viktoria-naturally.com\\\/njega-za-muskarce\\\/\",\"url\":\"https:\\\/\\\/viktoria-naturally.com\\\/njega-za-muskarce\\\/\",\"name\":\"Viktoria &#8902; Njega za mu\u0161karce\",\"isPartOf\":{\"@id\":\"https:\\\/\\\/viktoria-naturally.com\\\/#website\"},\"primaryImageOfPage\":{\"@id\":\"https:\\\/\\\/viktoria-naturally.com\\\/njega-za-muskarce\\\/#primaryimage\"},\"image\":{\"@id\":\"https:\\\/\\\/viktoria-naturally.com\\\/njega-za-muskarce\\\/#primaryimage\"},\"thumbnailUrl\":\"https:\\\/\\\/viktoria-naturally.com\\\/wp-content\\\/uploads\\\/2019\\\/11\\\/Immortelle-barba-balm-50ml.png\",\"datePublished\":\"2019-11-27T19:04:31+00:00\",\"dateModified\":\"2024-01-21T22:31:23+00:00\",\"description\":\"Viktoria natural cosmetics - Njega za mu\u0161karce -Njega brade i lica. Dubinsko hranjenje i hidratiziranje sa \u010distim eteri\u010dnim uljima.\",\"breadcrumb\":{\"@id\":\"https:\\\/\\\/viktoria-naturally.com\\\/njega-za-muskarce\\\/#breadcrumb\"},\"inLanguage\":\"en-US\",\"potentialAction\":[{\"@type\":\"ReadAction\",\"target\":[\"https:\\\/\\\/viktoria-naturally.com\\\/njega-za-muskarce\\\/\"]}]},{\"@type\":\"ImageObject\",\"inLanguage\":\"en-US\",\"@id\":\"https:\\\/\\\/viktoria-naturally.com\\\/njega-za-muskarce\\\/#primaryimage\",\"url\":\"https:\\\/\\\/viktoria-naturally.com\\\/wp-content\\\/uploads\\\/2019\\\/11\\\/Immortelle-barba-balm-50ml.png\",\"contentUrl\":\"https:\\\/\\\/viktoria-naturally.com\\\/wp-content\\\/uploads\\\/2019\\\/11\\\/Immortelle-barba-balm-50ml.png\"},{\"@type\":\"BreadcrumbList\",\"@id\":\"https:\\\/\\\/viktoria-naturally.com\\\/njega-za-muskarce\\\/#breadcrumb\",\"itemListElement\":[{\"@type\":\"ListItem\",\"position\":1,\"name\":\"Po\u010detna stranica\",\"item\":\"https:\\\/\\\/viktoria-naturally.com\\\/\"},{\"@type\":\"ListItem\",\"position\":2,\"name\":\"Njega za mu\u0161karce\"}]},{\"@type\":\"WebSite\",\"@id\":\"https:\\\/\\\/viktoria-naturally.com\\\/#website\",\"url\":\"https:\\\/\\\/viktoria-naturally.com\\\/\",\"name\":\"Viktoria Naturally\",\"description\":\"prirodna kozmetika\",\"publisher\":{\"@id\":\"https:\\\/\\\/viktoria-naturally.com\\\/#organization\"},\"potentialAction\":[{\"@type\":\"SearchAction\",\"target\":{\"@type\":\"EntryPoint\",\"urlTemplate\":\"https:\\\/\\\/viktoria-naturally.com\\\/?s={search_term_string}\"},\"query-input\":{\"@type\":\"PropertyValueSpecification\",\"valueRequired\":true,\"valueName\":\"search_term_string\"}}],\"inLanguage\":\"en-US\"},{\"@type\":\"Organization\",\"@id\":\"https:\\\/\\\/viktoria-naturally.com\\\/#organization\",\"name\":\"Viktoria-naturally\",\"url\":\"https:\\\/\\\/viktoria-naturally.com\\\/\",\"logo\":{\"@type\":\"ImageObject\",\"inLanguage\":\"en-US\",\"@id\":\"https:\\\/\\\/viktoria-naturally.com\\\/#\\\/schema\\\/logo\\\/image\\\/\",\"url\":\"https:\\\/\\\/viktoria-naturally.com\\\/wp-content\\\/uploads\\\/2021\\\/11\\\/mali-logo-web.jpg\",\"contentUrl\":\"https:\\\/\\\/viktoria-naturally.com\\\/wp-content\\\/uploads\\\/2021\\\/11\\\/mali-logo-web.jpg\",\"width\":512,\"height\":512,\"caption\":\"Viktoria-naturally\"},\"image\":{\"@id\":\"https:\\\/\\\/viktoria-naturally.com\\\/#\\\/schema\\\/logo\\\/image\\\/\"},\"sameAs\":[\"https:\\\/\\\/www.facebook.com\\\/Viktoria-Naturally-106938890909388\\\/\",\"https:\\\/\\\/www.instagram.com\\\/viktoria_naturally\\\/\"]}]}<\/script>\n<!-- \/ Yoast SEO plugin. -->","yoast_head_json":{"title":"Viktoria &#8902; Njega za mu\u0161karce","description":"Viktoria natural cosmetics - Njega za mu\u0161karce -Njega brade i lica. Dubinsko hranjenje i hidratiziranje sa \u010distim eteri\u010dnim uljima.","robots":{"index":"index","follow":"follow","max-snippet":"max-snippet:-1","max-image-preview":"max-image-preview:large","max-video-preview":"max-video-preview:-1"},"canonical":"https:\/\/viktoria-naturally.com\/en\/njega-za-muskarce\/","og_locale":"en_US","og_type":"article","og_title":"Viktoria &#8902; Njega za mu\u0161karce","og_description":"Viktoria natural cosmetics - Njega za mu\u0161karce -Njega brade i lica. Dubinsko hranjenje i hidratiziranje sa \u010distim eteri\u010dnim uljima.","og_url":"https:\/\/viktoria-naturally.com\/en\/njega-za-muskarce\/","og_site_name":"Viktoria","article_publisher":"https:\/\/www.facebook.com\/Viktoria-Naturally-106938890909388\/","article_modified_time":"2024-01-21T22:31:23+00:00","og_image":[{"url":"https:\/\/viktoria-naturally.com\/wp-content\/uploads\/2019\/11\/Immortelle-barba-balm-50ml.png","type":"","width":"","height":""}],"twitter_card":"summary_large_image","twitter_misc":{"Est. reading time":"1 minute"},"schema":{"@context":"https:\/\/schema.org","@graph":[{"@type":"WebPage","@id":"https:\/\/viktoria-naturally.com\/njega-za-muskarce\/","url":"https:\/\/viktoria-naturally.com\/njega-za-muskarce\/","name":"Viktoria &#8902; Njega za mu\u0161karce","isPartOf":{"@id":"https:\/\/viktoria-naturally.com\/#website"},"primaryImageOfPage":{"@id":"https:\/\/viktoria-naturally.com\/njega-za-muskarce\/#primaryimage"},"image":{"@id":"https:\/\/viktoria-naturally.com\/njega-za-muskarce\/#primaryimage"},"thumbnailUrl":"https:\/\/viktoria-naturally.com\/wp-content\/uploads\/2019\/11\/Immortelle-barba-balm-50ml.png","datePublished":"2019-11-27T19:04:31+00:00","dateModified":"2024-01-21T22:31:23+00:00","description":"Viktoria natural cosmetics - Njega za mu\u0161karce -Njega brade i lica. Dubinsko hranjenje i hidratiziranje sa \u010distim eteri\u010dnim uljima.","breadcrumb":{"@id":"https:\/\/viktoria-naturally.com\/njega-za-muskarce\/#breadcrumb"},"inLanguage":"en-US","potentialAction":[{"@type":"ReadAction","target":["https:\/\/viktoria-naturally.com\/njega-za-muskarce\/"]}]},{"@type":"ImageObject","inLanguage":"en-US","@id":"https:\/\/viktoria-naturally.com\/njega-za-muskarce\/#primaryimage","url":"https:\/\/viktoria-naturally.com\/wp-content\/uploads\/2019\/11\/Immortelle-barba-balm-50ml.png","contentUrl":"https:\/\/viktoria-naturally.com\/wp-content\/uploads\/2019\/11\/Immortelle-barba-balm-50ml.png"},{"@type":"BreadcrumbList","@id":"https:\/\/viktoria-naturally.com\/njega-za-muskarce\/#breadcrumb","itemListElement":[{"@type":"ListItem","position":1,"name":"Po\u010detna stranica","item":"https:\/\/viktoria-naturally.com\/"},{"@type":"ListItem","position":2,"name":"Njega za mu\u0161karce"}]},{"@type":"WebSite","@id":"https:\/\/viktoria-naturally.com\/#website","url":"https:\/\/viktoria-naturally.com\/","name":"Viktoria Naturally","description":"natural cosmetics","publisher":{"@id":"https:\/\/viktoria-naturally.com\/#organization"},"potentialAction":[{"@type":"SearchAction","target":{"@type":"EntryPoint","urlTemplate":"https:\/\/viktoria-naturally.com\/?s={search_term_string}"},"query-input":{"@type":"PropertyValueSpecification","valueRequired":true,"valueName":"search_term_string"}}],"inLanguage":"en-US"},{"@type":"Organization","@id":"https:\/\/viktoria-naturally.com\/#organization","name":"Viktoria-naturally","url":"https:\/\/viktoria-naturally.com\/","logo":{"@type":"ImageObject","inLanguage":"en-US","@id":"https:\/\/viktoria-naturally.com\/#\/schema\/logo\/image\/","url":"https:\/\/viktoria-naturally.com\/wp-content\/uploads\/2021\/11\/mali-logo-web.jpg","contentUrl":"https:\/\/viktoria-naturally.com\/wp-content\/uploads\/2021\/11\/mali-logo-web.jpg","width":512,"height":512,"caption":"Viktoria-naturally"},"image":{"@id":"https:\/\/viktoria-naturally.com\/#\/schema\/logo\/image\/"},"sameAs":["https:\/\/www.facebook.com\/Viktoria-Naturally-106938890909388\/","https:\/\/www.instagram.com\/viktoria_naturally\/"]}]}},"_links":{"self":[{"href":"https:\/\/viktoria-naturally.com\/en\/wp-json\/wp\/v2\/pages\/408","targetHints":{"allow":["GET"]}}],"collection":[{"href":"https:\/\/viktoria-naturally.com\/en\/wp-json\/wp\/v2\/pages"}],"about":[{"href":"https:\/\/viktoria-naturally.com\/en\/wp-json\/wp\/v2\/types\/page"}],"author":[{"embeddable":true,"href":"https:\/\/viktoria-naturally.com\/en\/wp-json\/wp\/v2\/users\/1"}],"replies":[{"embeddable":true,"href":"https:\/\/viktoria-naturally.com\/en\/wp-json\/wp\/v2\/comments?post=408"}],"version-history":[{"count":0,"href":"https:\/\/viktoria-naturally.com\/en\/wp-json\/wp\/v2\/pages\/408\/revisions"}],"wp:attachment":[{"href":"https:\/\/viktoria-naturally.com\/en\/wp-json\/wp\/v2\/media?parent=408"}],"curies":[{"name":"wp","href":"https:\/\/api.w.org\/{rel}","templated":true}]}}