{"id":411,"date":"2019-11-27T19:04:52","date_gmt":"2019-11-27T19:04:52","guid":{"rendered":"http:\/\/viktoria-naturally.com\/?page_id=411"},"modified":"2024-01-21T23:32:08","modified_gmt":"2024-01-21T22:32:08","slug":"kupke","status":"publish","type":"page","link":"https:\/\/viktoria-naturally.com\/en\/kupke\/","title":{"rendered":"BATH"},"content":{"rendered":"<div data-elementor-type=\"wp-page\" data-elementor-id=\"411\" class=\"elementor elementor-411\" data-elementor-post-type=\"page\">\n\t\t\t\t\t\t<section class=\"elementor-section elementor-top-section elementor-element elementor-element-772c7c0 elementor-section-content-middle elementor-section-boxed elementor-section-height-default elementor-section-height-default\" data-id=\"772c7c0\" data-element_type=\"section\">\n\t\t\t\t\t\t<div class=\"elementor-container elementor-column-gap-no\">\n\t\t\t\t\t<div class=\"elementor-column elementor-col-100 elementor-top-column elementor-element elementor-element-786bed0\" data-id=\"786bed0\" data-element_type=\"column\">\n\t\t\t<div class=\"elementor-widget-wrap elementor-element-populated\">\n\t\t\t\t\t\t<div class=\"elementor-element elementor-element-e0b483d elementor-widget elementor-widget-heading\" data-id=\"e0b483d\" data-element_type=\"widget\" data-widget_type=\"heading.default\">\n\t\t\t\t\t<h2 class=\"elementor-heading-title elementor-size-default\">Bath<\/h2>\t\t\t\t<\/div>\n\t\t\t\t\t<\/div>\n\t\t<\/div>\n\t\t\t\t\t<\/div>\n\t\t<\/section>\n\t\t\t\t<section class=\"elementor-section elementor-top-section elementor-element elementor-element-2137d67 elementor-section-boxed elementor-section-height-default elementor-section-height-default\" data-id=\"2137d67\" data-element_type=\"section\" data-settings=\"{&quot;background_background&quot;:&quot;classic&quot;}\">\n\t\t\t\t\t\t\t<div class=\"elementor-background-overlay\"><\/div>\n\t\t\t\t\t\t\t<div class=\"elementor-container elementor-column-gap-default\">\n\t\t\t\t\t<div class=\"elementor-column elementor-col-100 elementor-top-column elementor-element elementor-element-5d2bef3\" data-id=\"5d2bef3\" data-element_type=\"column\">\n\t\t\t<div class=\"elementor-widget-wrap elementor-element-populated\">\n\t\t\t\t\t\t<section class=\"elementor-section elementor-inner-section elementor-element elementor-element-a22a21b elementor-section-content-bottom elementor-section-boxed elementor-section-height-default elementor-section-height-default\" data-id=\"a22a21b\" data-element_type=\"section\" data-settings=\"{&quot;background_background&quot;:&quot;classic&quot;}\">\n\t\t\t\t\t\t<div class=\"elementor-container elementor-column-gap-default\">\n\t\t\t\t\t<div class=\"elementor-column elementor-col-50 elementor-inner-column elementor-element elementor-element-eeac3a2\" data-id=\"eeac3a2\" data-element_type=\"column\">\n\t\t\t<div class=\"elementor-widget-wrap elementor-element-populated\">\n\t\t\t\t\t\t<div class=\"elementor-element elementor-element-1afc2ea elementor-widget elementor-widget-image\" data-id=\"1afc2ea\" data-element_type=\"widget\" data-widget_type=\"image.default\">\n\t\t\t\t\t\t\t\t\t\t\t\t<figure class=\"wp-caption\">\n\t\t\t\t\t\t\t\t\t\t\t<a href=\"https:\/\/viktoria-naturally.com\/en\/product\/barba-balm-50ml\/\" target=\"_blank\">\n\t\t\t\t\t\t\t<img fetchpriority=\"high\" decoding=\"async\" width=\"600\" height=\"491\" src=\"https:\/\/viktoria-naturally.com\/wp-content\/uploads\/2021\/11\/sapunjcic.jpg\" class=\"attachment-large size-large wp-image-2433\" alt=\"\" srcset=\"https:\/\/viktoria-naturally.com\/wp-content\/uploads\/2021\/11\/sapunjcic.jpg 600w, https:\/\/viktoria-naturally.com\/wp-content\/uploads\/2021\/11\/sapunjcic-300x246.jpg 300w, https:\/\/viktoria-naturally.com\/wp-content\/uploads\/2021\/11\/sapunjcic-15x12.jpg 15w\" sizes=\"(max-width: 600px) 100vw, 600px\" \/>\t\t\t\t\t\t\t\t<\/a>\n\t\t\t\t\t\t\t\t\t\t\t<figcaption class=\"widget-image-caption wp-caption-text\"><\/figcaption>\n\t\t\t\t\t\t\t\t\t\t<\/figure>\n\t\t\t\t\t\t\t\t\t<\/div>\n\t\t\t\t\t<\/div>\n\t\t<\/div>\n\t\t\t\t<div class=\"elementor-column elementor-col-50 elementor-inner-column elementor-element elementor-element-fb2e705\" data-id=\"fb2e705\" data-element_type=\"column\" data-settings=\"{&quot;background_background&quot;:&quot;classic&quot;}\">\n\t\t\t<div class=\"elementor-widget-wrap elementor-element-populated\">\n\t\t\t\t\t<div class=\"elementor-background-overlay\"><\/div>\n\t\t\t\t\t\t<div class=\"elementor-element elementor-element-4f815b7 elementor-widget elementor-widget-heading\" data-id=\"4f815b7\" data-element_type=\"widget\" data-widget_type=\"heading.default\">\n\t\t\t\t\t<h2 class=\"elementor-heading-title elementor-size-default\">olive oil soap<\/h2>\t\t\t\t<\/div>\n\t\t\t\t<div class=\"elementor-element elementor-element-d4c64f0 elementor-widget elementor-widget-text-editor\" data-id=\"d4c64f0\" data-element_type=\"widget\" data-widget_type=\"text-editor.default\">\n\t\t\t\t\t\t\t\t\t<p>Olive oil soap cleans, nourishes and moisturizes the skin.<\/p>\t\t\t\t\t\t\t\t<\/div>\n\t\t\t\t<div class=\"elementor-element elementor-element-0284cd3 elementor-align-justify elementor-widget elementor-widget-button\" data-id=\"0284cd3\" data-element_type=\"widget\" data-widget_type=\"button.default\">\n\t\t\t\t\t\t\t\t\t\t<a class=\"elementor-button elementor-button-link elementor-size-md\" href=\"https:\/\/viktoria-naturally.com\/en\/product\/olivia-soap\/\">\n\t\t\t\t\t\t<span class=\"elementor-button-content-wrapper\">\n\t\t\t\t\t\t\t\t\t<span class=\"elementor-button-text\">Buy it<\/span>\n\t\t\t\t\t<\/span>\n\t\t\t\t\t<\/a>\n\t\t\t\t\t\t\t\t<\/div>\n\t\t\t\t\t<\/div>\n\t\t<\/div>\n\t\t\t\t\t<\/div>\n\t\t<\/section>\n\t\t\t\t\t<\/div>\n\t\t<\/div>\n\t\t\t\t\t<\/div>\n\t\t<\/section>\n\t\t\t\t<\/div>","protected":false},"excerpt":{"rendered":"<p>kupke sapun od maslinovog ulja Sapun od maslinovog ulja, \u010disti, njeguje i vla\u017ei ko\u017eu. Kupi<\/p>","protected":false},"author":1,"featured_media":0,"parent":0,"menu_order":0,"comment_status":"closed","ping_status":"closed","template":"elementor_header_footer","meta":{"inline_featured_image":false,"footnotes":""},"class_list":["post-411","page","type-page","status-publish","hentry"],"yoast_head":"<!-- This site is optimized with the Yoast SEO plugin v27.5 - https:\/\/yoast.com\/product\/yoast-seo-wordpress\/ -->\n<title>Viktoria &#8902; Kupke<\/title>\n<meta name=\"description\" content=\"Prirodna kozmetika - Ru\u010dno ra\u0111en i rezan Olivia soap sadr\u017ei samo ekstra djevi\u010dansko maslinovo ulje. Izuzetno je lagan i nje\u017ean za ko\u017eu.\" \/>\n<meta name=\"robots\" content=\"index, follow, max-snippet:-1, max-image-preview:large, max-video-preview:-1\" \/>\n<link rel=\"canonical\" href=\"https:\/\/viktoria-naturally.com\/en\/kupke\/\" \/>\n<meta property=\"og:locale\" content=\"en_US\" \/>\n<meta property=\"og:type\" content=\"article\" \/>\n<meta property=\"og:title\" content=\"Viktoria &#8902; Kupke\" \/>\n<meta property=\"og:description\" content=\"Prirodna kozmetika - Ru\u010dno ra\u0111en i rezan Olivia soap sadr\u017ei samo ekstra djevi\u010dansko maslinovo ulje. Izuzetno je lagan i nje\u017ean za ko\u017eu.\" \/>\n<meta property=\"og:url\" content=\"https:\/\/viktoria-naturally.com\/en\/kupke\/\" \/>\n<meta property=\"og:site_name\" content=\"Viktoria\" \/>\n<meta property=\"article:publisher\" content=\"https:\/\/www.facebook.com\/Viktoria-Naturally-106938890909388\/\" \/>\n<meta property=\"article:modified_time\" content=\"2024-01-21T22:32:08+00:00\" \/>\n<meta property=\"og:image\" content=\"https:\/\/viktoria-naturally.com\/wp-content\/uploads\/2021\/11\/sapunjcic.jpg\" \/>\n<meta name=\"twitter:card\" content=\"summary_large_image\" \/>\n<meta name=\"twitter:label1\" content=\"Est. reading time\" \/>\n\t<meta name=\"twitter:data1\" content=\"1 minute\" \/>\n<script type=\"application\/ld+json\" class=\"yoast-schema-graph\">{\"@context\":\"https:\\\/\\\/schema.org\",\"@graph\":[{\"@type\":\"WebPage\",\"@id\":\"https:\\\/\\\/viktoria-naturally.com\\\/kupke\\\/\",\"url\":\"https:\\\/\\\/viktoria-naturally.com\\\/kupke\\\/\",\"name\":\"Viktoria &#8902; Kupke\",\"isPartOf\":{\"@id\":\"https:\\\/\\\/viktoria-naturally.com\\\/#website\"},\"primaryImageOfPage\":{\"@id\":\"https:\\\/\\\/viktoria-naturally.com\\\/kupke\\\/#primaryimage\"},\"image\":{\"@id\":\"https:\\\/\\\/viktoria-naturally.com\\\/kupke\\\/#primaryimage\"},\"thumbnailUrl\":\"https:\\\/\\\/viktoria-naturally.com\\\/wp-content\\\/uploads\\\/2021\\\/11\\\/sapunjcic.jpg\",\"datePublished\":\"2019-11-27T19:04:52+00:00\",\"dateModified\":\"2024-01-21T22:32:08+00:00\",\"description\":\"Prirodna kozmetika - Ru\u010dno ra\u0111en i rezan Olivia soap sadr\u017ei samo ekstra djevi\u010dansko maslinovo ulje. Izuzetno je lagan i nje\u017ean za ko\u017eu.\",\"breadcrumb\":{\"@id\":\"https:\\\/\\\/viktoria-naturally.com\\\/kupke\\\/#breadcrumb\"},\"inLanguage\":\"en-US\",\"potentialAction\":[{\"@type\":\"ReadAction\",\"target\":[\"https:\\\/\\\/viktoria-naturally.com\\\/kupke\\\/\"]}]},{\"@type\":\"ImageObject\",\"inLanguage\":\"en-US\",\"@id\":\"https:\\\/\\\/viktoria-naturally.com\\\/kupke\\\/#primaryimage\",\"url\":\"https:\\\/\\\/viktoria-naturally.com\\\/wp-content\\\/uploads\\\/2021\\\/11\\\/sapunjcic.jpg\",\"contentUrl\":\"https:\\\/\\\/viktoria-naturally.com\\\/wp-content\\\/uploads\\\/2021\\\/11\\\/sapunjcic.jpg\"},{\"@type\":\"BreadcrumbList\",\"@id\":\"https:\\\/\\\/viktoria-naturally.com\\\/kupke\\\/#breadcrumb\",\"itemListElement\":[{\"@type\":\"ListItem\",\"position\":1,\"name\":\"Po\u010detna stranica\",\"item\":\"https:\\\/\\\/viktoria-naturally.com\\\/\"},{\"@type\":\"ListItem\",\"position\":2,\"name\":\"Kupke\"}]},{\"@type\":\"WebSite\",\"@id\":\"https:\\\/\\\/viktoria-naturally.com\\\/#website\",\"url\":\"https:\\\/\\\/viktoria-naturally.com\\\/\",\"name\":\"Viktoria Naturally\",\"description\":\"prirodna kozmetika\",\"publisher\":{\"@id\":\"https:\\\/\\\/viktoria-naturally.com\\\/#organization\"},\"potentialAction\":[{\"@type\":\"SearchAction\",\"target\":{\"@type\":\"EntryPoint\",\"urlTemplate\":\"https:\\\/\\\/viktoria-naturally.com\\\/?s={search_term_string}\"},\"query-input\":{\"@type\":\"PropertyValueSpecification\",\"valueRequired\":true,\"valueName\":\"search_term_string\"}}],\"inLanguage\":\"en-US\"},{\"@type\":\"Organization\",\"@id\":\"https:\\\/\\\/viktoria-naturally.com\\\/#organization\",\"name\":\"Viktoria-naturally\",\"url\":\"https:\\\/\\\/viktoria-naturally.com\\\/\",\"logo\":{\"@type\":\"ImageObject\",\"inLanguage\":\"en-US\",\"@id\":\"https:\\\/\\\/viktoria-naturally.com\\\/#\\\/schema\\\/logo\\\/image\\\/\",\"url\":\"https:\\\/\\\/viktoria-naturally.com\\\/wp-content\\\/uploads\\\/2021\\\/11\\\/mali-logo-web.jpg\",\"contentUrl\":\"https:\\\/\\\/viktoria-naturally.com\\\/wp-content\\\/uploads\\\/2021\\\/11\\\/mali-logo-web.jpg\",\"width\":512,\"height\":512,\"caption\":\"Viktoria-naturally\"},\"image\":{\"@id\":\"https:\\\/\\\/viktoria-naturally.com\\\/#\\\/schema\\\/logo\\\/image\\\/\"},\"sameAs\":[\"https:\\\/\\\/www.facebook.com\\\/Viktoria-Naturally-106938890909388\\\/\",\"https:\\\/\\\/www.instagram.com\\\/viktoria_naturally\\\/\"]}]}<\/script>\n<!-- \/ Yoast SEO plugin. -->","yoast_head_json":{"title":"Viktoria &#8902; Kupke","description":"Prirodna kozmetika - Ru\u010dno ra\u0111en i rezan Olivia soap sadr\u017ei samo ekstra djevi\u010dansko maslinovo ulje. Izuzetno je lagan i nje\u017ean za ko\u017eu.","robots":{"index":"index","follow":"follow","max-snippet":"max-snippet:-1","max-image-preview":"max-image-preview:large","max-video-preview":"max-video-preview:-1"},"canonical":"https:\/\/viktoria-naturally.com\/en\/kupke\/","og_locale":"en_US","og_type":"article","og_title":"Viktoria &#8902; Kupke","og_description":"Prirodna kozmetika - Ru\u010dno ra\u0111en i rezan Olivia soap sadr\u017ei samo ekstra djevi\u010dansko maslinovo ulje. Izuzetno je lagan i nje\u017ean za ko\u017eu.","og_url":"https:\/\/viktoria-naturally.com\/en\/kupke\/","og_site_name":"Viktoria","article_publisher":"https:\/\/www.facebook.com\/Viktoria-Naturally-106938890909388\/","article_modified_time":"2024-01-21T22:32:08+00:00","og_image":[{"url":"https:\/\/viktoria-naturally.com\/wp-content\/uploads\/2021\/11\/sapunjcic.jpg","type":"","width":"","height":""}],"twitter_card":"summary_large_image","twitter_misc":{"Est. reading time":"1 minute"},"schema":{"@context":"https:\/\/schema.org","@graph":[{"@type":"WebPage","@id":"https:\/\/viktoria-naturally.com\/kupke\/","url":"https:\/\/viktoria-naturally.com\/kupke\/","name":"Viktoria &#8902; Kupke","isPartOf":{"@id":"https:\/\/viktoria-naturally.com\/#website"},"primaryImageOfPage":{"@id":"https:\/\/viktoria-naturally.com\/kupke\/#primaryimage"},"image":{"@id":"https:\/\/viktoria-naturally.com\/kupke\/#primaryimage"},"thumbnailUrl":"https:\/\/viktoria-naturally.com\/wp-content\/uploads\/2021\/11\/sapunjcic.jpg","datePublished":"2019-11-27T19:04:52+00:00","dateModified":"2024-01-21T22:32:08+00:00","description":"Prirodna kozmetika - Ru\u010dno ra\u0111en i rezan Olivia soap sadr\u017ei samo ekstra djevi\u010dansko maslinovo ulje. Izuzetno je lagan i nje\u017ean za ko\u017eu.","breadcrumb":{"@id":"https:\/\/viktoria-naturally.com\/kupke\/#breadcrumb"},"inLanguage":"en-US","potentialAction":[{"@type":"ReadAction","target":["https:\/\/viktoria-naturally.com\/kupke\/"]}]},{"@type":"ImageObject","inLanguage":"en-US","@id":"https:\/\/viktoria-naturally.com\/kupke\/#primaryimage","url":"https:\/\/viktoria-naturally.com\/wp-content\/uploads\/2021\/11\/sapunjcic.jpg","contentUrl":"https:\/\/viktoria-naturally.com\/wp-content\/uploads\/2021\/11\/sapunjcic.jpg"},{"@type":"BreadcrumbList","@id":"https:\/\/viktoria-naturally.com\/kupke\/#breadcrumb","itemListElement":[{"@type":"ListItem","position":1,"name":"Po\u010detna stranica","item":"https:\/\/viktoria-naturally.com\/"},{"@type":"ListItem","position":2,"name":"Kupke"}]},{"@type":"WebSite","@id":"https:\/\/viktoria-naturally.com\/#website","url":"https:\/\/viktoria-naturally.com\/","name":"Viktoria Naturally","description":"natural cosmetics","publisher":{"@id":"https:\/\/viktoria-naturally.com\/#organization"},"potentialAction":[{"@type":"SearchAction","target":{"@type":"EntryPoint","urlTemplate":"https:\/\/viktoria-naturally.com\/?s={search_term_string}"},"query-input":{"@type":"PropertyValueSpecification","valueRequired":true,"valueName":"search_term_string"}}],"inLanguage":"en-US"},{"@type":"Organization","@id":"https:\/\/viktoria-naturally.com\/#organization","name":"Viktoria-naturally","url":"https:\/\/viktoria-naturally.com\/","logo":{"@type":"ImageObject","inLanguage":"en-US","@id":"https:\/\/viktoria-naturally.com\/#\/schema\/logo\/image\/","url":"https:\/\/viktoria-naturally.com\/wp-content\/uploads\/2021\/11\/mali-logo-web.jpg","contentUrl":"https:\/\/viktoria-naturally.com\/wp-content\/uploads\/2021\/11\/mali-logo-web.jpg","width":512,"height":512,"caption":"Viktoria-naturally"},"image":{"@id":"https:\/\/viktoria-naturally.com\/#\/schema\/logo\/image\/"},"sameAs":["https:\/\/www.facebook.com\/Viktoria-Naturally-106938890909388\/","https:\/\/www.instagram.com\/viktoria_naturally\/"]}]}},"_links":{"self":[{"href":"https:\/\/viktoria-naturally.com\/en\/wp-json\/wp\/v2\/pages\/411","targetHints":{"allow":["GET"]}}],"collection":[{"href":"https:\/\/viktoria-naturally.com\/en\/wp-json\/wp\/v2\/pages"}],"about":[{"href":"https:\/\/viktoria-naturally.com\/en\/wp-json\/wp\/v2\/types\/page"}],"author":[{"embeddable":true,"href":"https:\/\/viktoria-naturally.com\/en\/wp-json\/wp\/v2\/users\/1"}],"replies":[{"embeddable":true,"href":"https:\/\/viktoria-naturally.com\/en\/wp-json\/wp\/v2\/comments?post=411"}],"version-history":[{"count":0,"href":"https:\/\/viktoria-naturally.com\/en\/wp-json\/wp\/v2\/pages\/411\/revisions"}],"wp:attachment":[{"href":"https:\/\/viktoria-naturally.com\/en\/wp-json\/wp\/v2\/media?parent=411"}],"curies":[{"name":"wp","href":"https:\/\/api.w.org\/{rel}","templated":true}]}}