{"id":5143,"date":"2023-07-04T12:05:04","date_gmt":"2023-07-04T12:05:04","guid":{"rendered":"https:\/\/viktoria-naturally.com\/?page_id=5143"},"modified":"2023-07-04T12:09:41","modified_gmt":"2023-07-04T12:09:41","slug":"obrazac-za-jednostrani-raskid-ugovora","status":"publish","type":"page","link":"https:\/\/viktoria-naturally.com\/en\/obrazac-za-jednostrani-raskid-ugovora\/","title":{"rendered":"Contract termination form"},"content":{"rendered":"<div data-elementor-type=\"wp-page\" data-elementor-id=\"5143\" class=\"elementor elementor-5143\" data-elementor-post-type=\"page\">\n\t\t\t\t\t\t<section class=\"elementor-section elementor-top-section elementor-element elementor-element-0b888a9 elementor-section-boxed elementor-section-height-default elementor-section-height-default\" data-id=\"0b888a9\" data-element_type=\"section\">\n\t\t\t\t\t\t<div class=\"elementor-container elementor-column-gap-default\">\n\t\t\t\t\t<div class=\"elementor-column elementor-col-100 elementor-top-column elementor-element elementor-element-0e847e3\" data-id=\"0e847e3\" data-element_type=\"column\">\n\t\t\t<div class=\"elementor-widget-wrap elementor-element-populated\">\n\t\t\t\t\t\t<div class=\"elementor-element elementor-element-eeb1e9d elementor-widget elementor-widget-spacer\" data-id=\"eeb1e9d\" data-element_type=\"widget\" data-widget_type=\"spacer.default\">\n\t\t\t\t\t\t\t<div class=\"elementor-spacer\">\n\t\t\t<div class=\"elementor-spacer-inner\"><\/div>\n\t\t<\/div>\n\t\t\t\t\t\t<\/div>\n\t\t\t\t\t<\/div>\n\t\t<\/div>\n\t\t\t\t\t<\/div>\n\t\t<\/section>\n\t\t\t\t<section class=\"elementor-section elementor-top-section elementor-element elementor-element-8555fae elementor-section-boxed elementor-section-height-default elementor-section-height-default\" data-id=\"8555fae\" data-element_type=\"section\">\n\t\t\t\t\t\t<div class=\"elementor-container elementor-column-gap-default\">\n\t\t\t\t\t<div class=\"elementor-column elementor-col-100 elementor-top-column elementor-element elementor-element-1b648c0\" data-id=\"1b648c0\" data-element_type=\"column\">\n\t\t\t<div class=\"elementor-widget-wrap elementor-element-populated\">\n\t\t\t\t\t\t<div class=\"elementor-element elementor-element-8480e23 elementor-widget elementor-widget-heading\" data-id=\"8480e23\" data-element_type=\"widget\" data-widget_type=\"heading.default\">\n\t\t\t\t\t<h2 class=\"elementor-heading-title elementor-size-default\">Contract termination form<\/h2>\t\t\t\t<\/div>\n\t\t\t\t<section class=\"elementor-section elementor-inner-section elementor-element elementor-element-04ea473 elementor-section-boxed elementor-section-height-default elementor-section-height-default\" data-id=\"04ea473\" data-element_type=\"section\">\n\t\t\t\t\t\t<div class=\"elementor-container elementor-column-gap-default\">\n\t\t\t\t\t<div class=\"elementor-column elementor-col-100 elementor-inner-column elementor-element elementor-element-00b71d0\" data-id=\"00b71d0\" data-element_type=\"column\">\n\t\t\t<div class=\"elementor-widget-wrap elementor-element-populated\">\n\t\t\t\t\t\t<div class=\"elementor-element elementor-element-8ba4a31 elementor-widget elementor-widget-text-editor\" data-id=\"8ba4a31\" data-element_type=\"widget\" data-widget_type=\"text-editor.default\">\n\t\t\t\t\t\t\t\t\t<p>Viktoria pridrona kosmetika (OPG Brankica Borovi\u0107) store does not approve the exchange of used but correct products.<\/p><p>Pursuant to the Consumer Protection Act, in the case of distance shopping (when it is not a matter of personal collection but sent by delivery service), you are authorized to unilaterally terminate the contract without giving reasons within 14 days from the date of delivery of the product, i.e. the delivery of the last product from the order. Pursuant to Article 77, Paragraph 5 of the Consumer Protection Act, the customer is responsible for any reduction in the value of the purchased product that is the result of handling the purchased product. The returned product MUST be in the original packaging, unopened, undamaged and with the declaration, the corresponding invoice and the original packaging.<\/p><p>IMPORTANT: There is no right to unilateral termination of the Agreement for food, nutritional supplements, cosmetics and perfumes based on the Law!<\/p><p>You can download the standard information form for unilateral contract termination at this link: <a href=\"https:\/\/viktoria-naturally.com\/wp-content\/uploads\/2023\/07\/Standardni-informacijski-obrazac-za-jednostrani-raskid-ugovora.pdf\">Form<\/a><\/p><p>You can unilaterally terminate the contract using the mentioned form or by any other unequivocal statement in which you express your will to terminate the contract.<\/p><p>In case of unilateral termination of the contract, we will proceed according to the Consumer Protection Act, i.e. the Obligatory Relations Act.<br \/>We will reimburse you after the goods have been returned to us. You must return the goods to us without delay, and no later than within 14 days from the day you notified us of the unilateral termination of the contract.<\/p><p><strong>COMPLAINTS AND REFUNDS<\/strong><br \/>The customer has the right to a justified complaint and to return the goods in the following cases:<\/p><p>Delivery of goods that were not ordered<br \/>Delivery of expired goods<br \/>Delivery of goods that have a fault or damage that did not occur during transport<\/p><p>According to the Consumer Protection Act, the buyer is obliged to bear the direct costs of returning the goods if he exercises his right to unilaterally terminate the contract, and if the buyer wishes, he can contact OPG Brankica Borovi\u0107 at the info number or email address <a href=\"mailto:office@viktoria-naturally.com\">office@viktoria-naturally.com<\/a> in order to obtain information about the method, possibilities and conditions of product return by OPG Brankica Borovi\u0107 (viktoria-naturally.com).<\/p><p><a href=\"https:\/\/viktoria-naturally.com\/en\/opci-uvjeti-poslovanja\/\">General terms<\/a>\u00a0<\/p>\t\t\t\t\t\t\t\t<\/div>\n\t\t\t\t\t<\/div>\n\t\t<\/div>\n\t\t\t\t\t<\/div>\n\t\t<\/section>\n\t\t\t\t\t<\/div>\n\t\t<\/div>\n\t\t\t\t\t<\/div>\n\t\t<\/section>\n\t\t\t\t<\/div>","protected":false},"excerpt":{"rendered":"<p>Obrazac za jednostrani raskid ugovora Viktoria prirodna kozmetika (OPG Brankica Borovi\u0107) trgovina ne odobrava zamjenu kori\u0161tenih, a ispravnih proizvoda. Sukladno Zakonu o za\u0161titi potro\u0161a\u010da, u slu\u010daju kupovine na daljinu (kada se ne radi o osobnom preuzimanju nego se \u0161alje dostavnom slu\u017ebom), ovla\u0161teni ste jednostrano raskinuti ugovor ne navode\u0107i razloge za to u roku od 14 [&hellip;]<\/p>\n","protected":false},"author":1,"featured_media":0,"parent":0,"menu_order":0,"comment_status":"closed","ping_status":"closed","template":"elementor_header_footer","meta":{"inline_featured_image":false,"footnotes":""},"class_list":["post-5143","page","type-page","status-publish","hentry"],"yoast_head":"<!-- This site is optimized with the Yoast SEO plugin v27.0 - https:\/\/yoast.com\/product\/yoast-seo-wordpress\/ -->\n<title>Viktoria &#8902; Obrazac za jednostrani raskid ugovora<\/title>\n<meta name=\"description\" content=\"prirodna kozmetika\" \/>\n<meta name=\"robots\" content=\"index, follow, max-snippet:-1, max-image-preview:large, max-video-preview:-1\" \/>\n<link rel=\"canonical\" href=\"https:\/\/viktoria-naturally.com\/en\/obrazac-za-jednostrani-raskid-ugovora\/\" \/>\n<meta property=\"og:locale\" content=\"en_US\" \/>\n<meta property=\"og:type\" content=\"article\" \/>\n<meta property=\"og:title\" content=\"Viktoria &#8902; Obrazac za jednostrani raskid ugovora\" \/>\n<meta property=\"og:description\" content=\"prirodna kozmetika\" \/>\n<meta property=\"og:url\" content=\"https:\/\/viktoria-naturally.com\/en\/obrazac-za-jednostrani-raskid-ugovora\/\" \/>\n<meta property=\"og:site_name\" content=\"Viktoria\" \/>\n<meta property=\"article:publisher\" content=\"https:\/\/www.facebook.com\/Viktoria-Naturally-106938890909388\/\" \/>\n<meta property=\"article:modified_time\" content=\"2023-07-04T12:09:41+00:00\" \/>\n<meta property=\"og:image\" content=\"https:\/\/viktoria-naturally.com\/wp-content\/uploads\/2021\/11\/viktoria-prirodna-kozmetika-novi-logo-2021-eng.png\" \/>\n\t<meta property=\"og:image:width\" content=\"787\" \/>\n\t<meta property=\"og:image:height\" content=\"495\" \/>\n\t<meta property=\"og:image:type\" content=\"image\/png\" \/>\n<meta name=\"twitter:card\" content=\"summary_large_image\" \/>\n<meta name=\"twitter:label1\" content=\"Est. reading time\" \/>\n\t<meta name=\"twitter:data1\" content=\"2 minutes\" \/>\n<script type=\"application\/ld+json\" class=\"yoast-schema-graph\">{\"@context\":\"https:\/\/schema.org\",\"@graph\":[{\"@type\":\"WebPage\",\"@id\":\"https:\/\/viktoria-naturally.com\/obrazac-za-jednostrani-raskid-ugovora\/\",\"url\":\"https:\/\/viktoria-naturally.com\/obrazac-za-jednostrani-raskid-ugovora\/\",\"name\":\"Viktoria &#8902; Obrazac za jednostrani raskid ugovora\",\"isPartOf\":{\"@id\":\"https:\/\/viktoria-naturally.com\/#website\"},\"datePublished\":\"2023-07-04T12:05:04+00:00\",\"dateModified\":\"2023-07-04T12:09:41+00:00\",\"description\":\"prirodna kozmetika\",\"breadcrumb\":{\"@id\":\"https:\/\/viktoria-naturally.com\/obrazac-za-jednostrani-raskid-ugovora\/#breadcrumb\"},\"inLanguage\":\"en-US\",\"potentialAction\":[{\"@type\":\"ReadAction\",\"target\":[\"https:\/\/viktoria-naturally.com\/obrazac-za-jednostrani-raskid-ugovora\/\"]}]},{\"@type\":\"BreadcrumbList\",\"@id\":\"https:\/\/viktoria-naturally.com\/obrazac-za-jednostrani-raskid-ugovora\/#breadcrumb\",\"itemListElement\":[{\"@type\":\"ListItem\",\"position\":1,\"name\":\"Po\u010detna stranica\",\"item\":\"https:\/\/viktoria-naturally.com\/\"},{\"@type\":\"ListItem\",\"position\":2,\"name\":\"Obrazac za jednostrani raskid ugovora\"}]},{\"@type\":\"WebSite\",\"@id\":\"https:\/\/viktoria-naturally.com\/#website\",\"url\":\"https:\/\/viktoria-naturally.com\/\",\"name\":\"Viktoria Naturally\",\"description\":\"prirodna kozmetika\",\"publisher\":{\"@id\":\"https:\/\/viktoria-naturally.com\/#organization\"},\"potentialAction\":[{\"@type\":\"SearchAction\",\"target\":{\"@type\":\"EntryPoint\",\"urlTemplate\":\"https:\/\/viktoria-naturally.com\/?s={search_term_string}\"},\"query-input\":{\"@type\":\"PropertyValueSpecification\",\"valueRequired\":true,\"valueName\":\"search_term_string\"}}],\"inLanguage\":\"en-US\"},{\"@type\":\"Organization\",\"@id\":\"https:\/\/viktoria-naturally.com\/#organization\",\"name\":\"Viktoria-naturally\",\"url\":\"https:\/\/viktoria-naturally.com\/\",\"logo\":{\"@type\":\"ImageObject\",\"inLanguage\":\"en-US\",\"@id\":\"https:\/\/viktoria-naturally.com\/#\/schema\/logo\/image\/\",\"url\":\"https:\/\/viktoria-naturally.com\/wp-content\/uploads\/2021\/11\/mali-logo-web.jpg\",\"contentUrl\":\"https:\/\/viktoria-naturally.com\/wp-content\/uploads\/2021\/11\/mali-logo-web.jpg\",\"width\":512,\"height\":512,\"caption\":\"Viktoria-naturally\"},\"image\":{\"@id\":\"https:\/\/viktoria-naturally.com\/#\/schema\/logo\/image\/\"},\"sameAs\":[\"https:\/\/www.facebook.com\/Viktoria-Naturally-106938890909388\/\",\"https:\/\/www.instagram.com\/viktoria_naturally\/\"]}]}<\/script>\n<!-- \/ Yoast SEO plugin. -->","yoast_head_json":{"title":"Viktoria &#8902; Obrazac za jednostrani raskid ugovora","description":"natural cosmetics","robots":{"index":"index","follow":"follow","max-snippet":"max-snippet:-1","max-image-preview":"max-image-preview:large","max-video-preview":"max-video-preview:-1"},"canonical":"https:\/\/viktoria-naturally.com\/en\/obrazac-za-jednostrani-raskid-ugovora\/","og_locale":"en_US","og_type":"article","og_title":"Viktoria &#8902; Obrazac za jednostrani raskid ugovora","og_description":"prirodna kozmetika","og_url":"https:\/\/viktoria-naturally.com\/en\/obrazac-za-jednostrani-raskid-ugovora\/","og_site_name":"Viktoria","article_publisher":"https:\/\/www.facebook.com\/Viktoria-Naturally-106938890909388\/","article_modified_time":"2023-07-04T12:09:41+00:00","og_image":[{"width":787,"height":495,"url":"https:\/\/viktoria-naturally.com\/wp-content\/uploads\/2021\/11\/viktoria-prirodna-kozmetika-novi-logo-2021-eng.png","type":"image\/png"}],"twitter_card":"summary_large_image","twitter_misc":{"Est. reading time":"2 minutes"},"schema":{"@context":"https:\/\/schema.org","@graph":[{"@type":"WebPage","@id":"https:\/\/viktoria-naturally.com\/obrazac-za-jednostrani-raskid-ugovora\/","url":"https:\/\/viktoria-naturally.com\/obrazac-za-jednostrani-raskid-ugovora\/","name":"Viktoria &#8902; Obrazac za jednostrani raskid ugovora","isPartOf":{"@id":"https:\/\/viktoria-naturally.com\/#website"},"datePublished":"2023-07-04T12:05:04+00:00","dateModified":"2023-07-04T12:09:41+00:00","description":"natural cosmetics","breadcrumb":{"@id":"https:\/\/viktoria-naturally.com\/obrazac-za-jednostrani-raskid-ugovora\/#breadcrumb"},"inLanguage":"en-US","potentialAction":[{"@type":"ReadAction","target":["https:\/\/viktoria-naturally.com\/obrazac-za-jednostrani-raskid-ugovora\/"]}]},{"@type":"BreadcrumbList","@id":"https:\/\/viktoria-naturally.com\/obrazac-za-jednostrani-raskid-ugovora\/#breadcrumb","itemListElement":[{"@type":"ListItem","position":1,"name":"Po\u010detna stranica","item":"https:\/\/viktoria-naturally.com\/"},{"@type":"ListItem","position":2,"name":"Obrazac za jednostrani raskid ugovora"}]},{"@type":"WebSite","@id":"https:\/\/viktoria-naturally.com\/#website","url":"https:\/\/viktoria-naturally.com\/","name":"Viktoria Naturally","description":"natural cosmetics","publisher":{"@id":"https:\/\/viktoria-naturally.com\/#organization"},"potentialAction":[{"@type":"SearchAction","target":{"@type":"EntryPoint","urlTemplate":"https:\/\/viktoria-naturally.com\/?s={search_term_string}"},"query-input":{"@type":"PropertyValueSpecification","valueRequired":true,"valueName":"search_term_string"}}],"inLanguage":"en-US"},{"@type":"Organization","@id":"https:\/\/viktoria-naturally.com\/#organization","name":"Viktoria-naturally","url":"https:\/\/viktoria-naturally.com\/","logo":{"@type":"ImageObject","inLanguage":"en-US","@id":"https:\/\/viktoria-naturally.com\/#\/schema\/logo\/image\/","url":"https:\/\/viktoria-naturally.com\/wp-content\/uploads\/2021\/11\/mali-logo-web.jpg","contentUrl":"https:\/\/viktoria-naturally.com\/wp-content\/uploads\/2021\/11\/mali-logo-web.jpg","width":512,"height":512,"caption":"Viktoria-naturally"},"image":{"@id":"https:\/\/viktoria-naturally.com\/#\/schema\/logo\/image\/"},"sameAs":["https:\/\/www.facebook.com\/Viktoria-Naturally-106938890909388\/","https:\/\/www.instagram.com\/viktoria_naturally\/"]}]}},"_links":{"self":[{"href":"https:\/\/viktoria-naturally.com\/en\/wp-json\/wp\/v2\/pages\/5143","targetHints":{"allow":["GET"]}}],"collection":[{"href":"https:\/\/viktoria-naturally.com\/en\/wp-json\/wp\/v2\/pages"}],"about":[{"href":"https:\/\/viktoria-naturally.com\/en\/wp-json\/wp\/v2\/types\/page"}],"author":[{"embeddable":true,"href":"https:\/\/viktoria-naturally.com\/en\/wp-json\/wp\/v2\/users\/1"}],"replies":[{"embeddable":true,"href":"https:\/\/viktoria-naturally.com\/en\/wp-json\/wp\/v2\/comments?post=5143"}],"version-history":[{"count":0,"href":"https:\/\/viktoria-naturally.com\/en\/wp-json\/wp\/v2\/pages\/5143\/revisions"}],"wp:attachment":[{"href":"https:\/\/viktoria-naturally.com\/en\/wp-json\/wp\/v2\/media?parent=5143"}],"curies":[{"name":"wp","href":"https:\/\/api.w.org\/{rel}","templated":true}]}}