{"id":5276,"date":"2023-07-18T09:04:07","date_gmt":"2023-07-18T09:04:07","guid":{"rendered":"https:\/\/viktoria-naturally.com\/?page_id=5276"},"modified":"2023-07-18T09:08:11","modified_gmt":"2023-07-18T09:08:11","slug":"izjava-o-koristenju-monri-wspay-a-2","status":"publish","type":"page","link":"https:\/\/viktoria-naturally.com\/en\/izjava-o-koristenju-monri-wspay-a-2\/","title":{"rendered":"Monri WSPay terms of use"},"content":{"rendered":"<div data-elementor-type=\"wp-page\" data-elementor-id=\"5276\" class=\"elementor elementor-5276\" data-elementor-post-type=\"page\">\n\t\t\t\t\t\t<section class=\"elementor-section elementor-top-section elementor-element elementor-element-b822fd5 elementor-section-boxed elementor-section-height-default elementor-section-height-default\" data-id=\"b822fd5\" data-element_type=\"section\">\n\t\t\t\t\t\t<div class=\"elementor-container elementor-column-gap-default\">\n\t\t\t\t\t<div class=\"elementor-column elementor-col-100 elementor-top-column elementor-element elementor-element-8093853\" data-id=\"8093853\" data-element_type=\"column\">\n\t\t\t<div class=\"elementor-widget-wrap elementor-element-populated\">\n\t\t\t\t\t\t<div class=\"elementor-element elementor-element-fe696c0 elementor-widget elementor-widget-spacer\" data-id=\"fe696c0\" data-element_type=\"widget\" data-widget_type=\"spacer.default\">\n\t\t\t\t\t\t\t<div class=\"elementor-spacer\">\n\t\t\t<div class=\"elementor-spacer-inner\"><\/div>\n\t\t<\/div>\n\t\t\t\t\t\t<\/div>\n\t\t\t\t\t<\/div>\n\t\t<\/div>\n\t\t\t\t\t<\/div>\n\t\t<\/section>\n\t\t\t\t<section class=\"elementor-section elementor-top-section elementor-element elementor-element-f95c984 elementor-section-boxed elementor-section-height-default elementor-section-height-default\" data-id=\"f95c984\" data-element_type=\"section\">\n\t\t\t\t\t\t<div class=\"elementor-container elementor-column-gap-default\">\n\t\t\t\t\t<div class=\"elementor-column elementor-col-100 elementor-top-column elementor-element elementor-element-fb3c05f\" data-id=\"fb3c05f\" data-element_type=\"column\">\n\t\t\t<div class=\"elementor-widget-wrap elementor-element-populated\">\n\t\t\t\t\t\t<div class=\"elementor-element elementor-element-b635317 elementor-widget elementor-widget-heading\" data-id=\"b635317\" data-element_type=\"widget\" data-widget_type=\"heading.default\">\n\t\t\t\t\t<h2 class=\"elementor-heading-title elementor-size-default\"><p><strong>Monri WSPay terms of use<\/strong><\/p><\/h2>\t\t\t\t<\/div>\n\t\t\t\t\t<\/div>\n\t\t<\/div>\n\t\t\t\t\t<\/div>\n\t\t<\/section>\n\t\t\t\t<section class=\"elementor-section elementor-top-section elementor-element elementor-element-a7de61f elementor-section-boxed elementor-section-height-default elementor-section-height-default\" data-id=\"a7de61f\" data-element_type=\"section\">\n\t\t\t\t\t\t<div class=\"elementor-container elementor-column-gap-default\">\n\t\t\t\t\t<div class=\"elementor-column elementor-col-100 elementor-top-column elementor-element elementor-element-e70deb4\" data-id=\"e70deb4\" data-element_type=\"column\">\n\t\t\t<div class=\"elementor-widget-wrap elementor-element-populated\">\n\t\t\t\t\t\t<div class=\"elementor-element elementor-element-d48ee41 elementor-widget elementor-widget-text-editor\" data-id=\"d48ee41\" data-element_type=\"widget\" data-widget_type=\"text-editor.default\">\n\t\t\t\t\t\t\t\t\t<p class=\"Normal tm5 tm6\">viktoria-naturally.com (point of sale) uses Monri WSPay for online payments.<\/p><p class=\"Normal tm5 tm6\">Monri WSPay is a secure system for online payments, real-time payments, credit and debit cards and other payment methods. Monri WSPay provides customers and merchants with secure entry and transfer of entered card data, which is confirmed by the PCI DSS certificate that Monri WSPay has. Monri WSPay uses an SSL certificate of 256-bit encryption and TLS 1.2 cryptographic protocol as the highest level of protection during registration and data transfer.<\/p>\t\t\t\t\t\t\t\t<\/div>\n\t\t\t\t<div class=\"elementor-element elementor-element-159ed15 elementor-widget elementor-widget-spacer\" data-id=\"159ed15\" data-element_type=\"widget\" data-widget_type=\"spacer.default\">\n\t\t\t\t\t\t\t<div class=\"elementor-spacer\">\n\t\t\t<div class=\"elementor-spacer-inner\"><\/div>\n\t\t<\/div>\n\t\t\t\t\t\t<\/div>\n\t\t\t\t\t<\/div>\n\t\t<\/div>\n\t\t\t\t\t<\/div>\n\t\t<\/section>\n\t\t\t\t<\/div>","protected":false},"excerpt":{"rendered":"<p>Izjava o koristenju Monri WSPAy-a viktoria-naturally.com (prodajno mjesto) koristi Monri WSPay za online pla\u0107anja. Monri WSPay je siguran sustav za online pla\u0107anje, pla\u0107anje u realnom vremenu, kreditnim i debitnim karticama te drugim na\u010dinima pla\u0107anja. Monri WSPay kupcu i trgovcu osiguravaju siguran upis i prijenos upisanih podataka o karticama \u0161to podvr\u0111uje i PCI DSS certifikat koji [&hellip;]<\/p>\n","protected":false},"author":1,"featured_media":0,"parent":0,"menu_order":0,"comment_status":"closed","ping_status":"closed","template":"elementor_header_footer","meta":{"inline_featured_image":false,"footnotes":""},"class_list":["post-5276","page","type-page","status-publish","hentry"],"yoast_head":"<!-- This site is optimized with the Yoast SEO plugin v27.0 - https:\/\/yoast.com\/product\/yoast-seo-wordpress\/ -->\n<title>Viktoria &#8902; Izjava o koristenju Monri WSPAy-a<\/title>\n<meta name=\"description\" content=\"prirodna kozmetika\" \/>\n<meta name=\"robots\" content=\"index, follow, max-snippet:-1, max-image-preview:large, max-video-preview:-1\" \/>\n<link rel=\"canonical\" href=\"https:\/\/viktoria-naturally.com\/en\/izjava-o-koristenju-monri-wspay-a-2\/\" \/>\n<meta property=\"og:locale\" content=\"en_US\" \/>\n<meta property=\"og:type\" content=\"article\" \/>\n<meta property=\"og:title\" content=\"Viktoria &#8902; Izjava o koristenju Monri WSPAy-a\" \/>\n<meta property=\"og:description\" content=\"prirodna kozmetika\" \/>\n<meta property=\"og:url\" content=\"https:\/\/viktoria-naturally.com\/en\/izjava-o-koristenju-monri-wspay-a-2\/\" \/>\n<meta property=\"og:site_name\" content=\"Viktoria\" \/>\n<meta property=\"article:publisher\" content=\"https:\/\/www.facebook.com\/Viktoria-Naturally-106938890909388\/\" \/>\n<meta property=\"article:modified_time\" content=\"2023-07-18T09:08:11+00:00\" \/>\n<meta property=\"og:image\" content=\"https:\/\/viktoria-naturally.com\/wp-content\/uploads\/2021\/11\/viktoria-prirodna-kozmetika-novi-logo-2021-eng.png\" \/>\n\t<meta property=\"og:image:width\" content=\"787\" \/>\n\t<meta property=\"og:image:height\" content=\"495\" \/>\n\t<meta property=\"og:image:type\" content=\"image\/png\" \/>\n<meta name=\"twitter:card\" content=\"summary_large_image\" \/>\n<meta name=\"twitter:label1\" content=\"Est. reading time\" \/>\n\t<meta name=\"twitter:data1\" content=\"1 minute\" \/>\n<script type=\"application\/ld+json\" class=\"yoast-schema-graph\">{\"@context\":\"https:\/\/schema.org\",\"@graph\":[{\"@type\":\"WebPage\",\"@id\":\"https:\/\/viktoria-naturally.com\/izjava-o-koristenju-monri-wspay-a-2\/\",\"url\":\"https:\/\/viktoria-naturally.com\/izjava-o-koristenju-monri-wspay-a-2\/\",\"name\":\"Viktoria &#8902; Izjava o koristenju Monri WSPAy-a\",\"isPartOf\":{\"@id\":\"https:\/\/viktoria-naturally.com\/#website\"},\"datePublished\":\"2023-07-18T09:04:07+00:00\",\"dateModified\":\"2023-07-18T09:08:11+00:00\",\"description\":\"prirodna kozmetika\",\"breadcrumb\":{\"@id\":\"https:\/\/viktoria-naturally.com\/izjava-o-koristenju-monri-wspay-a-2\/#breadcrumb\"},\"inLanguage\":\"en-US\",\"potentialAction\":[{\"@type\":\"ReadAction\",\"target\":[\"https:\/\/viktoria-naturally.com\/izjava-o-koristenju-monri-wspay-a-2\/\"]}]},{\"@type\":\"BreadcrumbList\",\"@id\":\"https:\/\/viktoria-naturally.com\/izjava-o-koristenju-monri-wspay-a-2\/#breadcrumb\",\"itemListElement\":[{\"@type\":\"ListItem\",\"position\":1,\"name\":\"Po\u010detna stranica\",\"item\":\"https:\/\/viktoria-naturally.com\/\"},{\"@type\":\"ListItem\",\"position\":2,\"name\":\"Izjava o koristenju Monri WSPAy-a\"}]},{\"@type\":\"WebSite\",\"@id\":\"https:\/\/viktoria-naturally.com\/#website\",\"url\":\"https:\/\/viktoria-naturally.com\/\",\"name\":\"Viktoria Naturally\",\"description\":\"prirodna kozmetika\",\"publisher\":{\"@id\":\"https:\/\/viktoria-naturally.com\/#organization\"},\"potentialAction\":[{\"@type\":\"SearchAction\",\"target\":{\"@type\":\"EntryPoint\",\"urlTemplate\":\"https:\/\/viktoria-naturally.com\/?s={search_term_string}\"},\"query-input\":{\"@type\":\"PropertyValueSpecification\",\"valueRequired\":true,\"valueName\":\"search_term_string\"}}],\"inLanguage\":\"en-US\"},{\"@type\":\"Organization\",\"@id\":\"https:\/\/viktoria-naturally.com\/#organization\",\"name\":\"Viktoria-naturally\",\"url\":\"https:\/\/viktoria-naturally.com\/\",\"logo\":{\"@type\":\"ImageObject\",\"inLanguage\":\"en-US\",\"@id\":\"https:\/\/viktoria-naturally.com\/#\/schema\/logo\/image\/\",\"url\":\"https:\/\/viktoria-naturally.com\/wp-content\/uploads\/2021\/11\/mali-logo-web.jpg\",\"contentUrl\":\"https:\/\/viktoria-naturally.com\/wp-content\/uploads\/2021\/11\/mali-logo-web.jpg\",\"width\":512,\"height\":512,\"caption\":\"Viktoria-naturally\"},\"image\":{\"@id\":\"https:\/\/viktoria-naturally.com\/#\/schema\/logo\/image\/\"},\"sameAs\":[\"https:\/\/www.facebook.com\/Viktoria-Naturally-106938890909388\/\",\"https:\/\/www.instagram.com\/viktoria_naturally\/\"]}]}<\/script>\n<!-- \/ Yoast SEO plugin. -->","yoast_head_json":{"title":"Viktoria &#8902; Izjava o koristenju Monri WSPAy-a","description":"natural cosmetics","robots":{"index":"index","follow":"follow","max-snippet":"max-snippet:-1","max-image-preview":"max-image-preview:large","max-video-preview":"max-video-preview:-1"},"canonical":"https:\/\/viktoria-naturally.com\/en\/izjava-o-koristenju-monri-wspay-a-2\/","og_locale":"en_US","og_type":"article","og_title":"Viktoria &#8902; Izjava o koristenju Monri WSPAy-a","og_description":"prirodna kozmetika","og_url":"https:\/\/viktoria-naturally.com\/en\/izjava-o-koristenju-monri-wspay-a-2\/","og_site_name":"Viktoria","article_publisher":"https:\/\/www.facebook.com\/Viktoria-Naturally-106938890909388\/","article_modified_time":"2023-07-18T09:08:11+00:00","og_image":[{"width":787,"height":495,"url":"https:\/\/viktoria-naturally.com\/wp-content\/uploads\/2021\/11\/viktoria-prirodna-kozmetika-novi-logo-2021-eng.png","type":"image\/png"}],"twitter_card":"summary_large_image","twitter_misc":{"Est. reading time":"1 minute"},"schema":{"@context":"https:\/\/schema.org","@graph":[{"@type":"WebPage","@id":"https:\/\/viktoria-naturally.com\/izjava-o-koristenju-monri-wspay-a-2\/","url":"https:\/\/viktoria-naturally.com\/izjava-o-koristenju-monri-wspay-a-2\/","name":"Viktoria &#8902; Izjava o koristenju Monri WSPAy-a","isPartOf":{"@id":"https:\/\/viktoria-naturally.com\/#website"},"datePublished":"2023-07-18T09:04:07+00:00","dateModified":"2023-07-18T09:08:11+00:00","description":"natural cosmetics","breadcrumb":{"@id":"https:\/\/viktoria-naturally.com\/izjava-o-koristenju-monri-wspay-a-2\/#breadcrumb"},"inLanguage":"en-US","potentialAction":[{"@type":"ReadAction","target":["https:\/\/viktoria-naturally.com\/izjava-o-koristenju-monri-wspay-a-2\/"]}]},{"@type":"BreadcrumbList","@id":"https:\/\/viktoria-naturally.com\/izjava-o-koristenju-monri-wspay-a-2\/#breadcrumb","itemListElement":[{"@type":"ListItem","position":1,"name":"Po\u010detna stranica","item":"https:\/\/viktoria-naturally.com\/"},{"@type":"ListItem","position":2,"name":"Izjava o koristenju Monri WSPAy-a"}]},{"@type":"WebSite","@id":"https:\/\/viktoria-naturally.com\/#website","url":"https:\/\/viktoria-naturally.com\/","name":"Viktoria Naturally","description":"natural cosmetics","publisher":{"@id":"https:\/\/viktoria-naturally.com\/#organization"},"potentialAction":[{"@type":"SearchAction","target":{"@type":"EntryPoint","urlTemplate":"https:\/\/viktoria-naturally.com\/?s={search_term_string}"},"query-input":{"@type":"PropertyValueSpecification","valueRequired":true,"valueName":"search_term_string"}}],"inLanguage":"en-US"},{"@type":"Organization","@id":"https:\/\/viktoria-naturally.com\/#organization","name":"Viktoria-naturally","url":"https:\/\/viktoria-naturally.com\/","logo":{"@type":"ImageObject","inLanguage":"en-US","@id":"https:\/\/viktoria-naturally.com\/#\/schema\/logo\/image\/","url":"https:\/\/viktoria-naturally.com\/wp-content\/uploads\/2021\/11\/mali-logo-web.jpg","contentUrl":"https:\/\/viktoria-naturally.com\/wp-content\/uploads\/2021\/11\/mali-logo-web.jpg","width":512,"height":512,"caption":"Viktoria-naturally"},"image":{"@id":"https:\/\/viktoria-naturally.com\/#\/schema\/logo\/image\/"},"sameAs":["https:\/\/www.facebook.com\/Viktoria-Naturally-106938890909388\/","https:\/\/www.instagram.com\/viktoria_naturally\/"]}]}},"_links":{"self":[{"href":"https:\/\/viktoria-naturally.com\/en\/wp-json\/wp\/v2\/pages\/5276","targetHints":{"allow":["GET"]}}],"collection":[{"href":"https:\/\/viktoria-naturally.com\/en\/wp-json\/wp\/v2\/pages"}],"about":[{"href":"https:\/\/viktoria-naturally.com\/en\/wp-json\/wp\/v2\/types\/page"}],"author":[{"embeddable":true,"href":"https:\/\/viktoria-naturally.com\/en\/wp-json\/wp\/v2\/users\/1"}],"replies":[{"embeddable":true,"href":"https:\/\/viktoria-naturally.com\/en\/wp-json\/wp\/v2\/comments?post=5276"}],"version-history":[{"count":0,"href":"https:\/\/viktoria-naturally.com\/en\/wp-json\/wp\/v2\/pages\/5276\/revisions"}],"wp:attachment":[{"href":"https:\/\/viktoria-naturally.com\/en\/wp-json\/wp\/v2\/media?parent=5276"}],"curies":[{"name":"wp","href":"https:\/\/api.w.org\/{rel}","templated":true}]}}