{"id":6501,"date":"2024-02-21T20:31:36","date_gmt":"2024-02-21T19:31:36","guid":{"rendered":"https:\/\/viktoria-naturally.com\/?page_id=6501"},"modified":"2024-02-21T20:40:25","modified_gmt":"2024-02-21T19:40:25","slug":"blog","status":"publish","type":"page","link":"https:\/\/viktoria-naturally.com\/en\/blog\/","title":{"rendered":"news"},"content":{"rendered":"\t\t<div data-elementor-type=\"wp-page\" data-elementor-id=\"6501\" class=\"elementor elementor-6501\" data-elementor-post-type=\"page\">\n\t\t\t\t<div class=\"elementor-element elementor-element-44a8223 e-flex e-con-boxed e-con e-parent\" data-id=\"44a8223\" data-element_type=\"container\">\n\t\t\t\t\t<div class=\"e-con-inner\">\n\t\t\t\t<div class=\"elementor-element elementor-element-85bd4e5 elementor-grid-3 elementor-grid-tablet-2 elementor-grid-mobile-1 elementor-widget elementor-widget-loop-grid\" data-id=\"85bd4e5\" data-element_type=\"widget\" data-settings=\"{&quot;template_id&quot;:6503,&quot;_skin&quot;:&quot;post&quot;,&quot;columns&quot;:&quot;3&quot;,&quot;columns_tablet&quot;:&quot;2&quot;,&quot;columns_mobile&quot;:&quot;1&quot;,&quot;edit_handle_selector&quot;:&quot;[data-elementor-type=\\&quot;loop-item\\&quot;]&quot;,&quot;row_gap&quot;:{&quot;unit&quot;:&quot;px&quot;,&quot;size&quot;:&quot;&quot;,&quot;sizes&quot;:[]},&quot;row_gap_tablet&quot;:{&quot;unit&quot;:&quot;px&quot;,&quot;size&quot;:&quot;&quot;,&quot;sizes&quot;:[]},&quot;row_gap_mobile&quot;:{&quot;unit&quot;:&quot;px&quot;,&quot;size&quot;:&quot;&quot;,&quot;sizes&quot;:[]}}\" data-widget_type=\"loop-grid.post\">\n\t\t\t\t<div class=\"elementor-widget-container\">\n\t\t\t\t\t\t\t<div class=\"elementor-loop-container elementor-grid\" role=\"list\">\n\t\t<style id=\"loop-6503\">.elementor-6503 .elementor-element.elementor-element-d99f08f{--display:flex;}.elementor-widget-theme-post-featured-image .widget-image-caption{color:var( --e-global-color-text );}.elementor-widget-theme-post-title .elementor-heading-title{color:var( --e-global-color-primary );}.elementor-6503 .elementor-element.elementor-element-9a87d7c .elementor-heading-title{font-family:\"Courier Prime\";font-size:20px;color:#000000;}.elementor-widget-theme-post-excerpt{color:var( --e-global-color-text );}.elementor-widget-button .elementor-button{background-color:var( --e-global-color-accent );}.elementor-6503 .elementor-element.elementor-element-befda05 .elementor-button{background-color:#E6E6E6;font-family:\"Courier Prime\";fill:#000000;color:#000000;}<\/style>\t\t<div data-elementor-type=\"loop-item\" data-elementor-id=\"6503\" class=\"elementor elementor-6503 e-loop-item e-loop-item-7881 post-7881 post type-post status-publish format-standard has-post-thumbnail hentry category-novosti\" data-elementor-post-type=\"elementor_library\" data-custom-edit-handle=\"1\">\n\t\t\t<div class=\"elementor-element elementor-element-d99f08f e-flex e-con-boxed e-con e-parent\" data-id=\"d99f08f\" data-element_type=\"container\">\n\t\t\t\t\t<div class=\"e-con-inner\">\n\t\t\t\t<div class=\"elementor-element elementor-element-abd4f96 elementor-widget elementor-widget-theme-post-featured-image elementor-widget-image\" data-id=\"abd4f96\" data-element_type=\"widget\" data-widget_type=\"theme-post-featured-image.default\">\n\t\t\t\t\t\t\t\t\t\t\t\t\t\t\t\t<a href=\"https:\/\/viktoria-naturally.com\/en\/objava\/dodjeljeno-priznanje-highly-commended-project-eu-cap-network\/\">\n\t\t\t\t\t\t\t<img fetchpriority=\"high\" decoding=\"async\" width=\"800\" height=\"451\" src=\"https:\/\/viktoria-naturally.com\/wp-content\/uploads\/2024\/12\/VIK-Blog-DodjelaNagrade-1024x577.jpg\" class=\"attachment-large size-large wp-image-7882\" alt=\"\" srcset=\"https:\/\/viktoria-naturally.com\/wp-content\/uploads\/2024\/12\/VIK-Blog-DodjelaNagrade-1024x577.jpg 1024w, https:\/\/viktoria-naturally.com\/wp-content\/uploads\/2024\/12\/VIK-Blog-DodjelaNagrade-300x169.jpg 300w, https:\/\/viktoria-naturally.com\/wp-content\/uploads\/2024\/12\/VIK-Blog-DodjelaNagrade-768x433.jpg 768w, https:\/\/viktoria-naturally.com\/wp-content\/uploads\/2024\/12\/VIK-Blog-DodjelaNagrade-18x10.jpg 18w, https:\/\/viktoria-naturally.com\/wp-content\/uploads\/2024\/12\/VIK-Blog-DodjelaNagrade-600x338.jpg 600w, https:\/\/viktoria-naturally.com\/wp-content\/uploads\/2024\/12\/VIK-Blog-DodjelaNagrade.jpg 1200w\" sizes=\"(max-width: 800px) 100vw, 800px\" \/>\t\t\t\t\t\t\t\t<\/a>\n\t\t\t\t\t\t\t\t\t\t\t\t\t\t\t<\/div>\n\t\t\t\t<div class=\"elementor-element elementor-element-9a87d7c elementor-widget elementor-widget-theme-post-title elementor-page-title elementor-widget-heading\" data-id=\"9a87d7c\" data-element_type=\"widget\" data-widget_type=\"theme-post-title.default\">\n\t\t\t\t\t<h1 class=\"elementor-heading-title elementor-size-default\"><a href=\"https:\/\/viktoria-naturally.com\/en\/objava\/dodjeljeno-priznanje-highly-commended-project-eu-cap-network\/\">Dodjeljeno priznanje &#8220;Highly Commended project&#8221; &#8211; EU CAP Network<\/a><\/h1>\t\t\t\t<\/div>\n\t\t\t\t<div class=\"elementor-element elementor-element-5a8eea9 elementor-widget elementor-widget-theme-post-excerpt\" data-id=\"5a8eea9\" data-element_type=\"widget\" data-widget_type=\"theme-post-excerpt.default\">\n\t\t\t\t\t<p>Od 2017. do 2020. godine, obiteljsko poljoprivredno gospodarstvo Borovi\u0107 koristilo je potporu CAP za razvoj trajnog nasada badema namijenjenog budu\u0107im kozmeti\u010dkim proizvodima. Tako\u0111er su pokrenuli novu nepoljoprivrednu djelatnost, usredoto\u010duju\u0107i se\t\t\t\t<\/div>\n\t\t\t\t<div class=\"elementor-element elementor-element-befda05 elementor-widget elementor-widget-button\" data-id=\"befda05\" data-element_type=\"widget\" data-widget_type=\"button.default\">\n\t\t\t\t\t\t\t\t\t\t<a class=\"elementor-button elementor-button-link elementor-size-sm\" href=\"https:\/\/viktoria-naturally.com\/en\/objava\/dodjeljeno-priznanje-highly-commended-project-eu-cap-network\/\">\n\t\t\t\t\t\t<span class=\"elementor-button-content-wrapper\">\n\t\t\t\t\t\t\t\t\t<span class=\"elementor-button-text\">Pro\u010ditaj vi\u0161e<\/span>\n\t\t\t\t\t<\/span>\n\t\t\t\t\t<\/a>\n\t\t\t\t\t\t\t\t<\/div>\n\t\t\t\t\t<\/div>\n\t\t\t\t<\/div>\n\t\t\t\t<\/div>\n\t\t\t\t<div data-elementor-type=\"loop-item\" data-elementor-id=\"6503\" class=\"elementor elementor-6503 e-loop-item e-loop-item-7528 post-7528 post type-post status-publish format-standard has-post-thumbnail hentry category-novosti\" data-elementor-post-type=\"elementor_library\" data-custom-edit-handle=\"1\">\n\t\t\t<div class=\"elementor-element elementor-element-d99f08f e-flex e-con-boxed e-con e-parent\" data-id=\"d99f08f\" data-element_type=\"container\">\n\t\t\t\t\t<div class=\"e-con-inner\">\n\t\t\t\t<div class=\"elementor-element elementor-element-abd4f96 elementor-widget elementor-widget-theme-post-featured-image elementor-widget-image\" data-id=\"abd4f96\" data-element_type=\"widget\" data-widget_type=\"theme-post-featured-image.default\">\n\t\t\t\t\t\t\t\t\t\t\t\t\t\t\t\t<a href=\"https:\/\/viktoria-naturally.com\/en\/objava\/intervju-s-brankicom-borovic-global-times\/\">\n\t\t\t\t\t\t\t<img decoding=\"async\" width=\"800\" height=\"450\" src=\"https:\/\/viktoria-naturally.com\/wp-content\/uploads\/2024\/10\/VIK-Blog-GlobalTimesClanak-1024x576.jpg\" class=\"attachment-large size-large wp-image-7530\" alt=\"\" srcset=\"https:\/\/viktoria-naturally.com\/wp-content\/uploads\/2024\/10\/VIK-Blog-GlobalTimesClanak-1024x576.jpg 1024w, https:\/\/viktoria-naturally.com\/wp-content\/uploads\/2024\/10\/VIK-Blog-GlobalTimesClanak-300x169.jpg 300w, https:\/\/viktoria-naturally.com\/wp-content\/uploads\/2024\/10\/VIK-Blog-GlobalTimesClanak-768x432.jpg 768w, https:\/\/viktoria-naturally.com\/wp-content\/uploads\/2024\/10\/VIK-Blog-GlobalTimesClanak-1536x864.jpg 1536w, https:\/\/viktoria-naturally.com\/wp-content\/uploads\/2024\/10\/VIK-Blog-GlobalTimesClanak-18x10.jpg 18w, https:\/\/viktoria-naturally.com\/wp-content\/uploads\/2024\/10\/VIK-Blog-GlobalTimesClanak-600x338.jpg 600w, https:\/\/viktoria-naturally.com\/wp-content\/uploads\/2024\/10\/VIK-Blog-GlobalTimesClanak.jpg 1920w\" sizes=\"(max-width: 800px) 100vw, 800px\" \/>\t\t\t\t\t\t\t\t<\/a>\n\t\t\t\t\t\t\t\t\t\t\t\t\t\t\t<\/div>\n\t\t\t\t<div class=\"elementor-element elementor-element-9a87d7c elementor-widget elementor-widget-theme-post-title elementor-page-title elementor-widget-heading\" data-id=\"9a87d7c\" data-element_type=\"widget\" data-widget_type=\"theme-post-title.default\">\n\t\t\t\t\t<h1 class=\"elementor-heading-title elementor-size-default\"><a href=\"https:\/\/viktoria-naturally.com\/en\/objava\/intervju-s-brankicom-borovic-global-times\/\">Intervju s Brankicom Borovi\u0107 &#8211; Global Times<\/a><\/h1>\t\t\t\t<\/div>\n\t\t\t\t<div class=\"elementor-element elementor-element-5a8eea9 elementor-widget elementor-widget-theme-post-excerpt\" data-id=\"5a8eea9\" data-element_type=\"widget\" data-widget_type=\"theme-post-excerpt.default\">\n\t\t\t\t\t<p>Speaking to Brankica Borovi\u0107 via telephone call, her warm, inviting essence transmits from thousands of miles away. Her laugh is gentle yet infectious and her humility and accommodating nature are\t\t\t\t<\/div>\n\t\t\t\t<div class=\"elementor-element elementor-element-befda05 elementor-widget elementor-widget-button\" data-id=\"befda05\" data-element_type=\"widget\" data-widget_type=\"button.default\">\n\t\t\t\t\t\t\t\t\t\t<a class=\"elementor-button elementor-button-link elementor-size-sm\" href=\"https:\/\/viktoria-naturally.com\/en\/objava\/intervju-s-brankicom-borovic-global-times\/\">\n\t\t\t\t\t\t<span class=\"elementor-button-content-wrapper\">\n\t\t\t\t\t\t\t\t\t<span class=\"elementor-button-text\">Pro\u010ditaj vi\u0161e<\/span>\n\t\t\t\t\t<\/span>\n\t\t\t\t\t<\/a>\n\t\t\t\t\t\t\t\t<\/div>\n\t\t\t\t\t<\/div>\n\t\t\t\t<\/div>\n\t\t\t\t<\/div>\n\t\t\t\t<div data-elementor-type=\"loop-item\" data-elementor-id=\"6503\" class=\"elementor elementor-6503 e-loop-item e-loop-item-6497 post-6497 post type-post status-publish format-standard has-post-thumbnail hentry category-novosti\" data-elementor-post-type=\"elementor_library\" data-custom-edit-handle=\"1\">\n\t\t\t<div class=\"elementor-element elementor-element-d99f08f e-flex e-con-boxed e-con e-parent\" data-id=\"d99f08f\" data-element_type=\"container\">\n\t\t\t\t\t<div class=\"e-con-inner\">\n\t\t\t\t<div class=\"elementor-element elementor-element-abd4f96 elementor-widget elementor-widget-theme-post-featured-image elementor-widget-image\" data-id=\"abd4f96\" data-element_type=\"widget\" data-widget_type=\"theme-post-featured-image.default\">\n\t\t\t\t\t\t\t\t\t\t\t\t\t\t\t\t<a href=\"https:\/\/viktoria-naturally.com\/en\/objava\/prirodni-eliksir-ljepote-zasto-ukljuciti-magarece-mlijeko-u-beauty-rutinu\/\">\n\t\t\t\t\t\t\t<img decoding=\"async\" width=\"800\" height=\"451\" src=\"https:\/\/viktoria-naturally.com\/wp-content\/uploads\/2024\/02\/VIK-Blog-MagareceMlijekoB-e1729591523482-1024x577.jpg\" class=\"attachment-large size-large wp-image-6498\" alt=\"\" srcset=\"https:\/\/viktoria-naturally.com\/wp-content\/uploads\/2024\/02\/VIK-Blog-MagareceMlijekoB-e1729591523482-1024x577.jpg 1024w, https:\/\/viktoria-naturally.com\/wp-content\/uploads\/2024\/02\/VIK-Blog-MagareceMlijekoB-e1729591523482-300x169.jpg 300w, https:\/\/viktoria-naturally.com\/wp-content\/uploads\/2024\/02\/VIK-Blog-MagareceMlijekoB-e1729591523482-768x433.jpg 768w, https:\/\/viktoria-naturally.com\/wp-content\/uploads\/2024\/02\/VIK-Blog-MagareceMlijekoB-e1729591523482-18x10.jpg 18w, https:\/\/viktoria-naturally.com\/wp-content\/uploads\/2024\/02\/VIK-Blog-MagareceMlijekoB-e1729591523482-600x338.jpg 600w, https:\/\/viktoria-naturally.com\/wp-content\/uploads\/2024\/02\/VIK-Blog-MagareceMlijekoB-e1729591523482.jpg 1200w\" sizes=\"(max-width: 800px) 100vw, 800px\" \/>\t\t\t\t\t\t\t\t<\/a>\n\t\t\t\t\t\t\t\t\t\t\t\t\t\t\t<\/div>\n\t\t\t\t<div class=\"elementor-element elementor-element-9a87d7c elementor-widget elementor-widget-theme-post-title elementor-page-title elementor-widget-heading\" data-id=\"9a87d7c\" data-element_type=\"widget\" data-widget_type=\"theme-post-title.default\">\n\t\t\t\t\t<h1 class=\"elementor-heading-title elementor-size-default\"><a href=\"https:\/\/viktoria-naturally.com\/en\/objava\/prirodni-eliksir-ljepote-zasto-ukljuciti-magarece-mlijeko-u-beauty-rutinu\/\">Prirodni eliksir ljepote &#8211; Za\u0161to uklju\u010diti magare\u0107e mlijeko u beauty rutinu?<\/a><\/h1>\t\t\t\t<\/div>\n\t\t\t\t<div class=\"elementor-element elementor-element-5a8eea9 elementor-widget elementor-widget-theme-post-excerpt\" data-id=\"5a8eea9\" data-element_type=\"widget\" data-widget_type=\"theme-post-excerpt.default\">\n\t\t\t\t\t<p>Iako se svijet posljednjih godina strastveno okre\u0107e prirodi i njenim tajnama, magare\u0107e mlijeko i njegovi benefiti nisu otkriveni tek sad. Stolje\u0107ima je stara legenda da je Kleopatra, najpoznatljica kraljica Egipta,\t\t\t\t<\/div>\n\t\t\t\t<div class=\"elementor-element elementor-element-befda05 elementor-widget elementor-widget-button\" data-id=\"befda05\" data-element_type=\"widget\" data-widget_type=\"button.default\">\n\t\t\t\t\t\t\t\t\t\t<a class=\"elementor-button elementor-button-link elementor-size-sm\" href=\"https:\/\/viktoria-naturally.com\/en\/objava\/prirodni-eliksir-ljepote-zasto-ukljuciti-magarece-mlijeko-u-beauty-rutinu\/\">\n\t\t\t\t\t\t<span class=\"elementor-button-content-wrapper\">\n\t\t\t\t\t\t\t\t\t<span class=\"elementor-button-text\">Pro\u010ditaj vi\u0161e<\/span>\n\t\t\t\t\t<\/span>\n\t\t\t\t\t<\/a>\n\t\t\t\t\t\t\t\t<\/div>\n\t\t\t\t\t<\/div>\n\t\t\t\t<\/div>\n\t\t\t\t<\/div>\n\t\t\t\t<\/div>\n\t\t\n\t\t\t\t\t\t<\/div>\n\t\t\t\t<\/div>\n\t\t\t\t\t<\/div>\n\t\t\t\t<\/div>\n\t\t\t\t<\/div>\n\t\t","protected":false},"excerpt":{"rendered":"","protected":false},"author":1,"featured_media":0,"parent":0,"menu_order":0,"comment_status":"closed","ping_status":"closed","template":"","meta":{"inline_featured_image":false,"footnotes":""},"class_list":["post-6501","page","type-page","status-publish","hentry"],"yoast_head":"<!-- This site is optimized with the Yoast SEO plugin v27.0 - https:\/\/yoast.com\/product\/yoast-seo-wordpress\/ -->\n<title>Viktoria &#8902; novosti<\/title>\n<meta name=\"description\" content=\"prirodna kozmetika\" \/>\n<meta name=\"robots\" content=\"index, follow, max-snippet:-1, max-image-preview:large, max-video-preview:-1\" \/>\n<link rel=\"canonical\" href=\"https:\/\/viktoria-naturally.com\/en\/blog\/\" \/>\n<meta property=\"og:locale\" content=\"en_US\" \/>\n<meta property=\"og:type\" content=\"article\" \/>\n<meta property=\"og:title\" content=\"Viktoria &#8902; novosti\" \/>\n<meta property=\"og:description\" content=\"prirodna kozmetika\" \/>\n<meta property=\"og:url\" content=\"https:\/\/viktoria-naturally.com\/en\/blog\/\" \/>\n<meta property=\"og:site_name\" content=\"Viktoria\" \/>\n<meta property=\"article:publisher\" content=\"https:\/\/www.facebook.com\/Viktoria-Naturally-106938890909388\/\" \/>\n<meta property=\"article:modified_time\" content=\"2024-02-21T19:40:25+00:00\" \/>\n<meta property=\"og:image\" content=\"https:\/\/viktoria-naturally.com\/wp-content\/uploads\/2021\/11\/viktoria-prirodna-kozmetika-novi-logo-2021-eng.png\" \/>\n\t<meta property=\"og:image:width\" content=\"787\" \/>\n\t<meta property=\"og:image:height\" content=\"495\" \/>\n\t<meta property=\"og:image:type\" content=\"image\/png\" \/>\n<meta name=\"twitter:card\" content=\"summary_large_image\" \/>\n<meta name=\"twitter:label1\" content=\"Est. reading time\" \/>\n\t<meta name=\"twitter:data1\" content=\"1 minute\" \/>\n<script type=\"application\/ld+json\" class=\"yoast-schema-graph\">{\"@context\":\"https:\/\/schema.org\",\"@graph\":[{\"@type\":\"WebPage\",\"@id\":\"https:\/\/viktoria-naturally.com\/blog\/\",\"url\":\"https:\/\/viktoria-naturally.com\/blog\/\",\"name\":\"Viktoria &#8902; novosti\",\"isPartOf\":{\"@id\":\"https:\/\/viktoria-naturally.com\/#website\"},\"datePublished\":\"2024-02-21T19:31:36+00:00\",\"dateModified\":\"2024-02-21T19:40:25+00:00\",\"description\":\"prirodna kozmetika\",\"breadcrumb\":{\"@id\":\"https:\/\/viktoria-naturally.com\/blog\/#breadcrumb\"},\"inLanguage\":\"en-US\",\"potentialAction\":[{\"@type\":\"ReadAction\",\"target\":[\"https:\/\/viktoria-naturally.com\/blog\/\"]}]},{\"@type\":\"BreadcrumbList\",\"@id\":\"https:\/\/viktoria-naturally.com\/blog\/#breadcrumb\",\"itemListElement\":[{\"@type\":\"ListItem\",\"position\":1,\"name\":\"Po\u010detna stranica\",\"item\":\"https:\/\/viktoria-naturally.com\/\"},{\"@type\":\"ListItem\",\"position\":2,\"name\":\"novosti\"}]},{\"@type\":\"WebSite\",\"@id\":\"https:\/\/viktoria-naturally.com\/#website\",\"url\":\"https:\/\/viktoria-naturally.com\/\",\"name\":\"Viktoria Naturally\",\"description\":\"prirodna kozmetika\",\"publisher\":{\"@id\":\"https:\/\/viktoria-naturally.com\/#organization\"},\"potentialAction\":[{\"@type\":\"SearchAction\",\"target\":{\"@type\":\"EntryPoint\",\"urlTemplate\":\"https:\/\/viktoria-naturally.com\/?s={search_term_string}\"},\"query-input\":{\"@type\":\"PropertyValueSpecification\",\"valueRequired\":true,\"valueName\":\"search_term_string\"}}],\"inLanguage\":\"en-US\"},{\"@type\":\"Organization\",\"@id\":\"https:\/\/viktoria-naturally.com\/#organization\",\"name\":\"Viktoria-naturally\",\"url\":\"https:\/\/viktoria-naturally.com\/\",\"logo\":{\"@type\":\"ImageObject\",\"inLanguage\":\"en-US\",\"@id\":\"https:\/\/viktoria-naturally.com\/#\/schema\/logo\/image\/\",\"url\":\"https:\/\/viktoria-naturally.com\/wp-content\/uploads\/2021\/11\/mali-logo-web.jpg\",\"contentUrl\":\"https:\/\/viktoria-naturally.com\/wp-content\/uploads\/2021\/11\/mali-logo-web.jpg\",\"width\":512,\"height\":512,\"caption\":\"Viktoria-naturally\"},\"image\":{\"@id\":\"https:\/\/viktoria-naturally.com\/#\/schema\/logo\/image\/\"},\"sameAs\":[\"https:\/\/www.facebook.com\/Viktoria-Naturally-106938890909388\/\",\"https:\/\/www.instagram.com\/viktoria_naturally\/\"]}]}<\/script>\n<!-- \/ Yoast SEO plugin. -->","yoast_head_json":{"title":"Viktoria &#8902; novosti","description":"natural cosmetics","robots":{"index":"index","follow":"follow","max-snippet":"max-snippet:-1","max-image-preview":"max-image-preview:large","max-video-preview":"max-video-preview:-1"},"canonical":"https:\/\/viktoria-naturally.com\/en\/blog\/","og_locale":"en_US","og_type":"article","og_title":"Viktoria &#8902; novosti","og_description":"prirodna kozmetika","og_url":"https:\/\/viktoria-naturally.com\/en\/blog\/","og_site_name":"Viktoria","article_publisher":"https:\/\/www.facebook.com\/Viktoria-Naturally-106938890909388\/","article_modified_time":"2024-02-21T19:40:25+00:00","og_image":[{"width":787,"height":495,"url":"https:\/\/viktoria-naturally.com\/wp-content\/uploads\/2021\/11\/viktoria-prirodna-kozmetika-novi-logo-2021-eng.png","type":"image\/png"}],"twitter_card":"summary_large_image","twitter_misc":{"Est. reading time":"1 minute"},"schema":{"@context":"https:\/\/schema.org","@graph":[{"@type":"WebPage","@id":"https:\/\/viktoria-naturally.com\/blog\/","url":"https:\/\/viktoria-naturally.com\/blog\/","name":"Viktoria &#8902; novosti","isPartOf":{"@id":"https:\/\/viktoria-naturally.com\/#website"},"datePublished":"2024-02-21T19:31:36+00:00","dateModified":"2024-02-21T19:40:25+00:00","description":"natural cosmetics","breadcrumb":{"@id":"https:\/\/viktoria-naturally.com\/blog\/#breadcrumb"},"inLanguage":"en-US","potentialAction":[{"@type":"ReadAction","target":["https:\/\/viktoria-naturally.com\/blog\/"]}]},{"@type":"BreadcrumbList","@id":"https:\/\/viktoria-naturally.com\/blog\/#breadcrumb","itemListElement":[{"@type":"ListItem","position":1,"name":"Po\u010detna stranica","item":"https:\/\/viktoria-naturally.com\/"},{"@type":"ListItem","position":2,"name":"novosti"}]},{"@type":"WebSite","@id":"https:\/\/viktoria-naturally.com\/#website","url":"https:\/\/viktoria-naturally.com\/","name":"Viktoria Naturally","description":"natural cosmetics","publisher":{"@id":"https:\/\/viktoria-naturally.com\/#organization"},"potentialAction":[{"@type":"SearchAction","target":{"@type":"EntryPoint","urlTemplate":"https:\/\/viktoria-naturally.com\/?s={search_term_string}"},"query-input":{"@type":"PropertyValueSpecification","valueRequired":true,"valueName":"search_term_string"}}],"inLanguage":"en-US"},{"@type":"Organization","@id":"https:\/\/viktoria-naturally.com\/#organization","name":"Viktoria-naturally","url":"https:\/\/viktoria-naturally.com\/","logo":{"@type":"ImageObject","inLanguage":"en-US","@id":"https:\/\/viktoria-naturally.com\/#\/schema\/logo\/image\/","url":"https:\/\/viktoria-naturally.com\/wp-content\/uploads\/2021\/11\/mali-logo-web.jpg","contentUrl":"https:\/\/viktoria-naturally.com\/wp-content\/uploads\/2021\/11\/mali-logo-web.jpg","width":512,"height":512,"caption":"Viktoria-naturally"},"image":{"@id":"https:\/\/viktoria-naturally.com\/#\/schema\/logo\/image\/"},"sameAs":["https:\/\/www.facebook.com\/Viktoria-Naturally-106938890909388\/","https:\/\/www.instagram.com\/viktoria_naturally\/"]}]}},"_links":{"self":[{"href":"https:\/\/viktoria-naturally.com\/en\/wp-json\/wp\/v2\/pages\/6501","targetHints":{"allow":["GET"]}}],"collection":[{"href":"https:\/\/viktoria-naturally.com\/en\/wp-json\/wp\/v2\/pages"}],"about":[{"href":"https:\/\/viktoria-naturally.com\/en\/wp-json\/wp\/v2\/types\/page"}],"author":[{"embeddable":true,"href":"https:\/\/viktoria-naturally.com\/en\/wp-json\/wp\/v2\/users\/1"}],"replies":[{"embeddable":true,"href":"https:\/\/viktoria-naturally.com\/en\/wp-json\/wp\/v2\/comments?post=6501"}],"version-history":[{"count":0,"href":"https:\/\/viktoria-naturally.com\/en\/wp-json\/wp\/v2\/pages\/6501\/revisions"}],"wp:attachment":[{"href":"https:\/\/viktoria-naturally.com\/en\/wp-json\/wp\/v2\/media?parent=6501"}],"curies":[{"name":"wp","href":"https:\/\/api.w.org\/{rel}","templated":true}]}}