{"id":190,"date":"2019-11-26T21:56:30","date_gmt":"2019-11-26T21:56:30","guid":{"rendered":"http:\/\/viktoria-naturally.com\/?post_type=product&#038;p=190"},"modified":"2026-02-18T01:37:52","modified_gmt":"2026-02-18T00:37:52","slug":"barba-soap","status":"publish","type":"product","link":"https:\/\/viktoria-naturally.com\/en\/proizvod\/barba-soap\/","title":{"rendered":"barba soap 70 g"},"content":{"rendered":"<div data-elementor-type=\"product-post\" data-elementor-id=\"190\" class=\"elementor elementor-190\" data-elementor-post-type=\"product\">\n\t\t\t\t\t\t<section class=\"elementor-section elementor-top-section elementor-element elementor-element-5a39d428 elementor-section-content-middle elementor-section-boxed elementor-section-height-default elementor-section-height-default\" data-id=\"5a39d428\" data-element_type=\"section\">\n\t\t\t\t\t\t<div class=\"elementor-container elementor-column-gap-default\">\n\t\t\t\t\t<div class=\"elementor-column elementor-col-50 elementor-top-column elementor-element elementor-element-33465657\" data-id=\"33465657\" data-element_type=\"column\">\n\t\t\t<div class=\"elementor-widget-wrap elementor-element-populated\">\n\t\t\t\t\t\t<div class=\"elementor-element elementor-element-190f73ff yes elementor-widget elementor-widget-woocommerce-product-images\" data-id=\"190f73ff\" data-element_type=\"widget\" data-widget_type=\"woocommerce-product-images.default\">\n\t\t\t\t\t\n\t<span class=\"wcsob_soldout\">Sold out!<\/span>\n\t<div class=\"woocommerce-product-gallery woocommerce-product-gallery--with-images woocommerce-product-gallery--columns-4 images\" data-columns=\"4\" style=\"opacity: 0; transition: opacity .25s ease-in-out;\">\n\t<div class=\"woocommerce-product-gallery__wrapper\">\n\t\t<div data-thumb=\"https:\/\/viktoria-naturally.com\/wp-content\/uploads\/2019\/11\/Barba-soap-bijela-pozadina600-100x100.jpg\" data-thumb-alt=\"Barba soap 70g\" data-thumb-srcset=\"https:\/\/viktoria-naturally.com\/wp-content\/uploads\/2019\/11\/Barba-soap-bijela-pozadina600-100x100.jpg 100w, https:\/\/viktoria-naturally.com\/wp-content\/uploads\/2019\/11\/Barba-soap-bijela-pozadina600-600x600.jpg 600w, https:\/\/viktoria-naturally.com\/wp-content\/uploads\/2019\/11\/Barba-soap-bijela-pozadina600-150x150.jpg 150w, https:\/\/viktoria-naturally.com\/wp-content\/uploads\/2019\/11\/Barba-soap-bijela-pozadina600-11x12.jpg 11w\"  data-thumb-sizes=\"(max-width: 100px) 100vw, 100px\" class=\"woocommerce-product-gallery__image\"><a href=\"https:\/\/viktoria-naturally.com\/wp-content\/uploads\/2019\/11\/Barba-soap-bijela-pozadina600.jpg\"><img fetchpriority=\"high\" decoding=\"async\" width=\"600\" height=\"629\" src=\"https:\/\/viktoria-naturally.com\/wp-content\/uploads\/2019\/11\/Barba-soap-bijela-pozadina600.jpg\" class=\"wp-post-image\" alt=\"Barba soap 70g\" data-caption=\"\" data-src=\"https:\/\/viktoria-naturally.com\/wp-content\/uploads\/2019\/11\/Barba-soap-bijela-pozadina600.jpg\" data-large_image=\"https:\/\/viktoria-naturally.com\/wp-content\/uploads\/2019\/11\/Barba-soap-bijela-pozadina600.jpg\" data-large_image_width=\"600\" data-large_image_height=\"629\" srcset=\"https:\/\/viktoria-naturally.com\/wp-content\/uploads\/2019\/11\/Barba-soap-bijela-pozadina600.jpg 600w, https:\/\/viktoria-naturally.com\/wp-content\/uploads\/2019\/11\/Barba-soap-bijela-pozadina600-286x300.jpg 286w, https:\/\/viktoria-naturally.com\/wp-content\/uploads\/2019\/11\/Barba-soap-bijela-pozadina600-11x12.jpg 11w\" sizes=\"(max-width: 600px) 100vw, 600px\" \/><\/a><\/div>\t<\/div>\n<\/div>\n\t\t\t\t<\/div>\n\t\t\t\t\t<\/div>\n\t\t<\/div>\n\t\t\t\t<div class=\"elementor-column elementor-col-50 elementor-top-column elementor-element elementor-element-1784be27\" data-id=\"1784be27\" data-element_type=\"column\">\n\t\t\t<div class=\"elementor-widget-wrap elementor-element-populated\">\n\t\t\t\t\t\t<div class=\"elementor-element elementor-element-4abe195f elementor-woo-meta--view-inline elementor-widget elementor-widget-woocommerce-product-meta\" data-id=\"4abe195f\" data-element_type=\"widget\" data-widget_type=\"woocommerce-product-meta.default\">\n\t\t\t\t\t\t\t<div class=\"product_meta\">\n\n\t\t\t\n\t\t\t\n\t\t\t\t\t\t\t<span class=\"posted_in detail-container\"><span class=\"detail-label\">Category<\/span> <span class=\"detail-content\"><a href=\"https:\/\/viktoria-naturally.com\/en\/kategorija\/linija-za-muskarce\/\" rel=\"tag\">A line for men<\/a><\/span><\/span>\n\t\t\t\n\t\t\t\n\t\t\t\n\t\t<\/div>\n\t\t\t\t\t\t<\/div>\n\t\t\t\t<div class=\"elementor-element elementor-element-a71fdae elementor-widget elementor-widget-woocommerce-product-title elementor-page-title elementor-widget-heading\" data-id=\"a71fdae\" data-element_type=\"widget\" data-widget_type=\"woocommerce-product-title.default\">\n\t\t\t\t\t<h1 class=\"product_title entry-title elementor-heading-title elementor-size-default\">barba soap 70 g<\/h1>\t\t\t\t<\/div>\n\t\t\t\t<div class=\"elementor-element elementor-element-2d0afdff elementor-widget elementor-widget-woocommerce-product-short-description\" data-id=\"2d0afdff\" data-element_type=\"widget\" data-widget_type=\"woocommerce-product-short-description.default\">\n\t\t\t\t\t<div class=\"woocommerce-product-details__short-description\">\n\t<p>Soap for shaving, cleansing and grooming beards.<\/p>\n<\/div>\n\t\t\t\t<\/div>\n\t\t\t\t<div class=\"elementor-element elementor-element-5174aec elementor-widget elementor-widget-woocommerce-product-stock\" data-id=\"5174aec\" data-element_type=\"widget\" data-widget_type=\"woocommerce-product-stock.default\">\n\t\t\t\t\t<p class=\"wcsob_soldout_text\">Sold out!<\/p>\t\t\t\t<\/div>\n\t\t\t\t<div class=\"elementor-element elementor-element-4f4e81f9 elementor-widget elementor-widget-woocommerce-product-price\" data-id=\"4f4e81f9\" data-element_type=\"widget\" data-widget_type=\"woocommerce-product-price.default\">\n\t\t\t\t\t<p class=\"price\"><span class=\"woocommerce-Price-amount amount\"><bdi>10.95<span class=\"woocommerce-Price-currencySymbol\">\u20ac<\/span><\/bdi><\/span><\/p>\n\t\t\t\t<\/div>\n\t\t\t\t<div class=\"elementor-element elementor-element-62141af3 elementor-add-to-cart--align-left elementor-add-to-cart-tablet--align-justify elementor-widget elementor-widget-wc-add-to-cart\" data-id=\"62141af3\" data-element_type=\"widget\" data-widget_type=\"wc-add-to-cart.default\">\n\t\t\t\t\t\t\t\t\t\t<a rel=\"nofollow\" href=\"https:\/\/viktoria-naturally.com\/en\/product\/barba-soap\/\" data-quantity=\"1\" data-product_id=\"190\" class=\"product_type_simple ajax_add_to_cart elementor-button elementor-size-sm\" role=\"button\">\n\t\t\t\t\t\t<span class=\"elementor-button-content-wrapper\">\n\t\t\t\t\t\t<span class=\"elementor-button-icon\">\n\t\t\t\t<svg aria-hidden=\"true\" class=\"e-font-icon-svg e-fas-shopping-cart\" viewbox=\"0 0 576 512\" xmlns=\"http:\/\/www.w3.org\/2000\/svg\"><path d=\"M528.12 301.319l47.273-208C578.806 78.301 567.391 64 551.99 64H159.208l-9.166-44.81C147.758 8.021 137.93 0 126.529 0H24C10.745 0 0 10.745 0 24v16c0 13.255 10.745 24 24 24h69.883l70.248 343.435C147.325 417.1 136 435.222 136 456c0 30.928 25.072 56 56 56s56-25.072 56-56c0-15.674-6.447-29.835-16.824-40h209.647C430.447 426.165 424 440.326 424 456c0 30.928 25.072 56 56 56s56-25.072 56-56c0-22.172-12.888-41.332-31.579-50.405l5.517-24.276c3.413-15.018-8.002-29.319-23.403-29.319H218.117l-6.545-32h293.145c11.206 0 20.92-7.754 23.403-18.681z\"><\/path><\/svg>\t\t\t<\/span>\n\t\t\t\t\t\t\t\t\t<span class=\"elementor-button-text\">add to cart<\/span>\n\t\t\t\t\t<\/span>\n\t\t\t\t\t<\/a>\n\t\t\t\t\t\t\t\t<\/div>\n\t\t\t\t\t<\/div>\n\t\t<\/div>\n\t\t\t\t\t<\/div>\n\t\t<\/section>\n\t\t\t\t<section class=\"elementor-section elementor-top-section elementor-element elementor-element-788951fc elementor-section-boxed elementor-section-height-default elementor-section-height-default\" data-id=\"788951fc\" data-element_type=\"section\">\n\t\t\t\t\t\t<div class=\"elementor-container elementor-column-gap-default\">\n\t\t\t\t\t<div class=\"elementor-column elementor-col-100 elementor-top-column elementor-element elementor-element-54adc832\" data-id=\"54adc832\" data-element_type=\"column\">\n\t\t\t<div class=\"elementor-widget-wrap elementor-element-populated\">\n\t\t\t\t\t\t<div class=\"elementor-element elementor-element-2d5cf453 elementor-widget elementor-widget-text-editor\" data-id=\"2d5cf453\" data-element_type=\"widget\" data-widget_type=\"text-editor.default\">\n\t\t\t\t\t\t\t\t\t<p>BARBA SOAP \u2013 70 g<br \/>Soap for shaving, cleansing and grooming beards.<\/p><p>Description: In addition to nourishing olive oil, barba soap contains cocoa and shea\nbutter, as well as castor oil, what makes is particularly creamy and ideal for shaving.\nEssential oils give it an elegant woody scent.<br \/>Ingredients: Olea Europaea Fruit Oil, Aqua, Cocos Nucifera Oil, Sodium Hydroxide,\nTheobroma Cacao Seed Butter, Butyrospermum Parkii Butter, Ricinus Communis Seed\nOil, Montmorillonite, Potassium Alum, Cedrus Atlantica Bark Oil, Eucalyptus Globulus\nLeaf Oil, Citrus Limon Peel Oil, Lavandula Angustifolia Oil, Limonene, Linalool.<\/p><p>All of our products contain only vegetable waxes and a preservative approved for use in\norganic cosmetics.<\/p><p>Warning: For external use only.<br \/>Store in a cool, dry and dark place. Keep out of reach of children.<\/p>\t\t\t\t\t\t\t\t<\/div>\n\t\t\t\t\t<\/div>\n\t\t<\/div>\n\t\t\t\t\t<\/div>\n\t\t<\/section>\n\t\t\t\t<section class=\"elementor-section elementor-top-section elementor-element elementor-element-69318f8 elementor-section-boxed elementor-section-height-default elementor-section-height-default\" data-id=\"69318f8\" data-element_type=\"section\">\n\t\t\t\t\t\t<div class=\"elementor-container elementor-column-gap-default\">\n\t\t\t\t\t<div class=\"elementor-column elementor-col-100 elementor-top-column elementor-element elementor-element-2e676ad\" data-id=\"2e676ad\" data-element_type=\"column\" data-settings=\"{&quot;background_background&quot;:&quot;classic&quot;}\">\n\t\t\t<div class=\"elementor-widget-wrap elementor-element-populated\">\n\t\t\t\t\t<div class=\"elementor-background-overlay\"><\/div>\n\t\t\t\t\t\t<div class=\"elementor-element elementor-element-b9066df elementor-widget elementor-widget-spacer\" data-id=\"b9066df\" data-element_type=\"widget\" data-widget_type=\"spacer.default\">\n\t\t\t\t\t\t\t<div class=\"elementor-spacer\">\n\t\t\t<div class=\"elementor-spacer-inner\"><\/div>\n\t\t<\/div>\n\t\t\t\t\t\t<\/div>\n\t\t\t\t\t<\/div>\n\t\t<\/div>\n\t\t\t\t\t<\/div>\n\t\t<\/section>\n\t\t\t\t<section class=\"elementor-section elementor-top-section elementor-element elementor-element-5b237c30 elementor-section-boxed elementor-section-height-default elementor-section-height-default\" data-id=\"5b237c30\" data-element_type=\"section\">\n\t\t\t\t\t\t<div class=\"elementor-container elementor-column-gap-default\">\n\t\t\t\t\t<div class=\"elementor-column elementor-col-100 elementor-top-column elementor-element elementor-element-2eac5a56\" data-id=\"2eac5a56\" data-element_type=\"column\">\n\t\t\t<div class=\"elementor-widget-wrap elementor-element-populated\">\n\t\t\t\t\t\t<div class=\"elementor-element elementor-element-1e3bc1c1 elementor-widget-divider--view-line elementor-widget elementor-widget-divider\" data-id=\"1e3bc1c1\" data-element_type=\"widget\" data-widget_type=\"divider.default\">\n\t\t\t\t\t\t\t<div class=\"elementor-divider\">\n\t\t\t<span class=\"elementor-divider-separator\">\n\t\t\t\t\t\t<\/span>\n\t\t<\/div>\n\t\t\t\t\t\t<\/div>\n\t\t\t\t<div class=\"elementor-element elementor-element-4715b5fd elementor-widget elementor-widget-heading\" data-id=\"4715b5fd\" data-element_type=\"widget\" data-widget_type=\"heading.default\">\n\t\t\t\t\t<h2 class=\"elementor-heading-title elementor-size-default\">RELATED PRODUCTS<\/h2>\t\t\t\t<\/div>\n\t\t\t\t<div class=\"elementor-element elementor-element-2c14e1cb elementor-product-loop-item--align-left elementor-grid-4 elementor-grid-tablet-3 elementor-grid-mobile-2 elementor-products-grid elementor-wc-products elementor-widget elementor-widget-woocommerce-products\" data-id=\"2c14e1cb\" data-element_type=\"widget\" data-widget_type=\"woocommerce-products.default\">\n\t\t\t\t<div class=\"elementor-widget-container\">\n\t\t\t\t\t<div class=\"woocommerce columns-4\"><ul class=\"products elementor-grid columns-4\">\n<li class=\"product type-product post-211 status-publish first outofstock product_cat-linija-za-muskarce has-post-thumbnail purchasable product-type-simple\">\n\t<a href=\"https:\/\/viktoria-naturally.com\/en\/proizvod\/barba-balm-50ml\/\" class=\"woocommerce-LoopProduct-link woocommerce-loop-product__link\">\n\t<span class=\"wcsob_soldout\">Sold out!<\/span>\n\t<img decoding=\"async\" width=\"600\" height=\"600\" src=\"https:\/\/viktoria-naturally.com\/wp-content\/uploads\/2019\/11\/barba-50-bijela-pozadina-600-600x600.jpg\" class=\"attachment-woocommerce_thumbnail size-woocommerce_thumbnail\" alt=\"barba balm - balzam za bradu 50ml\" srcset=\"https:\/\/viktoria-naturally.com\/wp-content\/uploads\/2019\/11\/barba-50-bijela-pozadina-600-600x600.jpg 600w, https:\/\/viktoria-naturally.com\/wp-content\/uploads\/2019\/11\/barba-50-bijela-pozadina-600-100x100.jpg 100w, https:\/\/viktoria-naturally.com\/wp-content\/uploads\/2019\/11\/barba-50-bijela-pozadina-600-150x150.jpg 150w, https:\/\/viktoria-naturally.com\/wp-content\/uploads\/2019\/11\/barba-50-bijela-pozadina-600-11x12.jpg 11w\" sizes=\"(max-width: 600px) 100vw, 600px\" \/><h2 class=\"woocommerce-loop-product__title\">barba balm \u2013 beard balm 50ml<\/h2>\n\t<span class=\"price\"><span class=\"woocommerce-Price-amount amount\"><bdi>25.99<span class=\"woocommerce-Price-currencySymbol\">\u20ac<\/span><\/bdi><\/span><\/span>\n<\/a><a href=\"https:\/\/viktoria-naturally.com\/en\/proizvod\/barba-balm-50ml\/\" aria-describedby=\"woocommerce_loop_add_to_cart_link_describedby_211\" data-quantity=\"1\" class=\"button product_type_simple\" data-product_id=\"211\" data-product_sku=\"\" aria-label=\"Read more about \u201cbarba balm - balzam za bradu 50ml\u201d\" rel=\"nofollow\" data-success_message=\"\" data-no-translation=\"\" data-trp-gettext=\"\" data-no-translation-aria-label=\"\">Read more<\/a>\t<span id=\"woocommerce_loop_add_to_cart_link_describedby_211\" class=\"screen-reader-text\">\n\t\t\t<\/span>\n<\/li>\n<\/ul>\n<\/div>\t\t\t\t<\/div>\n\t\t\t\t<\/div>\n\t\t\t\t\t<\/div>\n\t\t<\/div>\n\t\t\t\t\t<\/div>\n\t\t<\/section>\n\t\t\t\t<\/div>","protected":false},"excerpt":{"rendered":"<p>Soap for shaving, cleansing and grooming beards.<\/p>","protected":false},"featured_media":2652,"comment_status":"open","ping_status":"closed","template":"elementor_header_footer","meta":{"inline_featured_image":false},"product_brand":[],"product_cat":[119],"product_tag":[],"class_list":{"0":"post-190","1":"product","2":"type-product","3":"status-publish","4":"has-post-thumbnail","6":"product_cat-linija-za-muskarce","8":"first","9":"outofstock","10":"purchasable","11":"product-type-simple"},"yoast_head":"<!-- This site is optimized with the Yoast SEO plugin v27.0 - https:\/\/yoast.com\/product\/yoast-seo-wordpress\/ -->\n<title>Barba soap 70g &#8902; Viktoria<\/title>\n<meta name=\"robots\" content=\"index, follow, max-snippet:-1, max-image-preview:large, max-video-preview:-1\" \/>\n<link rel=\"canonical\" href=\"https:\/\/viktoria-naturally.com\/en\/product\/barba-soap\/\" \/>\n<meta property=\"og:locale\" content=\"en_US\" \/>\n<meta property=\"og:type\" content=\"article\" \/>\n<meta property=\"og:title\" content=\"Barba soap 70g &#8902; Viktoria\" \/>\n<meta property=\"og:description\" content=\"Sapun za brijanje, \u010di\u0161\u0107enje i njegu brade i ko\u017ee.\" \/>\n<meta property=\"og:url\" content=\"https:\/\/viktoria-naturally.com\/en\/product\/barba-soap\/\" \/>\n<meta property=\"og:site_name\" content=\"Viktoria\" \/>\n<meta property=\"article:publisher\" content=\"https:\/\/www.facebook.com\/Viktoria-Naturally-106938890909388\/\" \/>\n<meta property=\"article:modified_time\" content=\"2026-02-18T00:37:52+00:00\" \/>\n<meta property=\"og:image\" content=\"https:\/\/viktoria-naturally.com\/wp-content\/uploads\/2019\/11\/Barba-soap-bijela-pozadina600.jpg\" \/>\n\t<meta property=\"og:image:width\" content=\"600\" \/>\n\t<meta property=\"og:image:height\" content=\"629\" \/>\n\t<meta property=\"og:image:type\" content=\"image\/jpeg\" \/>\n<meta name=\"twitter:card\" content=\"summary_large_image\" \/>\n<meta name=\"twitter:label1\" content=\"Est. reading time\" \/>\n\t<meta name=\"twitter:data1\" content=\"1 minute\" \/>\n<script type=\"application\/ld+json\" class=\"yoast-schema-graph\">{\"@context\":\"https:\/\/schema.org\",\"@graph\":[{\"@type\":\"WebPage\",\"@id\":\"https:\/\/viktoria-naturally.com\/proizvod\/barba-soap\/\",\"url\":\"https:\/\/viktoria-naturally.com\/proizvod\/barba-soap\/\",\"name\":\"Barba soap 70g &#8902; Viktoria\",\"isPartOf\":{\"@id\":\"https:\/\/viktoria-naturally.com\/#website\"},\"primaryImageOfPage\":{\"@id\":\"https:\/\/viktoria-naturally.com\/proizvod\/barba-soap\/#primaryimage\"},\"image\":{\"@id\":\"https:\/\/viktoria-naturally.com\/proizvod\/barba-soap\/#primaryimage\"},\"thumbnailUrl\":\"https:\/\/viktoria-naturally.com\/wp-content\/uploads\/2019\/11\/Barba-soap-bijela-pozadina600.jpg\",\"datePublished\":\"2019-11-26T21:56:30+00:00\",\"dateModified\":\"2026-02-18T00:37:52+00:00\",\"breadcrumb\":{\"@id\":\"https:\/\/viktoria-naturally.com\/proizvod\/barba-soap\/#breadcrumb\"},\"inLanguage\":\"en-US\",\"potentialAction\":[{\"@type\":\"ReadAction\",\"target\":[\"https:\/\/viktoria-naturally.com\/proizvod\/barba-soap\/\"]}]},{\"@type\":\"ImageObject\",\"inLanguage\":\"en-US\",\"@id\":\"https:\/\/viktoria-naturally.com\/proizvod\/barba-soap\/#primaryimage\",\"url\":\"https:\/\/viktoria-naturally.com\/wp-content\/uploads\/2019\/11\/Barba-soap-bijela-pozadina600.jpg\",\"contentUrl\":\"https:\/\/viktoria-naturally.com\/wp-content\/uploads\/2019\/11\/Barba-soap-bijela-pozadina600.jpg\",\"width\":600,\"height\":629},{\"@type\":\"BreadcrumbList\",\"@id\":\"https:\/\/viktoria-naturally.com\/proizvod\/barba-soap\/#breadcrumb\",\"itemListElement\":[{\"@type\":\"ListItem\",\"position\":1,\"name\":\"Po\u010detna stranica\",\"item\":\"https:\/\/viktoria-naturally.com\/\"},{\"@type\":\"ListItem\",\"position\":2,\"name\":\"Proizvodi\",\"item\":\"https:\/\/viktoria-naturally.com\/shop\/\"},{\"@type\":\"ListItem\",\"position\":3,\"name\":\"Barba soap 70g\"}]},{\"@type\":\"WebSite\",\"@id\":\"https:\/\/viktoria-naturally.com\/#website\",\"url\":\"https:\/\/viktoria-naturally.com\/\",\"name\":\"Viktoria Naturally\",\"description\":\"prirodna kozmetika\",\"publisher\":{\"@id\":\"https:\/\/viktoria-naturally.com\/#organization\"},\"potentialAction\":[{\"@type\":\"SearchAction\",\"target\":{\"@type\":\"EntryPoint\",\"urlTemplate\":\"https:\/\/viktoria-naturally.com\/?s={search_term_string}\"},\"query-input\":{\"@type\":\"PropertyValueSpecification\",\"valueRequired\":true,\"valueName\":\"search_term_string\"}}],\"inLanguage\":\"en-US\"},{\"@type\":\"Organization\",\"@id\":\"https:\/\/viktoria-naturally.com\/#organization\",\"name\":\"Viktoria-naturally\",\"url\":\"https:\/\/viktoria-naturally.com\/\",\"logo\":{\"@type\":\"ImageObject\",\"inLanguage\":\"en-US\",\"@id\":\"https:\/\/viktoria-naturally.com\/#\/schema\/logo\/image\/\",\"url\":\"https:\/\/viktoria-naturally.com\/wp-content\/uploads\/2021\/11\/mali-logo-web.jpg\",\"contentUrl\":\"https:\/\/viktoria-naturally.com\/wp-content\/uploads\/2021\/11\/mali-logo-web.jpg\",\"width\":512,\"height\":512,\"caption\":\"Viktoria-naturally\"},\"image\":{\"@id\":\"https:\/\/viktoria-naturally.com\/#\/schema\/logo\/image\/\"},\"sameAs\":[\"https:\/\/www.facebook.com\/Viktoria-Naturally-106938890909388\/\",\"https:\/\/www.instagram.com\/viktoria_naturally\/\"]}]}<\/script>\n<!-- \/ Yoast SEO plugin. -->","yoast_head_json":{"title":"Barba soap 70g &#8902; Viktoria","robots":{"index":"index","follow":"follow","max-snippet":"max-snippet:-1","max-image-preview":"max-image-preview:large","max-video-preview":"max-video-preview:-1"},"canonical":"https:\/\/viktoria-naturally.com\/en\/product\/barba-soap\/","og_locale":"en_US","og_type":"article","og_title":"Barba soap 70g &#8902; Viktoria","og_description":"Sapun za brijanje, \u010di\u0161\u0107enje i njegu brade i ko\u017ee.","og_url":"https:\/\/viktoria-naturally.com\/en\/product\/barba-soap\/","og_site_name":"Viktoria","article_publisher":"https:\/\/www.facebook.com\/Viktoria-Naturally-106938890909388\/","article_modified_time":"2026-02-18T00:37:52+00:00","og_image":[{"width":600,"height":629,"url":"https:\/\/viktoria-naturally.com\/wp-content\/uploads\/2019\/11\/Barba-soap-bijela-pozadina600.jpg","type":"image\/jpeg"}],"twitter_card":"summary_large_image","twitter_misc":{"Est. reading time":"1 minute"},"schema":{"@context":"https:\/\/schema.org","@graph":[{"@type":"WebPage","@id":"https:\/\/viktoria-naturally.com\/proizvod\/barba-soap\/","url":"https:\/\/viktoria-naturally.com\/proizvod\/barba-soap\/","name":"Barba soap 70g &#8902; Viktoria","isPartOf":{"@id":"https:\/\/viktoria-naturally.com\/#website"},"primaryImageOfPage":{"@id":"https:\/\/viktoria-naturally.com\/proizvod\/barba-soap\/#primaryimage"},"image":{"@id":"https:\/\/viktoria-naturally.com\/proizvod\/barba-soap\/#primaryimage"},"thumbnailUrl":"https:\/\/viktoria-naturally.com\/wp-content\/uploads\/2019\/11\/Barba-soap-bijela-pozadina600.jpg","datePublished":"2019-11-26T21:56:30+00:00","dateModified":"2026-02-18T00:37:52+00:00","breadcrumb":{"@id":"https:\/\/viktoria-naturally.com\/proizvod\/barba-soap\/#breadcrumb"},"inLanguage":"en-US","potentialAction":[{"@type":"ReadAction","target":["https:\/\/viktoria-naturally.com\/proizvod\/barba-soap\/"]}]},{"@type":"ImageObject","inLanguage":"en-US","@id":"https:\/\/viktoria-naturally.com\/proizvod\/barba-soap\/#primaryimage","url":"https:\/\/viktoria-naturally.com\/wp-content\/uploads\/2019\/11\/Barba-soap-bijela-pozadina600.jpg","contentUrl":"https:\/\/viktoria-naturally.com\/wp-content\/uploads\/2019\/11\/Barba-soap-bijela-pozadina600.jpg","width":600,"height":629},{"@type":"BreadcrumbList","@id":"https:\/\/viktoria-naturally.com\/proizvod\/barba-soap\/#breadcrumb","itemListElement":[{"@type":"ListItem","position":1,"name":"Po\u010detna stranica","item":"https:\/\/viktoria-naturally.com\/"},{"@type":"ListItem","position":2,"name":"Proizvodi","item":"https:\/\/viktoria-naturally.com\/shop\/"},{"@type":"ListItem","position":3,"name":"Barba soap 70g"}]},{"@type":"WebSite","@id":"https:\/\/viktoria-naturally.com\/#website","url":"https:\/\/viktoria-naturally.com\/","name":"Viktoria Naturally","description":"natural cosmetics","publisher":{"@id":"https:\/\/viktoria-naturally.com\/#organization"},"potentialAction":[{"@type":"SearchAction","target":{"@type":"EntryPoint","urlTemplate":"https:\/\/viktoria-naturally.com\/?s={search_term_string}"},"query-input":{"@type":"PropertyValueSpecification","valueRequired":true,"valueName":"search_term_string"}}],"inLanguage":"en-US"},{"@type":"Organization","@id":"https:\/\/viktoria-naturally.com\/#organization","name":"Viktoria-naturally","url":"https:\/\/viktoria-naturally.com\/","logo":{"@type":"ImageObject","inLanguage":"en-US","@id":"https:\/\/viktoria-naturally.com\/#\/schema\/logo\/image\/","url":"https:\/\/viktoria-naturally.com\/wp-content\/uploads\/2021\/11\/mali-logo-web.jpg","contentUrl":"https:\/\/viktoria-naturally.com\/wp-content\/uploads\/2021\/11\/mali-logo-web.jpg","width":512,"height":512,"caption":"Viktoria-naturally"},"image":{"@id":"https:\/\/viktoria-naturally.com\/#\/schema\/logo\/image\/"},"sameAs":["https:\/\/www.facebook.com\/Viktoria-Naturally-106938890909388\/","https:\/\/www.instagram.com\/viktoria_naturally\/"]}]}},"_links":{"self":[{"href":"https:\/\/viktoria-naturally.com\/en\/wp-json\/wp\/v2\/product\/190","targetHints":{"allow":["GET"]}}],"collection":[{"href":"https:\/\/viktoria-naturally.com\/en\/wp-json\/wp\/v2\/product"}],"about":[{"href":"https:\/\/viktoria-naturally.com\/en\/wp-json\/wp\/v2\/types\/product"}],"replies":[{"embeddable":true,"href":"https:\/\/viktoria-naturally.com\/en\/wp-json\/wp\/v2\/comments?post=190"}],"version-history":[{"count":1,"href":"https:\/\/viktoria-naturally.com\/en\/wp-json\/wp\/v2\/product\/190\/revisions"}],"predecessor-version":[{"id":8702,"href":"https:\/\/viktoria-naturally.com\/en\/wp-json\/wp\/v2\/product\/190\/revisions\/8702"}],"wp:featuredmedia":[{"embeddable":true,"href":"https:\/\/viktoria-naturally.com\/en\/wp-json\/wp\/v2\/media\/2652"}],"wp:attachment":[{"href":"https:\/\/viktoria-naturally.com\/en\/wp-json\/wp\/v2\/media?parent=190"}],"wp:term":[{"taxonomy":"product_brand","embeddable":true,"href":"https:\/\/viktoria-naturally.com\/en\/wp-json\/wp\/v2\/product_brand?post=190"},{"taxonomy":"product_cat","embeddable":true,"href":"https:\/\/viktoria-naturally.com\/en\/wp-json\/wp\/v2\/product_cat?post=190"},{"taxonomy":"product_tag","embeddable":true,"href":"https:\/\/viktoria-naturally.com\/en\/wp-json\/wp\/v2\/product_tag?post=190"}],"curies":[{"name":"wp","href":"https:\/\/api.w.org\/{rel}","templated":true}]}}