{"id":5545,"date":"2023-10-13T17:24:20","date_gmt":"2023-10-13T17:24:20","guid":{"rendered":"https:\/\/viktoria-naturally.com\/?post_type=product&#038;p=5545"},"modified":"2026-02-18T01:37:48","modified_gmt":"2026-02-18T00:37:48","slug":"losion-za-tijelo-s-magarecim-mlijekom-51-gratis","status":"publish","type":"product","link":"https:\/\/viktoria-naturally.com\/en\/proizvod\/losion-za-tijelo-s-magarecim-mlijekom-51-gratis\/","title":{"rendered":"donkey milk body lotion 5+1 free"},"content":{"rendered":"<div data-elementor-type=\"product-post\" data-elementor-id=\"5545\" class=\"elementor elementor-5545\" data-elementor-post-type=\"product\">\n\t\t\t\t\t\t<section class=\"elementor-section elementor-top-section elementor-element elementor-element-4b4de6d elementor-section-content-middle elementor-section-boxed elementor-section-height-default elementor-section-height-default\" data-id=\"4b4de6d\" data-element_type=\"section\">\n\t\t\t\t\t\t<div class=\"elementor-container elementor-column-gap-default\">\n\t\t\t\t\t<div class=\"elementor-column elementor-col-33 elementor-top-column elementor-element elementor-element-501a480 elementor-hidden-desktop elementor-hidden-tablet elementor-hidden-mobile\" data-id=\"501a480\" data-element_type=\"column\">\n\t\t\t<div class=\"elementor-widget-wrap elementor-element-populated\">\n\t\t\t\t\t\t<div class=\"elementor-element elementor-element-329f6d9 elementor-widget elementor-widget-video\" data-id=\"329f6d9\" data-element_type=\"widget\" data-settings=\"{&quot;video_type&quot;:&quot;vimeo&quot;,&quot;mute&quot;:&quot;yes&quot;,&quot;loop&quot;:&quot;yes&quot;,&quot;yt_privacy&quot;:&quot;yes&quot;}\" data-widget_type=\"video.default\">\n\t\t\t\t\t\t\t<div class=\"elementor-wrapper elementor-open-inline\">\n\t\t\t<iframe class=\"elementor-video-iframe\" allowfullscreen allow=\"clipboard-write\" title=\"vimeo video player\" src=\"https:\/\/player.vimeo.com\/video\/922389197?color&amp;autopause=0&amp;dnt=true&amp;loop=1&amp;muted=1&amp;title=0&amp;portrait=1&amp;byline=0#t=\"><\/iframe>\t\t<\/div>\n\t\t\t\t\t\t<\/div>\n\t\t\t\t\t<\/div>\n\t\t<\/div>\n\t\t\t\t<div class=\"elementor-column elementor-col-33 elementor-top-column elementor-element elementor-element-3814b9e\" data-id=\"3814b9e\" data-element_type=\"column\">\n\t\t\t<div class=\"elementor-widget-wrap elementor-element-populated\">\n\t\t\t\t\t\t<div class=\"elementor-element elementor-element-751c722 yes elementor-widget elementor-widget-woocommerce-product-images\" data-id=\"751c722\" data-element_type=\"widget\" data-widget_type=\"woocommerce-product-images.default\">\n\t\t\t\t\t<div class=\"woocommerce-product-gallery woocommerce-product-gallery--with-images woocommerce-product-gallery--columns-4 images\" data-columns=\"4\" style=\"opacity: 0; transition: opacity .25s ease-in-out;\">\n\t<div class=\"woocommerce-product-gallery__wrapper\">\n\t\t<div data-thumb=\"https:\/\/viktoria-naturally.com\/wp-content\/uploads\/2023\/10\/losion-5-1-gratis-100x100.jpg\" data-thumb-alt=\"Losion za tijelo s magare\u0107im mlijekom 5+1 gratis\" data-thumb-srcset=\"https:\/\/viktoria-naturally.com\/wp-content\/uploads\/2023\/10\/losion-5-1-gratis-100x100.jpg 100w, https:\/\/viktoria-naturally.com\/wp-content\/uploads\/2023\/10\/losion-5-1-gratis-150x150.jpg 150w\"  data-thumb-sizes=\"(max-width: 100px) 100vw, 100px\" class=\"woocommerce-product-gallery__image\"><a href=\"https:\/\/viktoria-naturally.com\/wp-content\/uploads\/2023\/10\/losion-5-1-gratis.jpg\"><img fetchpriority=\"high\" decoding=\"async\" width=\"600\" height=\"481\" src=\"https:\/\/viktoria-naturally.com\/wp-content\/uploads\/2023\/10\/losion-5-1-gratis.jpg\" class=\"wp-post-image\" alt=\"Losion za tijelo s magare\u0107im mlijekom 5+1 gratis\" data-caption=\"\" data-src=\"https:\/\/viktoria-naturally.com\/wp-content\/uploads\/2023\/10\/losion-5-1-gratis.jpg\" data-large_image=\"https:\/\/viktoria-naturally.com\/wp-content\/uploads\/2023\/10\/losion-5-1-gratis.jpg\" data-large_image_width=\"600\" data-large_image_height=\"481\" srcset=\"https:\/\/viktoria-naturally.com\/wp-content\/uploads\/2023\/10\/losion-5-1-gratis.jpg 600w, https:\/\/viktoria-naturally.com\/wp-content\/uploads\/2023\/10\/losion-5-1-gratis-300x241.jpg 300w, https:\/\/viktoria-naturally.com\/wp-content\/uploads\/2023\/10\/losion-5-1-gratis-15x12.jpg 15w\" sizes=\"(max-width: 600px) 100vw, 600px\" \/><\/a><\/div>\t<\/div>\n<\/div>\n\t\t\t\t<\/div>\n\t\t\t\t\t<\/div>\n\t\t<\/div>\n\t\t\t\t<div class=\"elementor-column elementor-col-33 elementor-top-column elementor-element elementor-element-5ad016a3\" data-id=\"5ad016a3\" data-element_type=\"column\">\n\t\t\t<div class=\"elementor-widget-wrap elementor-element-populated\">\n\t\t\t\t\t\t<div class=\"elementor-element elementor-element-41ec21f9 elementor-woo-meta--view-inline elementor-widget elementor-widget-woocommerce-product-meta\" data-id=\"41ec21f9\" data-element_type=\"widget\" data-widget_type=\"woocommerce-product-meta.default\">\n\t\t\t\t\t\t\t<div class=\"product_meta\">\n\n\t\t\t\n\t\t\t\n\t\t\t\t\t\t\t<span class=\"posted_in detail-container\"><span class=\"detail-label\">Categories<\/span> <span class=\"detail-content\"><a href=\"https:\/\/viktoria-naturally.com\/en\/kategorija\/posebne-ponude\/51-gratis\/\" rel=\"tag\">5+1 free<\/a>, <a href=\"https:\/\/viktoria-naturally.com\/en\/kategorija\/linija-magarece-mlijeko\/\" rel=\"tag\">Donkey milk line<\/a>, <a href=\"https:\/\/viktoria-naturally.com\/en\/kategorija\/linija-magarece-mlijeko\/paketi\/\" rel=\"tag\">Packages<\/a>, <a href=\"https:\/\/viktoria-naturally.com\/en\/kategorija\/posebne-ponude\/\" rel=\"tag\">Special offers<\/a><\/span><\/span>\n\t\t\t\n\t\t\t\n\t\t\t\n\t\t<\/div>\n\t\t\t\t\t\t<\/div>\n\t\t\t\t<div class=\"elementor-element elementor-element-3c34672a elementor-widget elementor-widget-woocommerce-product-title elementor-page-title elementor-widget-heading\" data-id=\"3c34672a\" data-element_type=\"widget\" data-widget_type=\"woocommerce-product-title.default\">\n\t\t\t\t\t<h1 class=\"product_title entry-title elementor-heading-title elementor-size-default\">donkey milk body lotion 5+1 free<\/h1>\t\t\t\t<\/div>\n\t\t\t\t<div class=\"elementor-element elementor-element-6bc1bad1 elementor-widget elementor-widget-woocommerce-product-short-description\" data-id=\"6bc1bad1\" data-element_type=\"widget\" data-widget_type=\"woocommerce-product-short-description.default\">\n\t\t\t\t\t<div class=\"woocommerce-product-details__short-description\">\n\t<p>With the purchase of five body lotions with donkey milk, you get another lotion free!!<\/p>\n<\/div>\n\t\t\t\t<\/div>\n\t\t\t\t<div class=\"elementor-element elementor-element-3ed50457 elementor-widget elementor-widget-woocommerce-product-price\" data-id=\"3ed50457\" data-element_type=\"widget\" data-widget_type=\"woocommerce-product-price.default\">\n\t\t\t\t\t<p class=\"price\"><span class=\"woocommerce-Price-amount amount\"><bdi>119.95<span class=\"woocommerce-Price-currencySymbol\">\u20ac<\/span><\/bdi><\/span><\/p>\n\t\t\t\t<\/div>\n\t\t\t\t<div class=\"elementor-element elementor-element-4b51f75b elementor-add-to-cart--align-left elementor-add-to-cart-tablet--align-justify elementor-widget elementor-widget-wc-add-to-cart\" data-id=\"4b51f75b\" data-element_type=\"widget\" data-widget_type=\"wc-add-to-cart.default\">\n\t\t\t\t\t\t\t\t\t\t<a rel=\"nofollow\" href=\"\/en\/product\/losion-za-tijelo-s-magarecim-mlijekom-51-gratis\/?add-to-cart=5545\" data-quantity=\"1\" data-product_id=\"5545\" class=\"product_type_simple add_to_cart_button ajax_add_to_cart elementor-button elementor-size-sm\" role=\"button\">\n\t\t\t\t\t\t<span class=\"elementor-button-content-wrapper\">\n\t\t\t\t\t\t<span class=\"elementor-button-icon\">\n\t\t\t\t<svg aria-hidden=\"true\" class=\"e-font-icon-svg e-fas-shopping-cart\" viewbox=\"0 0 576 512\" xmlns=\"http:\/\/www.w3.org\/2000\/svg\"><path d=\"M528.12 301.319l47.273-208C578.806 78.301 567.391 64 551.99 64H159.208l-9.166-44.81C147.758 8.021 137.93 0 126.529 0H24C10.745 0 0 10.745 0 24v16c0 13.255 10.745 24 24 24h69.883l70.248 343.435C147.325 417.1 136 435.222 136 456c0 30.928 25.072 56 56 56s56-25.072 56-56c0-15.674-6.447-29.835-16.824-40h209.647C430.447 426.165 424 440.326 424 456c0 30.928 25.072 56 56 56s56-25.072 56-56c0-22.172-12.888-41.332-31.579-50.405l5.517-24.276c3.413-15.018-8.002-29.319-23.403-29.319H218.117l-6.545-32h293.145c11.206 0 20.92-7.754 23.403-18.681z\"><\/path><\/svg>\t\t\t<\/span>\n\t\t\t\t\t\t\t\t\t<span class=\"elementor-button-text\">Add to Cart<\/span>\n\t\t\t\t\t<\/span>\n\t\t\t\t\t<\/a>\n\t\t\t\t\t\t\t\t<\/div>\n\t\t\t\t\t<\/div>\n\t\t<\/div>\n\t\t\t\t\t<\/div>\n\t\t<\/section>\n\t\t\t\t<section class=\"elementor-section elementor-top-section elementor-element elementor-element-38bad15 elementor-section-boxed elementor-section-height-default elementor-section-height-default\" data-id=\"38bad15\" data-element_type=\"section\">\n\t\t\t\t\t\t<div class=\"elementor-container elementor-column-gap-default\">\n\t\t\t\t\t<div class=\"elementor-column elementor-col-100 elementor-top-column elementor-element elementor-element-f36100f\" data-id=\"f36100f\" data-element_type=\"column\" data-settings=\"{&quot;background_background&quot;:&quot;classic&quot;}\">\n\t\t\t<div class=\"elementor-widget-wrap elementor-element-populated\">\n\t\t\t\t\t<div class=\"elementor-background-overlay\"><\/div>\n\t\t\t\t\t\t<div class=\"elementor-element elementor-element-72a2277 elementor-widget elementor-widget-spacer\" data-id=\"72a2277\" data-element_type=\"widget\" data-widget_type=\"spacer.default\">\n\t\t\t\t\t\t\t<div class=\"elementor-spacer\">\n\t\t\t<div class=\"elementor-spacer-inner\"><\/div>\n\t\t<\/div>\n\t\t\t\t\t\t<\/div>\n\t\t\t\t\t<\/div>\n\t\t<\/div>\n\t\t\t\t\t<\/div>\n\t\t<\/section>\n\t\t\t\t<section class=\"elementor-section elementor-top-section elementor-element elementor-element-0f82492 elementor-section-boxed elementor-section-height-default elementor-section-height-default\" data-id=\"0f82492\" data-element_type=\"section\">\n\t\t\t\t\t\t<div class=\"elementor-container elementor-column-gap-default\">\n\t\t\t\t\t<div class=\"elementor-column elementor-col-100 elementor-top-column elementor-element elementor-element-8154b75\" data-id=\"8154b75\" data-element_type=\"column\">\n\t\t\t<div class=\"elementor-widget-wrap elementor-element-populated\">\n\t\t\t\t\t\t<div class=\"elementor-element elementor-element-eac7acc elementor-widget-divider--view-line elementor-widget elementor-widget-divider\" data-id=\"eac7acc\" data-element_type=\"widget\" data-widget_type=\"divider.default\">\n\t\t\t\t\t\t\t<div class=\"elementor-divider\">\n\t\t\t<span class=\"elementor-divider-separator\">\n\t\t\t\t\t\t<\/span>\n\t\t<\/div>\n\t\t\t\t\t\t<\/div>\n\t\t\t\t<div class=\"elementor-element elementor-element-17ae7cf elementor-widget elementor-widget-heading\" data-id=\"17ae7cf\" data-element_type=\"widget\" data-widget_type=\"heading.default\">\n\t\t\t\t\t<h2 class=\"elementor-heading-title elementor-size-default\">RELATED PRODUCTS<\/h2>\t\t\t\t<\/div>\n\t\t\t\t<div class=\"elementor-element elementor-element-eccd462 elementor-product-loop-item--align-left elementor-grid-4 elementor-grid-tablet-3 elementor-grid-mobile-2 elementor-products-grid elementor-wc-products elementor-widget elementor-widget-woocommerce-products\" data-id=\"eccd462\" data-element_type=\"widget\" data-widget_type=\"woocommerce-products.default\">\n\t\t\t\t<div class=\"elementor-widget-container\">\n\t\t\t\t\t<div class=\"woocommerce columns-4\"><ul class=\"products elementor-grid columns-4\">\n<li class=\"product type-product post-5545 status-publish first instock product_cat-51-gratis product_cat-linija-magarece-mlijeko product_cat-paketi product_cat-posebne-ponude has-post-thumbnail shipping-taxable purchasable product-type-simple\">\n\t<a href=\"https:\/\/viktoria-naturally.com\/en\/proizvod\/losion-za-tijelo-s-magarecim-mlijekom-51-gratis\/\" class=\"woocommerce-LoopProduct-link woocommerce-loop-product__link\"><img decoding=\"async\" width=\"600\" height=\"481\" src=\"https:\/\/viktoria-naturally.com\/wp-content\/uploads\/2023\/10\/losion-5-1-gratis.jpg\" class=\"attachment-woocommerce_thumbnail size-woocommerce_thumbnail\" alt=\"Losion za tijelo s magare\u0107im mlijekom 5+1 gratis\" srcset=\"https:\/\/viktoria-naturally.com\/wp-content\/uploads\/2023\/10\/losion-5-1-gratis.jpg 600w, https:\/\/viktoria-naturally.com\/wp-content\/uploads\/2023\/10\/losion-5-1-gratis-300x241.jpg 300w, https:\/\/viktoria-naturally.com\/wp-content\/uploads\/2023\/10\/losion-5-1-gratis-15x12.jpg 15w\" sizes=\"(max-width: 600px) 100vw, 600px\" \/><h2 class=\"woocommerce-loop-product__title\">donkey milk body lotion 5+1 free<\/h2>\n\t<span class=\"price\"><span class=\"woocommerce-Price-amount amount\"><bdi>119.95<span class=\"woocommerce-Price-currencySymbol\">\u20ac<\/span><\/bdi><\/span><\/span>\n<\/a><a href=\"\/en\/wp-json\/wp\/v2\/product\/5545?add-to-cart=5545\" aria-describedby=\"woocommerce_loop_add_to_cart_link_describedby_5545\" data-quantity=\"1\" class=\"button product_type_simple add_to_cart_button ajax_add_to_cart\" data-product_id=\"5545\" data-product_sku=\"\" aria-label=\"Add to cart: \u201cLosion za tijelo s magare\u0107im mlijekom 5+1 gratis\u201d\" rel=\"nofollow\" data-success_message=\"\u201cLosion za tijelo s magare\u0107im mlijekom 5+1 gratis\u201d has been added to your cart\" data-no-translation=\"\" data-trp-gettext=\"\" data-no-translation-aria-label=\"\" data-no-translation-data-success_message=\"\">Add to cart<\/a>\t<span id=\"woocommerce_loop_add_to_cart_link_describedby_5545\" class=\"screen-reader-text\">\n\t\t\t<\/span>\n<\/li>\n<li class=\"product type-product post-5535 status-publish instock product_cat-51-gratis product_cat-bestselleri product_cat-linija-magarece-mlijeko product_cat-paketi product_cat-posebne-ponude has-post-thumbnail shipping-taxable purchasable product-type-simple\">\n\t<a href=\"https:\/\/viktoria-naturally.com\/en\/proizvod\/krema-za-lice-s-magarecim-mlijekom-51-gratis\/\" class=\"woocommerce-LoopProduct-link woocommerce-loop-product__link\"><img decoding=\"async\" width=\"600\" height=\"481\" src=\"https:\/\/viktoria-naturally.com\/wp-content\/uploads\/2023\/10\/krema-za-lice-5-1-gratis.jpg\" class=\"attachment-woocommerce_thumbnail size-woocommerce_thumbnail\" alt=\"krema za lice s magare\u0107im mlijekom 5+1 gratis\" srcset=\"https:\/\/viktoria-naturally.com\/wp-content\/uploads\/2023\/10\/krema-za-lice-5-1-gratis.jpg 600w, https:\/\/viktoria-naturally.com\/wp-content\/uploads\/2023\/10\/krema-za-lice-5-1-gratis-300x241.jpg 300w, https:\/\/viktoria-naturally.com\/wp-content\/uploads\/2023\/10\/krema-za-lice-5-1-gratis-15x12.jpg 15w\" sizes=\"(max-width: 600px) 100vw, 600px\" \/><h2 class=\"woocommerce-loop-product__title\">face cream with donkey milk 5+1 free<\/h2>\n\t<span class=\"price\"><span class=\"woocommerce-Price-amount amount\"><bdi>139.90<span class=\"woocommerce-Price-currencySymbol\">\u20ac<\/span><\/bdi><\/span><\/span>\n<\/a><a href=\"\/en\/wp-json\/wp\/v2\/product\/5545?add-to-cart=5535\" aria-describedby=\"woocommerce_loop_add_to_cart_link_describedby_5535\" data-quantity=\"1\" class=\"button product_type_simple add_to_cart_button ajax_add_to_cart\" data-product_id=\"5535\" data-product_sku=\"\" aria-label=\"Add to cart: \u201ckrema za lice s magare\u0107im mlijekom 5+1 gratis\u201d\" rel=\"nofollow\" data-success_message=\"\u201ckrema za lice s magare\u0107im mlijekom 5+1 gratis\u201d has been added to your cart\" data-no-translation=\"\" data-trp-gettext=\"\" data-no-translation-aria-label=\"\" data-no-translation-data-success_message=\"\">Add to cart<\/a>\t<span id=\"woocommerce_loop_add_to_cart_link_describedby_5535\" class=\"screen-reader-text\">\n\t\t\t<\/span>\n<\/li>\n<\/ul>\n<\/div>\t\t\t\t<\/div>\n\t\t\t\t<\/div>\n\t\t\t\t\t<\/div>\n\t\t<\/div>\n\t\t\t\t\t<\/div>\n\t\t<\/section>\n\t\t\t\t<\/div>","protected":false},"excerpt":{"rendered":"<p>With the purchase of five body lotions with donkey milk, you get another lotion free!!<\/p>","protected":false},"featured_media":5547,"comment_status":"closed","ping_status":"closed","template":"elementor_header_footer","meta":{"inline_featured_image":false},"product_brand":[],"product_cat":[127,115,122,117],"product_tag":[],"class_list":{"0":"post-5545","1":"product","2":"type-product","3":"status-publish","4":"has-post-thumbnail","6":"product_cat-51-gratis","7":"product_cat-linija-magarece-mlijeko","8":"product_cat-paketi","9":"product_cat-posebne-ponude","11":"first","12":"instock","13":"shipping-taxable","14":"purchasable","15":"product-type-simple"},"yoast_head":"<!-- This site is optimized with the Yoast SEO plugin v27.0 - https:\/\/yoast.com\/product\/yoast-seo-wordpress\/ -->\n<title>Losion za tijelo s magare\u0107im mlijekom 5+1 gratis &#8902; Viktoria<\/title>\n<meta name=\"robots\" content=\"index, follow, max-snippet:-1, max-image-preview:large, max-video-preview:-1\" \/>\n<link rel=\"canonical\" href=\"https:\/\/viktoria-naturally.com\/en\/product\/losion-za-tijelo-s-magarecim-mlijekom-51-gratis\/\" \/>\n<meta property=\"og:locale\" content=\"en_US\" \/>\n<meta property=\"og:type\" content=\"article\" \/>\n<meta property=\"og:title\" content=\"Losion za tijelo s magare\u0107im mlijekom 5+1 gratis &#8902; Viktoria\" \/>\n<meta property=\"og:description\" content=\"Uz kupnju pet losiona za tijelo s magare\u0107im mlijekom, dobija\u0161 jo\u0161 jedan losion gratis!!\" \/>\n<meta property=\"og:url\" content=\"https:\/\/viktoria-naturally.com\/en\/product\/losion-za-tijelo-s-magarecim-mlijekom-51-gratis\/\" \/>\n<meta property=\"og:site_name\" content=\"Viktoria\" \/>\n<meta property=\"article:publisher\" content=\"https:\/\/www.facebook.com\/Viktoria-Naturally-106938890909388\/\" \/>\n<meta property=\"article:modified_time\" content=\"2026-02-18T00:37:48+00:00\" \/>\n<meta property=\"og:image\" content=\"https:\/\/viktoria-naturally.com\/wp-content\/uploads\/2023\/10\/losion-5-1-gratis.jpg\" \/>\n\t<meta property=\"og:image:width\" content=\"600\" \/>\n\t<meta property=\"og:image:height\" content=\"481\" \/>\n\t<meta property=\"og:image:type\" content=\"image\/jpeg\" \/>\n<meta name=\"twitter:card\" content=\"summary_large_image\" \/>\n<script type=\"application\/ld+json\" class=\"yoast-schema-graph\">{\"@context\":\"https:\/\/schema.org\",\"@graph\":[{\"@type\":\"WebPage\",\"@id\":\"https:\/\/viktoria-naturally.com\/proizvod\/losion-za-tijelo-s-magarecim-mlijekom-51-gratis\/\",\"url\":\"https:\/\/viktoria-naturally.com\/proizvod\/losion-za-tijelo-s-magarecim-mlijekom-51-gratis\/\",\"name\":\"Losion za tijelo s magare\u0107im mlijekom 5+1 gratis &#8902; Viktoria\",\"isPartOf\":{\"@id\":\"https:\/\/viktoria-naturally.com\/#website\"},\"primaryImageOfPage\":{\"@id\":\"https:\/\/viktoria-naturally.com\/proizvod\/losion-za-tijelo-s-magarecim-mlijekom-51-gratis\/#primaryimage\"},\"image\":{\"@id\":\"https:\/\/viktoria-naturally.com\/proizvod\/losion-za-tijelo-s-magarecim-mlijekom-51-gratis\/#primaryimage\"},\"thumbnailUrl\":\"https:\/\/viktoria-naturally.com\/wp-content\/uploads\/2023\/10\/losion-5-1-gratis.jpg\",\"datePublished\":\"2023-10-13T17:24:20+00:00\",\"dateModified\":\"2026-02-18T00:37:48+00:00\",\"breadcrumb\":{\"@id\":\"https:\/\/viktoria-naturally.com\/proizvod\/losion-za-tijelo-s-magarecim-mlijekom-51-gratis\/#breadcrumb\"},\"inLanguage\":\"en-US\",\"potentialAction\":[{\"@type\":\"ReadAction\",\"target\":[\"https:\/\/viktoria-naturally.com\/proizvod\/losion-za-tijelo-s-magarecim-mlijekom-51-gratis\/\"]}]},{\"@type\":\"ImageObject\",\"inLanguage\":\"en-US\",\"@id\":\"https:\/\/viktoria-naturally.com\/proizvod\/losion-za-tijelo-s-magarecim-mlijekom-51-gratis\/#primaryimage\",\"url\":\"https:\/\/viktoria-naturally.com\/wp-content\/uploads\/2023\/10\/losion-5-1-gratis.jpg\",\"contentUrl\":\"https:\/\/viktoria-naturally.com\/wp-content\/uploads\/2023\/10\/losion-5-1-gratis.jpg\",\"width\":600,\"height\":481},{\"@type\":\"BreadcrumbList\",\"@id\":\"https:\/\/viktoria-naturally.com\/proizvod\/losion-za-tijelo-s-magarecim-mlijekom-51-gratis\/#breadcrumb\",\"itemListElement\":[{\"@type\":\"ListItem\",\"position\":1,\"name\":\"Po\u010detna stranica\",\"item\":\"https:\/\/viktoria-naturally.com\/\"},{\"@type\":\"ListItem\",\"position\":2,\"name\":\"Proizvodi\",\"item\":\"https:\/\/viktoria-naturally.com\/shop\/\"},{\"@type\":\"ListItem\",\"position\":3,\"name\":\"Losion za tijelo s magare\u0107im mlijekom 5+1 gratis\"}]},{\"@type\":\"WebSite\",\"@id\":\"https:\/\/viktoria-naturally.com\/#website\",\"url\":\"https:\/\/viktoria-naturally.com\/\",\"name\":\"Viktoria Naturally\",\"description\":\"prirodna kozmetika\",\"publisher\":{\"@id\":\"https:\/\/viktoria-naturally.com\/#organization\"},\"potentialAction\":[{\"@type\":\"SearchAction\",\"target\":{\"@type\":\"EntryPoint\",\"urlTemplate\":\"https:\/\/viktoria-naturally.com\/?s={search_term_string}\"},\"query-input\":{\"@type\":\"PropertyValueSpecification\",\"valueRequired\":true,\"valueName\":\"search_term_string\"}}],\"inLanguage\":\"en-US\"},{\"@type\":\"Organization\",\"@id\":\"https:\/\/viktoria-naturally.com\/#organization\",\"name\":\"Viktoria-naturally\",\"url\":\"https:\/\/viktoria-naturally.com\/\",\"logo\":{\"@type\":\"ImageObject\",\"inLanguage\":\"en-US\",\"@id\":\"https:\/\/viktoria-naturally.com\/#\/schema\/logo\/image\/\",\"url\":\"https:\/\/viktoria-naturally.com\/wp-content\/uploads\/2021\/11\/mali-logo-web.jpg\",\"contentUrl\":\"https:\/\/viktoria-naturally.com\/wp-content\/uploads\/2021\/11\/mali-logo-web.jpg\",\"width\":512,\"height\":512,\"caption\":\"Viktoria-naturally\"},\"image\":{\"@id\":\"https:\/\/viktoria-naturally.com\/#\/schema\/logo\/image\/\"},\"sameAs\":[\"https:\/\/www.facebook.com\/Viktoria-Naturally-106938890909388\/\",\"https:\/\/www.instagram.com\/viktoria_naturally\/\"]}]}<\/script>\n<!-- \/ Yoast SEO plugin. -->","yoast_head_json":{"title":"Losion za tijelo s magare\u0107im mlijekom 5+1 gratis &#8902; Viktoria","robots":{"index":"index","follow":"follow","max-snippet":"max-snippet:-1","max-image-preview":"max-image-preview:large","max-video-preview":"max-video-preview:-1"},"canonical":"https:\/\/viktoria-naturally.com\/en\/product\/losion-za-tijelo-s-magarecim-mlijekom-51-gratis\/","og_locale":"en_US","og_type":"article","og_title":"Losion za tijelo s magare\u0107im mlijekom 5+1 gratis &#8902; Viktoria","og_description":"Uz kupnju pet losiona za tijelo s magare\u0107im mlijekom, dobija\u0161 jo\u0161 jedan losion gratis!!","og_url":"https:\/\/viktoria-naturally.com\/en\/product\/losion-za-tijelo-s-magarecim-mlijekom-51-gratis\/","og_site_name":"Viktoria","article_publisher":"https:\/\/www.facebook.com\/Viktoria-Naturally-106938890909388\/","article_modified_time":"2026-02-18T00:37:48+00:00","og_image":[{"width":600,"height":481,"url":"https:\/\/viktoria-naturally.com\/wp-content\/uploads\/2023\/10\/losion-5-1-gratis.jpg","type":"image\/jpeg"}],"twitter_card":"summary_large_image","schema":{"@context":"https:\/\/schema.org","@graph":[{"@type":"WebPage","@id":"https:\/\/viktoria-naturally.com\/proizvod\/losion-za-tijelo-s-magarecim-mlijekom-51-gratis\/","url":"https:\/\/viktoria-naturally.com\/proizvod\/losion-za-tijelo-s-magarecim-mlijekom-51-gratis\/","name":"Losion za tijelo s magare\u0107im mlijekom 5+1 gratis &#8902; Viktoria","isPartOf":{"@id":"https:\/\/viktoria-naturally.com\/#website"},"primaryImageOfPage":{"@id":"https:\/\/viktoria-naturally.com\/proizvod\/losion-za-tijelo-s-magarecim-mlijekom-51-gratis\/#primaryimage"},"image":{"@id":"https:\/\/viktoria-naturally.com\/proizvod\/losion-za-tijelo-s-magarecim-mlijekom-51-gratis\/#primaryimage"},"thumbnailUrl":"https:\/\/viktoria-naturally.com\/wp-content\/uploads\/2023\/10\/losion-5-1-gratis.jpg","datePublished":"2023-10-13T17:24:20+00:00","dateModified":"2026-02-18T00:37:48+00:00","breadcrumb":{"@id":"https:\/\/viktoria-naturally.com\/proizvod\/losion-za-tijelo-s-magarecim-mlijekom-51-gratis\/#breadcrumb"},"inLanguage":"en-US","potentialAction":[{"@type":"ReadAction","target":["https:\/\/viktoria-naturally.com\/proizvod\/losion-za-tijelo-s-magarecim-mlijekom-51-gratis\/"]}]},{"@type":"ImageObject","inLanguage":"en-US","@id":"https:\/\/viktoria-naturally.com\/proizvod\/losion-za-tijelo-s-magarecim-mlijekom-51-gratis\/#primaryimage","url":"https:\/\/viktoria-naturally.com\/wp-content\/uploads\/2023\/10\/losion-5-1-gratis.jpg","contentUrl":"https:\/\/viktoria-naturally.com\/wp-content\/uploads\/2023\/10\/losion-5-1-gratis.jpg","width":600,"height":481},{"@type":"BreadcrumbList","@id":"https:\/\/viktoria-naturally.com\/proizvod\/losion-za-tijelo-s-magarecim-mlijekom-51-gratis\/#breadcrumb","itemListElement":[{"@type":"ListItem","position":1,"name":"Po\u010detna stranica","item":"https:\/\/viktoria-naturally.com\/"},{"@type":"ListItem","position":2,"name":"Proizvodi","item":"https:\/\/viktoria-naturally.com\/shop\/"},{"@type":"ListItem","position":3,"name":"Losion za tijelo s magare\u0107im mlijekom 5+1 gratis"}]},{"@type":"WebSite","@id":"https:\/\/viktoria-naturally.com\/#website","url":"https:\/\/viktoria-naturally.com\/","name":"Viktoria Naturally","description":"natural cosmetics","publisher":{"@id":"https:\/\/viktoria-naturally.com\/#organization"},"potentialAction":[{"@type":"SearchAction","target":{"@type":"EntryPoint","urlTemplate":"https:\/\/viktoria-naturally.com\/?s={search_term_string}"},"query-input":{"@type":"PropertyValueSpecification","valueRequired":true,"valueName":"search_term_string"}}],"inLanguage":"en-US"},{"@type":"Organization","@id":"https:\/\/viktoria-naturally.com\/#organization","name":"Viktoria-naturally","url":"https:\/\/viktoria-naturally.com\/","logo":{"@type":"ImageObject","inLanguage":"en-US","@id":"https:\/\/viktoria-naturally.com\/#\/schema\/logo\/image\/","url":"https:\/\/viktoria-naturally.com\/wp-content\/uploads\/2021\/11\/mali-logo-web.jpg","contentUrl":"https:\/\/viktoria-naturally.com\/wp-content\/uploads\/2021\/11\/mali-logo-web.jpg","width":512,"height":512,"caption":"Viktoria-naturally"},"image":{"@id":"https:\/\/viktoria-naturally.com\/#\/schema\/logo\/image\/"},"sameAs":["https:\/\/www.facebook.com\/Viktoria-Naturally-106938890909388\/","https:\/\/www.instagram.com\/viktoria_naturally\/"]}]}},"_links":{"self":[{"href":"https:\/\/viktoria-naturally.com\/en\/wp-json\/wp\/v2\/product\/5545","targetHints":{"allow":["GET"]}}],"collection":[{"href":"https:\/\/viktoria-naturally.com\/en\/wp-json\/wp\/v2\/product"}],"about":[{"href":"https:\/\/viktoria-naturally.com\/en\/wp-json\/wp\/v2\/types\/product"}],"replies":[{"embeddable":true,"href":"https:\/\/viktoria-naturally.com\/en\/wp-json\/wp\/v2\/comments?post=5545"}],"version-history":[{"count":1,"href":"https:\/\/viktoria-naturally.com\/en\/wp-json\/wp\/v2\/product\/5545\/revisions"}],"predecessor-version":[{"id":7171,"href":"https:\/\/viktoria-naturally.com\/en\/wp-json\/wp\/v2\/product\/5545\/revisions\/7171"}],"wp:featuredmedia":[{"embeddable":true,"href":"https:\/\/viktoria-naturally.com\/en\/wp-json\/wp\/v2\/media\/5547"}],"wp:attachment":[{"href":"https:\/\/viktoria-naturally.com\/en\/wp-json\/wp\/v2\/media?parent=5545"}],"wp:term":[{"taxonomy":"product_brand","embeddable":true,"href":"https:\/\/viktoria-naturally.com\/en\/wp-json\/wp\/v2\/product_brand?post=5545"},{"taxonomy":"product_cat","embeddable":true,"href":"https:\/\/viktoria-naturally.com\/en\/wp-json\/wp\/v2\/product_cat?post=5545"},{"taxonomy":"product_tag","embeddable":true,"href":"https:\/\/viktoria-naturally.com\/en\/wp-json\/wp\/v2\/product_tag?post=5545"}],"curies":[{"name":"wp","href":"https:\/\/api.w.org\/{rel}","templated":true}]}}