{"id":9130,"date":"2026-03-30T19:02:44","date_gmt":"2026-03-30T17:02:44","guid":{"rendered":"https:\/\/viktoria-naturally.com\/?post_type=product&#038;p=9130"},"modified":"2026-03-30T19:03:20","modified_gmt":"2026-03-30T17:03:20","slug":"piknik-kosara","status":"publish","type":"product","link":"https:\/\/viktoria-naturally.com\/en\/proizvod\/piknik-kosara\/","title":{"rendered":"Piknik Ko\u0161ara"},"content":{"rendered":"<p>Rezervirajte svoje mjesto u prirodi \u2013 od travnja<\/p>\n<p>Viktoria\u2019s Piknik dostupan je uz prethodnu rezervaciju. Odaberite datum, rezervirajte svoju ko\u0161aricu i dopustite prirodi da vam priredi jedno jednostavno, ali nezaboravno iskustvo.<\/p>\n<p>Posebna pogodnost za goste<br \/>\nSvi gosti koji rezerviraju Viktoria\u2019s Piknik ostvaruju 20% popusta na cijeli asortiman Viktoria prirodne kozmetike u na\u0161em Honesty Shopu.<\/p>","protected":false},"excerpt":{"rendered":"<p>U Dalmatinskom zale\u0111u, na na\u0161em obiteljskom gospodarstvu u Radu\u010di\u0107u, nastaje Viktoria prirodna kozmetika prema <strong>filozofiji<\/strong> <strong>Farm to Face<\/strong> \u2013 od uzgoja biljaka i brige o \u017eivotinjama do premium proizvoda za njegu ko\u017ee.<\/p>\n<p>Ovdje priroda diktira ritam \u017eivota.<\/p>\n<p>Veselimo se s vama podijeliti i novo iskustvo!<\/p>","protected":false},"featured_media":9101,"comment_status":"closed","ping_status":"closed","template":"","meta":{"inline_featured_image":false},"product_brand":[],"product_cat":[16],"product_tag":[],"class_list":{"0":"post-9130","1":"product","2":"type-product","3":"status-publish","4":"has-post-thumbnail","6":"product_cat-proizvodi","8":"first","9":"instock","10":"shipping-taxable","11":"purchasable","12":"product-type-simple"},"yoast_head":"<!-- This site is optimized with the Yoast SEO plugin v27.0 - https:\/\/yoast.com\/product\/yoast-seo-wordpress\/ -->\n<title>Piknik Ko\u0161ara &#8902; Viktoria<\/title>\n<meta name=\"robots\" content=\"index, follow, max-snippet:-1, max-image-preview:large, max-video-preview:-1\" \/>\n<link rel=\"canonical\" href=\"https:\/\/viktoria-naturally.com\/en\/product\/piknik-kosara\/\" \/>\n<meta property=\"og:locale\" content=\"en_US\" \/>\n<meta property=\"og:type\" content=\"article\" \/>\n<meta property=\"og:title\" content=\"Piknik Ko\u0161ara &#8902; Viktoria\" \/>\n<meta property=\"og:description\" content=\"U Dalmatinskom zale\u0111u, na na\u0161em obiteljskom gospodarstvu u Radu\u010di\u0107u, nastaje Viktoria prirodna kozmetika prema filozofiji Farm to Face \u2013 od uzgoja biljaka i brige o \u017eivotinjama do premium proizvoda za njegu ko\u017ee.  Ovdje priroda diktira ritam \u017eivota.  Veselimo se s vama podijeliti i novo iskustvo!\" \/>\n<meta property=\"og:url\" content=\"https:\/\/viktoria-naturally.com\/en\/product\/piknik-kosara\/\" \/>\n<meta property=\"og:site_name\" content=\"Viktoria\" \/>\n<meta property=\"article:publisher\" content=\"https:\/\/www.facebook.com\/Viktoria-Naturally-106938890909388\/\" \/>\n<meta property=\"article:modified_time\" content=\"2026-03-30T17:03:20+00:00\" \/>\n<meta property=\"og:image\" content=\"https:\/\/viktoria-naturally.com\/wp-content\/uploads\/2026\/03\/ViktoriaPiknik-ImageD9.jpg\" \/>\n\t<meta property=\"og:image:width\" content=\"1200\" \/>\n\t<meta property=\"og:image:height\" content=\"1200\" \/>\n\t<meta property=\"og:image:type\" content=\"image\/jpeg\" \/>\n<meta name=\"twitter:card\" content=\"summary_large_image\" \/>\n<meta name=\"twitter:label1\" content=\"Est. reading time\" \/>\n\t<meta name=\"twitter:data1\" content=\"1 minute\" \/>\n<script type=\"application\/ld+json\" class=\"yoast-schema-graph\">{\"@context\":\"https:\/\/schema.org\",\"@graph\":[{\"@type\":\"WebPage\",\"@id\":\"https:\/\/viktoria-naturally.com\/proizvod\/piknik-kosara\/\",\"url\":\"https:\/\/viktoria-naturally.com\/proizvod\/piknik-kosara\/\",\"name\":\"Piknik Ko\u0161ara &#8902; Viktoria\",\"isPartOf\":{\"@id\":\"https:\/\/viktoria-naturally.com\/#website\"},\"primaryImageOfPage\":{\"@id\":\"https:\/\/viktoria-naturally.com\/proizvod\/piknik-kosara\/#primaryimage\"},\"image\":{\"@id\":\"https:\/\/viktoria-naturally.com\/proizvod\/piknik-kosara\/#primaryimage\"},\"thumbnailUrl\":\"https:\/\/viktoria-naturally.com\/wp-content\/uploads\/2026\/03\/ViktoriaPiknik-ImageD9.jpg\",\"datePublished\":\"2026-03-30T17:02:44+00:00\",\"dateModified\":\"2026-03-30T17:03:20+00:00\",\"breadcrumb\":{\"@id\":\"https:\/\/viktoria-naturally.com\/proizvod\/piknik-kosara\/#breadcrumb\"},\"inLanguage\":\"en-US\",\"potentialAction\":[{\"@type\":\"ReadAction\",\"target\":[\"https:\/\/viktoria-naturally.com\/proizvod\/piknik-kosara\/\"]}]},{\"@type\":\"ImageObject\",\"inLanguage\":\"en-US\",\"@id\":\"https:\/\/viktoria-naturally.com\/proizvod\/piknik-kosara\/#primaryimage\",\"url\":\"https:\/\/viktoria-naturally.com\/wp-content\/uploads\/2026\/03\/ViktoriaPiknik-ImageD9.jpg\",\"contentUrl\":\"https:\/\/viktoria-naturally.com\/wp-content\/uploads\/2026\/03\/ViktoriaPiknik-ImageD9.jpg\",\"width\":1200,\"height\":1200},{\"@type\":\"BreadcrumbList\",\"@id\":\"https:\/\/viktoria-naturally.com\/proizvod\/piknik-kosara\/#breadcrumb\",\"itemListElement\":[{\"@type\":\"ListItem\",\"position\":1,\"name\":\"Po\u010detna stranica\",\"item\":\"https:\/\/viktoria-naturally.com\/\"},{\"@type\":\"ListItem\",\"position\":2,\"name\":\"Proizvodi\",\"item\":\"https:\/\/viktoria-naturally.com\/shop\/\"},{\"@type\":\"ListItem\",\"position\":3,\"name\":\"Piknik Ko\u0161ara\"}]},{\"@type\":\"WebSite\",\"@id\":\"https:\/\/viktoria-naturally.com\/#website\",\"url\":\"https:\/\/viktoria-naturally.com\/\",\"name\":\"Viktoria Naturally\",\"description\":\"prirodna kozmetika\",\"publisher\":{\"@id\":\"https:\/\/viktoria-naturally.com\/#organization\"},\"potentialAction\":[{\"@type\":\"SearchAction\",\"target\":{\"@type\":\"EntryPoint\",\"urlTemplate\":\"https:\/\/viktoria-naturally.com\/?s={search_term_string}\"},\"query-input\":{\"@type\":\"PropertyValueSpecification\",\"valueRequired\":true,\"valueName\":\"search_term_string\"}}],\"inLanguage\":\"en-US\"},{\"@type\":\"Organization\",\"@id\":\"https:\/\/viktoria-naturally.com\/#organization\",\"name\":\"Viktoria-naturally\",\"url\":\"https:\/\/viktoria-naturally.com\/\",\"logo\":{\"@type\":\"ImageObject\",\"inLanguage\":\"en-US\",\"@id\":\"https:\/\/viktoria-naturally.com\/#\/schema\/logo\/image\/\",\"url\":\"https:\/\/viktoria-naturally.com\/wp-content\/uploads\/2021\/11\/mali-logo-web.jpg\",\"contentUrl\":\"https:\/\/viktoria-naturally.com\/wp-content\/uploads\/2021\/11\/mali-logo-web.jpg\",\"width\":512,\"height\":512,\"caption\":\"Viktoria-naturally\"},\"image\":{\"@id\":\"https:\/\/viktoria-naturally.com\/#\/schema\/logo\/image\/\"},\"sameAs\":[\"https:\/\/www.facebook.com\/Viktoria-Naturally-106938890909388\/\",\"https:\/\/www.instagram.com\/viktoria_naturally\/\"]}]}<\/script>\n<!-- \/ Yoast SEO plugin. -->","yoast_head_json":{"title":"Piknik Ko\u0161ara &#8902; Viktoria","robots":{"index":"index","follow":"follow","max-snippet":"max-snippet:-1","max-image-preview":"max-image-preview:large","max-video-preview":"max-video-preview:-1"},"canonical":"https:\/\/viktoria-naturally.com\/en\/product\/piknik-kosara\/","og_locale":"en_US","og_type":"article","og_title":"Piknik Ko\u0161ara &#8902; Viktoria","og_description":"U Dalmatinskom zale\u0111u, na na\u0161em obiteljskom gospodarstvu u Radu\u010di\u0107u, nastaje Viktoria prirodna kozmetika prema filozofiji Farm to Face \u2013 od uzgoja biljaka i brige o \u017eivotinjama do premium proizvoda za njegu ko\u017ee.  Ovdje priroda diktira ritam \u017eivota.  Veselimo se s vama podijeliti i novo iskustvo!","og_url":"https:\/\/viktoria-naturally.com\/en\/product\/piknik-kosara\/","og_site_name":"Viktoria","article_publisher":"https:\/\/www.facebook.com\/Viktoria-Naturally-106938890909388\/","article_modified_time":"2026-03-30T17:03:20+00:00","og_image":[{"width":1200,"height":1200,"url":"https:\/\/viktoria-naturally.com\/wp-content\/uploads\/2026\/03\/ViktoriaPiknik-ImageD9.jpg","type":"image\/jpeg"}],"twitter_card":"summary_large_image","twitter_misc":{"Est. reading time":"1 minute"},"schema":{"@context":"https:\/\/schema.org","@graph":[{"@type":"WebPage","@id":"https:\/\/viktoria-naturally.com\/proizvod\/piknik-kosara\/","url":"https:\/\/viktoria-naturally.com\/proizvod\/piknik-kosara\/","name":"Piknik Ko\u0161ara &#8902; Viktoria","isPartOf":{"@id":"https:\/\/viktoria-naturally.com\/#website"},"primaryImageOfPage":{"@id":"https:\/\/viktoria-naturally.com\/proizvod\/piknik-kosara\/#primaryimage"},"image":{"@id":"https:\/\/viktoria-naturally.com\/proizvod\/piknik-kosara\/#primaryimage"},"thumbnailUrl":"https:\/\/viktoria-naturally.com\/wp-content\/uploads\/2026\/03\/ViktoriaPiknik-ImageD9.jpg","datePublished":"2026-03-30T17:02:44+00:00","dateModified":"2026-03-30T17:03:20+00:00","breadcrumb":{"@id":"https:\/\/viktoria-naturally.com\/proizvod\/piknik-kosara\/#breadcrumb"},"inLanguage":"en-US","potentialAction":[{"@type":"ReadAction","target":["https:\/\/viktoria-naturally.com\/proizvod\/piknik-kosara\/"]}]},{"@type":"ImageObject","inLanguage":"en-US","@id":"https:\/\/viktoria-naturally.com\/proizvod\/piknik-kosara\/#primaryimage","url":"https:\/\/viktoria-naturally.com\/wp-content\/uploads\/2026\/03\/ViktoriaPiknik-ImageD9.jpg","contentUrl":"https:\/\/viktoria-naturally.com\/wp-content\/uploads\/2026\/03\/ViktoriaPiknik-ImageD9.jpg","width":1200,"height":1200},{"@type":"BreadcrumbList","@id":"https:\/\/viktoria-naturally.com\/proizvod\/piknik-kosara\/#breadcrumb","itemListElement":[{"@type":"ListItem","position":1,"name":"Po\u010detna stranica","item":"https:\/\/viktoria-naturally.com\/"},{"@type":"ListItem","position":2,"name":"Proizvodi","item":"https:\/\/viktoria-naturally.com\/shop\/"},{"@type":"ListItem","position":3,"name":"Piknik Ko\u0161ara"}]},{"@type":"WebSite","@id":"https:\/\/viktoria-naturally.com\/#website","url":"https:\/\/viktoria-naturally.com\/","name":"Viktoria Naturally","description":"natural cosmetics","publisher":{"@id":"https:\/\/viktoria-naturally.com\/#organization"},"potentialAction":[{"@type":"SearchAction","target":{"@type":"EntryPoint","urlTemplate":"https:\/\/viktoria-naturally.com\/?s={search_term_string}"},"query-input":{"@type":"PropertyValueSpecification","valueRequired":true,"valueName":"search_term_string"}}],"inLanguage":"en-US"},{"@type":"Organization","@id":"https:\/\/viktoria-naturally.com\/#organization","name":"Viktoria-naturally","url":"https:\/\/viktoria-naturally.com\/","logo":{"@type":"ImageObject","inLanguage":"en-US","@id":"https:\/\/viktoria-naturally.com\/#\/schema\/logo\/image\/","url":"https:\/\/viktoria-naturally.com\/wp-content\/uploads\/2021\/11\/mali-logo-web.jpg","contentUrl":"https:\/\/viktoria-naturally.com\/wp-content\/uploads\/2021\/11\/mali-logo-web.jpg","width":512,"height":512,"caption":"Viktoria-naturally"},"image":{"@id":"https:\/\/viktoria-naturally.com\/#\/schema\/logo\/image\/"},"sameAs":["https:\/\/www.facebook.com\/Viktoria-Naturally-106938890909388\/","https:\/\/www.instagram.com\/viktoria_naturally\/"]}]}},"_links":{"self":[{"href":"https:\/\/viktoria-naturally.com\/en\/wp-json\/wp\/v2\/product\/9130","targetHints":{"allow":["GET"]}}],"collection":[{"href":"https:\/\/viktoria-naturally.com\/en\/wp-json\/wp\/v2\/product"}],"about":[{"href":"https:\/\/viktoria-naturally.com\/en\/wp-json\/wp\/v2\/types\/product"}],"replies":[{"embeddable":true,"href":"https:\/\/viktoria-naturally.com\/en\/wp-json\/wp\/v2\/comments?post=9130"}],"version-history":[{"count":1,"href":"https:\/\/viktoria-naturally.com\/en\/wp-json\/wp\/v2\/product\/9130\/revisions"}],"predecessor-version":[{"id":9131,"href":"https:\/\/viktoria-naturally.com\/en\/wp-json\/wp\/v2\/product\/9130\/revisions\/9131"}],"wp:featuredmedia":[{"embeddable":true,"href":"https:\/\/viktoria-naturally.com\/en\/wp-json\/wp\/v2\/media\/9101"}],"wp:attachment":[{"href":"https:\/\/viktoria-naturally.com\/en\/wp-json\/wp\/v2\/media?parent=9130"}],"wp:term":[{"taxonomy":"product_brand","embeddable":true,"href":"https:\/\/viktoria-naturally.com\/en\/wp-json\/wp\/v2\/product_brand?post=9130"},{"taxonomy":"product_cat","embeddable":true,"href":"https:\/\/viktoria-naturally.com\/en\/wp-json\/wp\/v2\/product_cat?post=9130"},{"taxonomy":"product_tag","embeddable":true,"href":"https:\/\/viktoria-naturally.com\/en\/wp-json\/wp\/v2\/product_tag?post=9130"}],"curies":[{"name":"wp","href":"https:\/\/api.w.org\/{rel}","templated":true}]}}